{"id":80,"date":"2021-02-09T12:01:36","date_gmt":"2021-02-09T11:01:36","guid":{"rendered":"http:\/\/confiotes.com\/?page_id=80"},"modified":"2022-12-27T21:44:30","modified_gmt":"2022-12-27T20:44:30","slug":"sucre","status":"publish","type":"page","link":"https:\/\/confiotes.com\/index.php\/sucre\/","title":{"rendered":"Sucr\u00e9"},"content":{"rendered":"<h1>Desserts \u00e0 l&#8217;assiette<\/h1>\n<h2><a href=\"http:\/\/confiotes.com\/index.php\/peche-melba\/\" target=\"_blank\" rel=\"noopener noreferrer\">P\u00eache Melba<\/a><\/h2>\n<h2><a href=\"http:\/\/confiotes.com\/index.php\/choux-praline\/\" target=\"_blank\" rel=\"noopener noreferrer\">Choux pralin\u00e9<\/a><\/h2>\n<h2><a href=\"http:\/\/confiotes.com\/index.php\/mont-blanc-revisite\/\" target=\"_blank\" rel=\"noopener noreferrer\">Mont Blanc revisit\u00e9<\/a><\/h2>\n<h2><a href=\"http:\/\/confiotes.com\/index.php\/pavlova-fruits-rouges\/\" target=\"_blank\" rel=\"noopener\">Pavlova bleue &#8211; blanc &#8211; rouge (fruits rouges)<\/a><\/h2>\n<h2><a href=\"http:\/\/confiotes.com\/index.php\/verrine-figue-noisette-pecan\/\" target=\"_blank\" rel=\"noopener\">Verrine figue &#8211; p\u00e9can &#8211; noisette &#8211; amande<\/a><\/h2>\n<h1>Entremets<\/h1>\n<h2><a href=\"http:\/\/confiotes.com\/index.php\/buche-de-noel-100-chocolat\/\" target=\"_blank\" rel=\"noopener noreferrer\">B\u00fbche de No\u00ebl &#8211; 100% chocolat<\/a><\/h2>\n<h2><a href=\"http:\/\/confiotes.com\/index.php\/2022\/12\/21\/buche-de-noel-flocon-citron-noir-timut\/\" target=\"_blank\" rel=\"noopener\">B\u00fbche de No\u00ebl flocon &#8211; Citron noir &amp; Timut<\/a><\/h2>\n<h2><a href=\"http:\/\/confiotes.com\/index.php\/buche-st-honore\/\" target=\"_blank\" rel=\"noopener noreferrer\">B\u00fbche St Honor\u00e9<\/a><\/h2>\n<h2><a href=\"http:\/\/confiotes.com\/wp-admin\/post.php?post=4484&amp;action=edit\" target=\"_blank\" rel=\"noopener\">B\u00fbche bonnet de P\u00e8re No\u00ebl &#8211; Marrons, citrons, noisettes<\/a><\/h2>\n<h2><a href=\"http:\/\/confiotes.com\/index.php\/cheesecake-pamplemousse-francois-perret\/\" target=\"_blank\" rel=\"noopener noreferrer\">Cheesecake pamplemousse &#8211; Fran\u00e7ois Perret<\/a><\/h2>\n<h2><a href=\"http:\/\/confiotes.com\/index.php\/citron-2-0-cedric-grolet\/\" target=\"_blank\" rel=\"noopener noreferrer\">Citron 2.0 &#8211; C\u00e9dric Grolet<\/a><\/h2>\n<h2><a href=\"http:\/\/confiotes.com\/index.php\/entremet-1k-noisette-yuzu\/\" target=\"_blank\" rel=\"noopener noreferrer\">Entremet 1K : noisette &#8211; yuzu<\/a><\/h2>\n<h2><a href=\"http:\/\/confiotes.com\/index.php\/entremet-chocolat-noisette\/\" target=\"_blank\" rel=\"noopener\">Entremet chocolat &#8211; noisette (B\u00fbche fa\u00e7on rondin de bois)<\/a><\/h2>\n<h2><a href=\"http:\/\/confiotes.com\/index.php\/fraisier-cedric-grolet\/\" target=\"_blank\" rel=\"noopener noreferrer\">Fraisier &#8211; C\u00e9dric Grolet<\/a><\/h2>\n<h2><a href=\"http:\/\/confiotes.com\/index.php\/fraise-coquelicot-cedric-grolet\/\" target=\"_blank\" rel=\"noopener\">Fraise &amp; Coquelicot &#8211; C\u00e9dric Grolet<\/a><\/h2>\n<h2><a href=\"http:\/\/confiotes.com\/index.php\/framboisier-cedric-grolet-opera\/\" target=\"_blank\" rel=\"noopener noreferrer\">Framboisier &#8211; C\u00e9dric Grolet Op\u00e9ra<\/a><\/h2>\n<h2><a href=\"http:\/\/confiotes.com\/index.php\/framboisier-2-0-cedric-grolet-opera\/\" target=\"_blank\" rel=\"noopener\">Framboisier 2.0 &#8211; C\u00e9dric Grolet Op\u00e9ra<\/a><\/h2>\n<h2><a href=\"http:\/\/confiotes.com\/index.php\/layer-cake-noisette-2-ans-maxime\/\" target=\"_blank\" rel=\"noopener noreferrer\">Layer cake noisette &#8211; 2 ans Maxime<\/a><\/h2>\n<h2><a href=\"http:\/\/confiotes.com\/index.php\/layer-cake-peppa-pig-fraise-vanille\/\" target=\"_blank\" rel=\"noopener\">Layer cake Peppa Pig &#8211; Fraise\/Vanille<\/a><\/h2>\n<h2><a href=\"http:\/\/confiotes.com\/index.php\/la-noisette-cedric-grolet\/\" target=\"_blank\" rel=\"noopener noreferrer\">Noisette &#8211; C\u00e9dric Grolet<\/a><\/h2>\n<h2><a href=\"http:\/\/confiotes.com\/index.php\/noisette-2-0-cedric-grolet\/\" target=\"_blank\" rel=\"noopener noreferrer\">Noisette 2.0 &#8211; C\u00e9dric Grolet<\/a><\/h2>\n<h2><a href=\"http:\/\/confiotes.com\/index.php\/noix-de-coco-sculptee-amaury-guichon\/\" target=\"_blank\" rel=\"noopener noreferrer\">Noix de coco sculpt\u00e9e &#8211; Amaury Guichon<\/a><\/h2>\n<h2><a href=\"http:\/\/confiotes.com\/index.php\/entremet-st-valentin-pamplemousse-litchi\/\" target=\"_blank\" rel=\"noopener noreferrer\">Entremet \u00a0St Valentin : pamplemousse &#8211; litchi et pointe de rose<\/a><\/h2>\n<h2><a href=\"http:\/\/confiotes.com\/index.php\/paris-brest-noisette\/\" target=\"_blank\" rel=\"noopener noreferrer\">Paris-Brest noisette<\/a><\/h2>\n<h2><a href=\"http:\/\/confiotes.com\/index.php\/pavlova-exotique-ananas-mange-passion\/\" target=\"_blank\" rel=\"noopener\">Pavlova exotique &#8211; Ananas, mangue, passion<\/a><\/h2>\n<h2><a href=\"http:\/\/confiotes.com\/index.php\/rubiks-cube-cedric-grolet\/\" target=\"_blank\" rel=\"noopener noreferrer\">Rubik&#8217;s cake &#8211; C\u00e9dric Grolet<\/a><\/h2>\n<h1>Go\u00fbter<\/h1>\n<h2><a href=\"http:\/\/confiotes.com\/index.php\/banana-bread\/\" target=\"_blank\" rel=\"noopener noreferrer\">Banana bread<\/a><\/h2>\n<h2><a href=\"http:\/\/confiotes.com\/index.php\/chouquettes\/\" target=\"_blank\" rel=\"noopener noreferrer\">Chouquettes<\/a><\/h2>\n<h2><a href=\"http:\/\/confiotes.com\/index.php\/chouquettes-vanille-olivier-laine-ritz-escoffier\/\" target=\"_blank\" rel=\"noopener noreferrer\">Chouquettes vanille &#8211; Olivier Lain\u00e9 \/ Ritz Escoffier<\/a><\/h2>\n<h2><a href=\"http:\/\/confiotes.com\/index.php\/cookies-noix-et-chocolat-levain-bakery\/\" target=\"_blank\" rel=\"noopener noreferrer\">Cookies noix et chocolat &#8211; Levain Bakery<\/a><\/h2>\n<h2><a href=\"http:\/\/confiotes.com\/index.php\/crepes-de-maman-pimpees\/\" target=\"_blank\" rel=\"noopener noreferrer\">Cr\u00eapes de maman pimp\u00e9es<\/a><\/h2>\n<h2><a href=\"http:\/\/confiotes.com\/index.php\/gateau-au-yaourt-au-citron\/\" target=\"_blank\" rel=\"noopener noreferrer\">G\u00e2teau au yaourt au citron<\/a><\/h2>\n<h2><a href=\"http:\/\/confiotes.com\/index.php\/muffins-myrtille\/\" target=\"_blank\" rel=\"noopener noreferrer\">Muffins myrtille<\/a><\/h2>\n<h1>Petit d\u00e9jeuner<\/h1>\n<h2><a href=\"http:\/\/confiotes.com\/index.php\/gaufres-cedric-grolet\/\" target=\"_blank\" rel=\"noopener noreferrer\">Gaufres &#8211; C\u00e9dric Grolet<\/a><\/h2>\n<h1>Recettes de base<\/h1>\n<h2><a href=\"http:\/\/confiotes.com\/?page_id=4708&amp;preview=true\" target=\"_blank\" rel=\"noopener\">P\u00e2te de caf\u00e9<\/a><\/h2>\n<h2><a href=\"http:\/\/confiotes.com\/index.php\/pate-de-noisettes\/\" target=\"_blank\" rel=\"noopener noreferrer\">P\u00e2te de noisette<\/a><\/h2>\n<h2><a href=\"http:\/\/confiotes.com\/?p=2149&amp;preview=true\" target=\"_blank\" rel=\"noopener noreferrer\">P\u00e2te d&#8217;amande maison &#8211; 50%<\/a><\/h2>\n<h2><a href=\"http:\/\/confiotes.com\/index.php\/praline-noisette\/\" target=\"_blank\" rel=\"noopener noreferrer\">Pralin\u00e9 noisette<\/a><\/h2>\n<h1>Recettes de grand m\u00e8res<\/h1>\n<h2><a href=\"http:\/\/confiotes.com\/index.php\/clafoutis\/\" target=\"_blank\" rel=\"noopener noreferrer\">Clafoutis<\/a><\/h2>\n<h2><a href=\"http:\/\/confiotes.com\/index.php\/creme-brulee-kevin-lacote\/\" target=\"_blank\" rel=\"noopener noreferrer\">Cr\u00e8me br\u00fbl\u00e9e &#8211; Inspiration Kevin Lacote<\/a><\/h2>\n<h2><a href=\"http:\/\/confiotes.com\/index.php\/creme-chocolat-christophe-felder\/\" target=\"_blank\" rel=\"noopener noreferrer\">Cr\u00e8mes chocolat &#8211; Christophe Felder<\/a><\/h2>\n<h2><a href=\"http:\/\/confiotes.com\/index.php\/eclairs-au-chocolat-francois-perret\/\" target=\"_blank\" rel=\"noopener noreferrer\">\u00c9clairs au chocolat &#8211; Fran\u00e7ois Perret<\/a><\/h2>\n<h2><a href=\"http:\/\/confiotes.com\/index.php\/flognarde-a-la-pomme\/\" target=\"_blank\" rel=\"noopener noreferrer\">Flognarde \u00e0 la pomme<\/a><\/h2>\n<h2><a href=\"http:\/\/confiotes.com\/index.php\/galette-des-rois-ferrandi\/\" target=\"_blank\" rel=\"noopener noreferrer\">Galette des rois &#8211; Ferrandi<\/a><\/h2>\n<h2><a href=\"http:\/\/confiotes.com\/index.php\/mousse-au-chocolat-cedric-grolet\/\" target=\"_blank\" rel=\"noopener noreferrer\">Mousse au chocolat &#8211; C\u00e9dric Grolet<\/a><\/h2>\n<h2><a href=\"http:\/\/confiotes.com\/index.php\/oeufs-au-lait\/\" target=\"_blank\" rel=\"noopener noreferrer\">Oeufs au lait<\/a><\/h2>\n<h2><a href=\"http:\/\/confiotes.com\/index.php\/tiramisu-cafe-amaretto\/\" target=\"_blank\" rel=\"noopener noreferrer\">Tiramis\u00f9 caf\u00e9-amaretto<\/a><\/h2>\n<h2><a href=\"http:\/\/confiotes.com\/index.php\/tiramisu-fruits-rouges\/\" target=\"_blank\" rel=\"noopener\">Tiramis\u00f9 fruits rouges<\/a><\/h2>\n<h2><a href=\"http:\/\/confiotes.com\/index.php\/verrine-chocolat-et-cacahuetes-caramelisees\/\" target=\"_blank\" rel=\"noopener noreferrer\">Verrine chocolat et cacahu\u00e8tes caram\u00e9lis\u00e9es<\/a><\/h2>\n<h1>Tartes<\/h1>\n<h2><a href=\"http:\/\/confiotes.com\/index.php\/aloha-tarte-chocolat-coco\/\" target=\"_blank\" rel=\"noopener noreferrer\">Aloha &#8211; Tarte chocolat\/coco<\/a><\/h2>\n<h2><a href=\"http:\/\/confiotes.com\/index.php\/maaafin-pie-tarte-vanille-myrtille-basilic\/\" target=\"_blank\" rel=\"noopener noreferrer\">Maaafin Pie &#8211; Tarte vanille &#8211; myrtille &#8211; basilic<\/a><\/h2>\n<h2><a href=\"http:\/\/confiotes.com\/index.php\/tarte-ananas-citrons-menthe\/\" target=\"_blank\" rel=\"noopener\">Tarte Ananas &#8211; Citrons &#8211; Menthe<\/a><\/h2>\n<h2><a href=\"http:\/\/confiotes.com\/index.php\/tarte-au-cafe-inspiration-cg\/\" target=\"_blank\" rel=\"noopener noreferrer\">Tarte au caf\u00e9 &#8211; Inspiration C\u00e9dric Grolet<\/a><\/h2>\n<h2><a href=\"http:\/\/confiotes.com\/index.php\/tarte-au-cafe-2-0\/\" target=\"_blank\" rel=\"noopener\">Tarte au caf\u00e9 2.0<\/a><\/h2>\n<h2><a href=\"http:\/\/confiotes.com\/index.php\/tarte-aux-mures-facon-cheescake\/\" target=\"_blank\" rel=\"noopener noreferrer\">Tarte aux m\u00fbres fa\u00e7on cheescake<\/a><\/h2>\n<h2><a href=\"http:\/\/confiotes.com\/index.php\/fleur-de-myrtilles-basilic-vanille\/\" target=\"_blank\" rel=\"noopener\">Tarte fleur de myrtilles &#8211; basilic &#8211; vanille<\/a><\/h2>\n<h2><a href=\"http:\/\/confiotes.com\/index.php\/tarte-romane-figue-noisette-pecan-amande\/\" target=\"_blank\" rel=\"noopener\">Tarte Romane &#8211; Figue &#8211; Noisette &#8211; P\u00e9can &#8211; Amande<\/a><\/h2>\n<h2><a href=\"http:\/\/confiotes.com\/index.php\/tarte-tatin\/\" target=\"_blank\" rel=\"noopener noreferrer\">Tarte Tatin<\/a><\/h2>\n<h2><a href=\"http:\/\/confiotes.com\/index.php\/tarte-100-vanille\/\" target=\"_blank\" rel=\"noopener noreferrer\">Tarte 100% vanille &#8211; Inspiration C\u00e9dric Grolet<\/a><\/h2>\n<h2><a href=\"http:\/\/confiotes.com\/index.php\/tarte-vanille-peches-pointe-de-menthe\/\" target=\"_blank\" rel=\"noopener\">Tarte vanille &#8211; P\u00eache &#8211; touche de menthe<\/a><\/h2>\n<h2><a href=\"http:\/\/confiotes.com\/index.php\/tarte-yuzu-menthe-citron-timut\/\" target=\"_blank\" rel=\"noopener\">Tarte Yuzu &#8211; Menthe &#8211; Citron &#8211; Timut<\/a><\/h2>\n<p>&nbsp;<\/p>\n<style>.pf-button.pf-button-excerpt { display: none; }<\/style>","protected":false},"excerpt":{"rendered":"<p>Desserts \u00e0 l&#8217;assiette P\u00eache Melba Choux pralin\u00e9 Mont Blanc revisit\u00e9 Pavlova bleue &#8211; blanc &#8211; rouge (fruits rouges) Verrine figue &#8211; p\u00e9can &#8211; noisette &#8211; amande Entremets B\u00fbche de No\u00ebl &#8211; 100% chocolat B\u00fbche de No\u00ebl flocon &#8211; Citron noir &amp; Timut B\u00fbche St Honor\u00e9 B\u00fbche bonnet de P\u00e8re No\u00ebl &#8211; Marrons, citrons, noisettes Cheesecake pamplemousse &#8211; Fran\u00e7ois Perret Citron 2.0 &#8211; C\u00e9dric Grolet Entremet 1K : noisette &#8211; yuzu Entremet chocolat &#8211; noisette (B\u00fbche fa\u00e7on rondin de bois) Fraisier &#8211; C\u00e9dric Grolet Fraise &amp;&#8230;<span class=\"clearfix clearfix-post\"><\/span><a href=\"https:\/\/confiotes.com\/index.php\/sucre\/\" class=\"more-link\">Lire la suite de <span class=\"screen-reader-text\">&#8220;Sucr\u00e9&#8221;<\/span> <span class=\"meta-nav\">&rarr;<\/span><\/a><\/p>\n","protected":false},"author":1,"featured_media":0,"parent":0,"menu_order":0,"comment_status":"closed","ping_status":"closed","template":"","meta":[],"yoast_head":"<!-- This site is optimized with the Yoast SEO plugin v16.9 - https:\/\/yoast.com\/wordpress\/plugins\/seo\/ -->\n<title>Sucr\u00e9 &ndash; Confiotes<\/title>\n<meta name=\"robots\" content=\"index, follow, max-snippet:-1, max-image-preview:large, max-video-preview:-1\" \/>\n<link rel=\"canonical\" href=\"http:\/\/confiotes.com\/index.php\/sucre\/\" \/>\n<meta property=\"og:locale\" content=\"fr_FR\" \/>\n<meta property=\"og:type\" content=\"article\" \/>\n<meta property=\"og:title\" content=\"Sucr\u00e9 &ndash; Confiotes\" \/>\n<meta property=\"og:description\" content=\"Desserts \u00e0 l&#8217;assiette P\u00eache Melba Choux pralin\u00e9 Mont Blanc revisit\u00e9 Pavlova bleue &#8211; blanc &#8211; rouge (fruits rouges) Verrine figue &#8211; p\u00e9can &#8211; noisette &#8211; amande Entremets B\u00fbche de No\u00ebl &#8211; 100% chocolat B\u00fbche de No\u00ebl flocon &#8211; Citron noir &amp; Timut B\u00fbche St Honor\u00e9 B\u00fbche bonnet de P\u00e8re No\u00ebl &#8211; Marrons, citrons, noisettes Cheesecake pamplemousse &#8211; Fran\u00e7ois Perret Citron 2.0 &#8211; C\u00e9dric Grolet Entremet 1K : noisette &#8211; yuzu Entremet chocolat &#8211; noisette (B\u00fbche fa\u00e7on rondin de bois) Fraisier &#8211; C\u00e9dric Grolet Fraise &amp;...Lire la suite de &quot;Sucr\u00e9&quot; &rarr;\" \/>\n<meta property=\"og:url\" content=\"http:\/\/confiotes.com\/index.php\/sucre\/\" \/>\n<meta property=\"og:site_name\" content=\"Confiotes\" \/>\n<meta property=\"article:modified_time\" content=\"2022-12-27T20:44:30+00:00\" \/>\n<meta name=\"twitter:card\" content=\"summary_large_image\" \/>\n<meta name=\"twitter:label1\" content=\"Dur\u00e9e de lecture est.\" \/>\n\t<meta name=\"twitter:data1\" content=\"2 minutes\" \/>\n<script type=\"application\/ld+json\" class=\"yoast-schema-graph\">{\"@context\":\"https:\/\/schema.org\",\"@graph\":[{\"@type\":[\"Person\",\"Organization\"],\"@id\":\"http:\/\/confiotes.com\/#\/schema\/person\/7314aa61a7f8034206f5db781e7d0921\",\"name\":\"confiotes\",\"image\":{\"@type\":\"ImageObject\",\"@id\":\"http:\/\/confiotes.com\/#personlogo\",\"inLanguage\":\"fr-FR\",\"url\":\"https:\/\/secure.gravatar.com\/avatar\/ba1906d35504a1ae9c6b70a24b38e06d?s=96&d=blank&r=g\",\"contentUrl\":\"https:\/\/secure.gravatar.com\/avatar\/ba1906d35504a1ae9c6b70a24b38e06d?s=96&d=blank&r=g\",\"caption\":\"confiotes\"},\"logo\":{\"@id\":\"http:\/\/confiotes.com\/#personlogo\"}},{\"@type\":\"WebSite\",\"@id\":\"http:\/\/confiotes.com\/#website\",\"url\":\"http:\/\/confiotes.com\/\",\"name\":\"Confiotes\",\"description\":\"&quot;Les optimistes et les gourmands vivent plus longtemps&quot; - Jean Anthelme Brillat-Savarin\",\"publisher\":{\"@id\":\"http:\/\/confiotes.com\/#\/schema\/person\/7314aa61a7f8034206f5db781e7d0921\"},\"potentialAction\":[{\"@type\":\"SearchAction\",\"target\":{\"@type\":\"EntryPoint\",\"urlTemplate\":\"http:\/\/confiotes.com\/?s={search_term_string}\"},\"query-input\":\"required name=search_term_string\"}],\"inLanguage\":\"fr-FR\"},{\"@type\":\"WebPage\",\"@id\":\"http:\/\/confiotes.com\/index.php\/sucre\/#webpage\",\"url\":\"http:\/\/confiotes.com\/index.php\/sucre\/\",\"name\":\"Sucr\\u00e9 &ndash; Confiotes\",\"isPartOf\":{\"@id\":\"http:\/\/confiotes.com\/#website\"},\"datePublished\":\"2021-02-09T11:01:36+00:00\",\"dateModified\":\"2022-12-27T20:44:30+00:00\",\"breadcrumb\":{\"@id\":\"http:\/\/confiotes.com\/index.php\/sucre\/#breadcrumb\"},\"inLanguage\":\"fr-FR\",\"potentialAction\":[{\"@type\":\"ReadAction\",\"target\":[\"http:\/\/confiotes.com\/index.php\/sucre\/\"]}]},{\"@type\":\"BreadcrumbList\",\"@id\":\"http:\/\/confiotes.com\/index.php\/sucre\/#breadcrumb\",\"itemListElement\":[{\"@type\":\"ListItem\",\"position\":1,\"name\":\"Accueil\",\"item\":\"http:\/\/confiotes.com\/\"},{\"@type\":\"ListItem\",\"position\":2,\"name\":\"Sucr\\u00e9\"}]}]}<\/script>\n<!-- \/ Yoast SEO plugin. -->","yoast_head_json":{"title":"Sucr\u00e9 &ndash; Confiotes","robots":{"index":"index","follow":"follow","max-snippet":"max-snippet:-1","max-image-preview":"max-image-preview:large","max-video-preview":"max-video-preview:-1"},"canonical":"http:\/\/confiotes.com\/index.php\/sucre\/","og_locale":"fr_FR","og_type":"article","og_title":"Sucr\u00e9 &ndash; Confiotes","og_description":"Desserts \u00e0 l&#8217;assiette P\u00eache Melba Choux pralin\u00e9 Mont Blanc revisit\u00e9 Pavlova bleue &#8211; blanc &#8211; rouge (fruits rouges) Verrine figue &#8211; p\u00e9can &#8211; noisette &#8211; amande Entremets B\u00fbche de No\u00ebl &#8211; 100% chocolat B\u00fbche de No\u00ebl flocon &#8211; Citron noir &amp; Timut B\u00fbche St Honor\u00e9 B\u00fbche bonnet de P\u00e8re No\u00ebl &#8211; Marrons, citrons, noisettes Cheesecake pamplemousse &#8211; Fran\u00e7ois Perret Citron 2.0 &#8211; C\u00e9dric Grolet Entremet 1K : noisette &#8211; yuzu Entremet chocolat &#8211; noisette (B\u00fbche fa\u00e7on rondin de bois) Fraisier &#8211; C\u00e9dric Grolet Fraise &amp;...Lire la suite de \"Sucr\u00e9\" &rarr;","og_url":"http:\/\/confiotes.com\/index.php\/sucre\/","og_site_name":"Confiotes","article_modified_time":"2022-12-27T20:44:30+00:00","twitter_card":"summary_large_image","twitter_misc":{"Dur\u00e9e de lecture est.":"2 minutes"},"schema":{"@context":"https:\/\/schema.org","@graph":[{"@type":["Person","Organization"],"@id":"http:\/\/confiotes.com\/#\/schema\/person\/7314aa61a7f8034206f5db781e7d0921","name":"confiotes","image":{"@type":"ImageObject","@id":"http:\/\/confiotes.com\/#personlogo","inLanguage":"fr-FR","url":"https:\/\/secure.gravatar.com\/avatar\/ba1906d35504a1ae9c6b70a24b38e06d?s=96&d=blank&r=g","contentUrl":"https:\/\/secure.gravatar.com\/avatar\/ba1906d35504a1ae9c6b70a24b38e06d?s=96&d=blank&r=g","caption":"confiotes"},"logo":{"@id":"http:\/\/confiotes.com\/#personlogo"}},{"@type":"WebSite","@id":"http:\/\/confiotes.com\/#website","url":"http:\/\/confiotes.com\/","name":"Confiotes","description":"&quot;Les optimistes et les gourmands vivent plus longtemps&quot; - Jean Anthelme Brillat-Savarin","publisher":{"@id":"http:\/\/confiotes.com\/#\/schema\/person\/7314aa61a7f8034206f5db781e7d0921"},"potentialAction":[{"@type":"SearchAction","target":{"@type":"EntryPoint","urlTemplate":"http:\/\/confiotes.com\/?s={search_term_string}"},"query-input":"required name=search_term_string"}],"inLanguage":"fr-FR"},{"@type":"WebPage","@id":"http:\/\/confiotes.com\/index.php\/sucre\/#webpage","url":"http:\/\/confiotes.com\/index.php\/sucre\/","name":"Sucr\u00e9 &ndash; Confiotes","isPartOf":{"@id":"http:\/\/confiotes.com\/#website"},"datePublished":"2021-02-09T11:01:36+00:00","dateModified":"2022-12-27T20:44:30+00:00","breadcrumb":{"@id":"http:\/\/confiotes.com\/index.php\/sucre\/#breadcrumb"},"inLanguage":"fr-FR","potentialAction":[{"@type":"ReadAction","target":["http:\/\/confiotes.com\/index.php\/sucre\/"]}]},{"@type":"BreadcrumbList","@id":"http:\/\/confiotes.com\/index.php\/sucre\/#breadcrumb","itemListElement":[{"@type":"ListItem","position":1,"name":"Accueil","item":"http:\/\/confiotes.com\/"},{"@type":"ListItem","position":2,"name":"Sucr\u00e9"}]}]}},"_links":{"self":[{"href":"https:\/\/confiotes.com\/index.php\/wp-json\/wp\/v2\/pages\/80"}],"collection":[{"href":"https:\/\/confiotes.com\/index.php\/wp-json\/wp\/v2\/pages"}],"about":[{"href":"https:\/\/confiotes.com\/index.php\/wp-json\/wp\/v2\/types\/page"}],"author":[{"embeddable":true,"href":"https:\/\/confiotes.com\/index.php\/wp-json\/wp\/v2\/users\/1"}],"replies":[{"embeddable":true,"href":"https:\/\/confiotes.com\/index.php\/wp-json\/wp\/v2\/comments?post=80"}],"version-history":[{"count":95,"href":"https:\/\/confiotes.com\/index.php\/wp-json\/wp\/v2\/pages\/80\/revisions"}],"predecessor-version":[{"id":4941,"href":"https:\/\/confiotes.com\/index.php\/wp-json\/wp\/v2\/pages\/80\/revisions\/4941"}],"wp:attachment":[{"href":"https:\/\/confiotes.com\/index.php\/wp-json\/wp\/v2\/media?parent=80"}],"curies":[{"name":"wp","href":"https:\/\/api.w.org\/{rel}","templated":true}]}}