{"id":4708,"date":"2022-05-08T16:59:39","date_gmt":"2022-05-08T14:59:39","guid":{"rendered":"http:\/\/confiotes.com\/?page_id=4708"},"modified":"2022-05-08T16:59:39","modified_gmt":"2022-05-08T14:59:39","slug":"pate-de-cafe","status":"publish","type":"page","link":"https:\/\/confiotes.com\/index.php\/pate-de-cafe\/","title":{"rendered":"P\u00e2te de caf\u00e9"},"content":{"rendered":"<h3>P\u00c2TE DE CAF\u00c9<\/h3>\n<ul>\n<li>150g de grains de caf\u00e9<\/li>\n<li>25g de sucre glace<\/li>\n<li>80g d&#8217;huile de p\u00e9pin de raisins<\/li>\n<\/ul>\n<p>Dans un blender <span style=\"color: #bf4518;\">(donc pas comme sur la premi\u00e8re photo car j&#8217;ai finalement fini au blender)<\/span> mettre <strong>150g<\/strong> de grains de caf\u00e9, <strong><span style=\"color: #333333;\">25g <\/span><\/strong>de sucre glace et <span style=\"color: #333333;\"><strong>80g<\/strong><\/span> d&#8217;huile de p\u00e9pins de raisin <span style=\"color: #bf4518;\">(on utilise cette huile car elle n&#8217;apporte pas de go\u00fbt, juste du liant)<\/span>.<\/p>\n<p><img loading=\"lazy\" class=\"alignnone size-medium wp-image-247\" src=\"http:\/\/confiotes.com\/wp-content\/uploads\/2019\/08\/IMG_0938-e1564925320999-300x300.jpg\" alt=\"\" width=\"300\" height=\"300\" srcset=\"https:\/\/confiotes.com\/wp-content\/uploads\/2019\/08\/IMG_0938-e1564925320999-300x300.jpg 300w, https:\/\/confiotes.com\/wp-content\/uploads\/2019\/08\/IMG_0938-e1564925320999-150x150.jpg 150w, https:\/\/confiotes.com\/wp-content\/uploads\/2019\/08\/IMG_0938-e1564925320999-768x768.jpg 768w, https:\/\/confiotes.com\/wp-content\/uploads\/2019\/08\/IMG_0938-e1564925320999-1024x1024.jpg 1024w\" sizes=\"(max-width: 300px) 100vw, 300px\" \/><img loading=\"lazy\" class=\"alignnone size-medium wp-image-248\" src=\"http:\/\/confiotes.com\/wp-content\/uploads\/2019\/08\/IMG_0939-e1564925338195-300x300.jpg\" alt=\"\" width=\"300\" height=\"300\" srcset=\"https:\/\/confiotes.com\/wp-content\/uploads\/2019\/08\/IMG_0939-e1564925338195-300x300.jpg 300w, https:\/\/confiotes.com\/wp-content\/uploads\/2019\/08\/IMG_0939-e1564925338195-150x150.jpg 150w, https:\/\/confiotes.com\/wp-content\/uploads\/2019\/08\/IMG_0939-e1564925338195-768x768.jpg 768w, https:\/\/confiotes.com\/wp-content\/uploads\/2019\/08\/IMG_0939-e1564925338195-1024x1024.jpg 1024w\" sizes=\"(max-width: 300px) 100vw, 300px\" \/><\/p>\n<p>Une fois que vous avez obtenu la p\u00e2te de caf\u00e9 comme sur la photo de droite, vous pouvez r\u00e9server dans un bocal au frigo, \u00e7a se garde plusieurs mois.<\/p>\n<style>.pf-button.pf-button-excerpt { display: none; }<\/style>","protected":false},"excerpt":{"rendered":"<p>P\u00c2TE DE CAF\u00c9 150g de grains de caf\u00e9 25g de sucre glace 80g d&#8217;huile de p\u00e9pin de raisins Dans un blender (donc pas comme sur la premi\u00e8re photo car j&#8217;ai finalement fini au blender) mettre 150g de grains de caf\u00e9, 25g de sucre glace et 80g d&#8217;huile de p\u00e9pins de raisin (on utilise cette huile car elle n&#8217;apporte pas de go\u00fbt, juste du liant). Une fois que vous avez obtenu la p\u00e2te de caf\u00e9 comme sur la photo de droite, vous pouvez r\u00e9server dans un&#8230;<span class=\"clearfix clearfix-post\"><\/span><a href=\"https:\/\/confiotes.com\/index.php\/pate-de-cafe\/\" class=\"more-link\">Lire la suite de <span class=\"screen-reader-text\">&#8220;P\u00e2te de caf\u00e9&#8221;<\/span> <span class=\"meta-nav\">&rarr;<\/span><\/a><\/p>\n","protected":false},"author":1,"featured_media":4709,"parent":0,"menu_order":0,"comment_status":"open","ping_status":"open","template":"","meta":[],"yoast_head":"<!-- This site is optimized with the Yoast SEO plugin v16.9 - https:\/\/yoast.com\/wordpress\/plugins\/seo\/ -->\n<title>P\u00e2te de caf\u00e9 &ndash; Confiotes<\/title>\n<meta name=\"robots\" content=\"index, follow, max-snippet:-1, max-image-preview:large, max-video-preview:-1\" \/>\n<link rel=\"canonical\" href=\"https:\/\/confiotes.com\/index.php\/pate-de-cafe\/\" \/>\n<meta property=\"og:locale\" content=\"fr_FR\" \/>\n<meta property=\"og:type\" content=\"article\" \/>\n<meta property=\"og:title\" content=\"P\u00e2te de caf\u00e9 &ndash; Confiotes\" \/>\n<meta property=\"og:description\" content=\"P\u00c2TE DE CAF\u00c9 150g de grains de caf\u00e9 25g de sucre glace 80g d&#8217;huile de p\u00e9pin de raisins Dans un blender (donc pas comme sur la premi\u00e8re photo car j&#8217;ai finalement fini au blender) mettre 150g de grains de caf\u00e9, 25g de sucre glace et 80g d&#8217;huile de p\u00e9pins de raisin (on utilise cette huile car elle n&#8217;apporte pas de go\u00fbt, juste du liant). Une fois que vous avez obtenu la p\u00e2te de caf\u00e9 comme sur la photo de droite, vous pouvez r\u00e9server dans un...Lire la suite de &quot;P\u00e2te de caf\u00e9&quot; &rarr;\" \/>\n<meta property=\"og:url\" content=\"https:\/\/confiotes.com\/index.php\/pate-de-cafe\/\" \/>\n<meta property=\"og:site_name\" content=\"Confiotes\" \/>\n<meta property=\"og:image\" content=\"http:\/\/confiotes.com\/wp-content\/uploads\/2022\/05\/Image-08-05-2022-a-16.58.jpg\" \/>\n\t<meta property=\"og:image:width\" content=\"300\" \/>\n\t<meta property=\"og:image:height\" content=\"300\" \/>\n<meta name=\"twitter:card\" content=\"summary_large_image\" \/>\n<meta name=\"twitter:label1\" content=\"Dur\u00e9e de lecture est.\" \/>\n\t<meta name=\"twitter:data1\" content=\"1 minute\" \/>\n<script type=\"application\/ld+json\" class=\"yoast-schema-graph\">{\"@context\":\"https:\/\/schema.org\",\"@graph\":[{\"@type\":[\"Person\",\"Organization\"],\"@id\":\"http:\/\/confiotes.com\/#\/schema\/person\/7314aa61a7f8034206f5db781e7d0921\",\"name\":\"confiotes\",\"image\":{\"@type\":\"ImageObject\",\"@id\":\"http:\/\/confiotes.com\/#personlogo\",\"inLanguage\":\"fr-FR\",\"url\":\"https:\/\/secure.gravatar.com\/avatar\/ba1906d35504a1ae9c6b70a24b38e06d?s=96&d=blank&r=g\",\"contentUrl\":\"https:\/\/secure.gravatar.com\/avatar\/ba1906d35504a1ae9c6b70a24b38e06d?s=96&d=blank&r=g\",\"caption\":\"confiotes\"},\"logo\":{\"@id\":\"http:\/\/confiotes.com\/#personlogo\"}},{\"@type\":\"WebSite\",\"@id\":\"http:\/\/confiotes.com\/#website\",\"url\":\"http:\/\/confiotes.com\/\",\"name\":\"Confiotes\",\"description\":\"&quot;Les optimistes et les gourmands vivent plus longtemps&quot; - Jean Anthelme Brillat-Savarin\",\"publisher\":{\"@id\":\"http:\/\/confiotes.com\/#\/schema\/person\/7314aa61a7f8034206f5db781e7d0921\"},\"potentialAction\":[{\"@type\":\"SearchAction\",\"target\":{\"@type\":\"EntryPoint\",\"urlTemplate\":\"http:\/\/confiotes.com\/?s={search_term_string}\"},\"query-input\":\"required name=search_term_string\"}],\"inLanguage\":\"fr-FR\"},{\"@type\":\"ImageObject\",\"@id\":\"https:\/\/confiotes.com\/index.php\/pate-de-cafe\/#primaryimage\",\"inLanguage\":\"fr-FR\",\"url\":\"https:\/\/confiotes.com\/wp-content\/uploads\/2022\/05\/Image-08-05-2022-a-16.58.jpg\",\"contentUrl\":\"https:\/\/confiotes.com\/wp-content\/uploads\/2022\/05\/Image-08-05-2022-a-16.58.jpg\",\"width\":300,\"height\":300},{\"@type\":\"WebPage\",\"@id\":\"https:\/\/confiotes.com\/index.php\/pate-de-cafe\/#webpage\",\"url\":\"https:\/\/confiotes.com\/index.php\/pate-de-cafe\/\",\"name\":\"P\\u00e2te de caf\\u00e9 &ndash; Confiotes\",\"isPartOf\":{\"@id\":\"http:\/\/confiotes.com\/#website\"},\"primaryImageOfPage\":{\"@id\":\"https:\/\/confiotes.com\/index.php\/pate-de-cafe\/#primaryimage\"},\"datePublished\":\"2022-05-08T14:59:39+00:00\",\"dateModified\":\"2022-05-08T14:59:39+00:00\",\"breadcrumb\":{\"@id\":\"https:\/\/confiotes.com\/index.php\/pate-de-cafe\/#breadcrumb\"},\"inLanguage\":\"fr-FR\",\"potentialAction\":[{\"@type\":\"ReadAction\",\"target\":[\"https:\/\/confiotes.com\/index.php\/pate-de-cafe\/\"]}]},{\"@type\":\"BreadcrumbList\",\"@id\":\"https:\/\/confiotes.com\/index.php\/pate-de-cafe\/#breadcrumb\",\"itemListElement\":[{\"@type\":\"ListItem\",\"position\":1,\"name\":\"Accueil\",\"item\":\"http:\/\/confiotes.com\/\"},{\"@type\":\"ListItem\",\"position\":2,\"name\":\"P\\u00e2te de caf\\u00e9\"}]}]}<\/script>\n<!-- \/ Yoast SEO plugin. -->","yoast_head_json":{"title":"P\u00e2te de caf\u00e9 &ndash; Confiotes","robots":{"index":"index","follow":"follow","max-snippet":"max-snippet:-1","max-image-preview":"max-image-preview:large","max-video-preview":"max-video-preview:-1"},"canonical":"https:\/\/confiotes.com\/index.php\/pate-de-cafe\/","og_locale":"fr_FR","og_type":"article","og_title":"P\u00e2te de caf\u00e9 &ndash; Confiotes","og_description":"P\u00c2TE DE CAF\u00c9 150g de grains de caf\u00e9 25g de sucre glace 80g d&#8217;huile de p\u00e9pin de raisins Dans un blender (donc pas comme sur la premi\u00e8re photo car j&#8217;ai finalement fini au blender) mettre 150g de grains de caf\u00e9, 25g de sucre glace et 80g d&#8217;huile de p\u00e9pins de raisin (on utilise cette huile car elle n&#8217;apporte pas de go\u00fbt, juste du liant). Une fois que vous avez obtenu la p\u00e2te de caf\u00e9 comme sur la photo de droite, vous pouvez r\u00e9server dans un...Lire la suite de \"P\u00e2te de caf\u00e9\" &rarr;","og_url":"https:\/\/confiotes.com\/index.php\/pate-de-cafe\/","og_site_name":"Confiotes","og_image":[{"width":300,"height":300,"url":"http:\/\/confiotes.com\/wp-content\/uploads\/2022\/05\/Image-08-05-2022-a-16.58.jpg","path":"\/home\/confiotegd\/www\/wp-content\/uploads\/2022\/05\/Image-08-05-2022-a-16.58.jpg","size":"full","id":4709,"alt":"","pixels":90000,"type":"image\/jpeg"}],"twitter_card":"summary_large_image","twitter_misc":{"Dur\u00e9e de lecture est.":"1 minute"},"schema":{"@context":"https:\/\/schema.org","@graph":[{"@type":["Person","Organization"],"@id":"http:\/\/confiotes.com\/#\/schema\/person\/7314aa61a7f8034206f5db781e7d0921","name":"confiotes","image":{"@type":"ImageObject","@id":"http:\/\/confiotes.com\/#personlogo","inLanguage":"fr-FR","url":"https:\/\/secure.gravatar.com\/avatar\/ba1906d35504a1ae9c6b70a24b38e06d?s=96&d=blank&r=g","contentUrl":"https:\/\/secure.gravatar.com\/avatar\/ba1906d35504a1ae9c6b70a24b38e06d?s=96&d=blank&r=g","caption":"confiotes"},"logo":{"@id":"http:\/\/confiotes.com\/#personlogo"}},{"@type":"WebSite","@id":"http:\/\/confiotes.com\/#website","url":"http:\/\/confiotes.com\/","name":"Confiotes","description":"&quot;Les optimistes et les gourmands vivent plus longtemps&quot; - Jean Anthelme Brillat-Savarin","publisher":{"@id":"http:\/\/confiotes.com\/#\/schema\/person\/7314aa61a7f8034206f5db781e7d0921"},"potentialAction":[{"@type":"SearchAction","target":{"@type":"EntryPoint","urlTemplate":"http:\/\/confiotes.com\/?s={search_term_string}"},"query-input":"required name=search_term_string"}],"inLanguage":"fr-FR"},{"@type":"ImageObject","@id":"https:\/\/confiotes.com\/index.php\/pate-de-cafe\/#primaryimage","inLanguage":"fr-FR","url":"https:\/\/confiotes.com\/wp-content\/uploads\/2022\/05\/Image-08-05-2022-a-16.58.jpg","contentUrl":"https:\/\/confiotes.com\/wp-content\/uploads\/2022\/05\/Image-08-05-2022-a-16.58.jpg","width":300,"height":300},{"@type":"WebPage","@id":"https:\/\/confiotes.com\/index.php\/pate-de-cafe\/#webpage","url":"https:\/\/confiotes.com\/index.php\/pate-de-cafe\/","name":"P\u00e2te de caf\u00e9 &ndash; Confiotes","isPartOf":{"@id":"http:\/\/confiotes.com\/#website"},"primaryImageOfPage":{"@id":"https:\/\/confiotes.com\/index.php\/pate-de-cafe\/#primaryimage"},"datePublished":"2022-05-08T14:59:39+00:00","dateModified":"2022-05-08T14:59:39+00:00","breadcrumb":{"@id":"https:\/\/confiotes.com\/index.php\/pate-de-cafe\/#breadcrumb"},"inLanguage":"fr-FR","potentialAction":[{"@type":"ReadAction","target":["https:\/\/confiotes.com\/index.php\/pate-de-cafe\/"]}]},{"@type":"BreadcrumbList","@id":"https:\/\/confiotes.com\/index.php\/pate-de-cafe\/#breadcrumb","itemListElement":[{"@type":"ListItem","position":1,"name":"Accueil","item":"http:\/\/confiotes.com\/"},{"@type":"ListItem","position":2,"name":"P\u00e2te de caf\u00e9"}]}]}},"_links":{"self":[{"href":"https:\/\/confiotes.com\/index.php\/wp-json\/wp\/v2\/pages\/4708"}],"collection":[{"href":"https:\/\/confiotes.com\/index.php\/wp-json\/wp\/v2\/pages"}],"about":[{"href":"https:\/\/confiotes.com\/index.php\/wp-json\/wp\/v2\/types\/page"}],"author":[{"embeddable":true,"href":"https:\/\/confiotes.com\/index.php\/wp-json\/wp\/v2\/users\/1"}],"replies":[{"embeddable":true,"href":"https:\/\/confiotes.com\/index.php\/wp-json\/wp\/v2\/comments?post=4708"}],"version-history":[{"count":1,"href":"https:\/\/confiotes.com\/index.php\/wp-json\/wp\/v2\/pages\/4708\/revisions"}],"predecessor-version":[{"id":4710,"href":"https:\/\/confiotes.com\/index.php\/wp-json\/wp\/v2\/pages\/4708\/revisions\/4710"}],"wp:featuredmedia":[{"embeddable":true,"href":"https:\/\/confiotes.com\/index.php\/wp-json\/wp\/v2\/media\/4709"}],"wp:attachment":[{"href":"https:\/\/confiotes.com\/index.php\/wp-json\/wp\/v2\/media?parent=4708"}],"curies":[{"name":"wp","href":"https:\/\/api.w.org\/{rel}","templated":true}]}}