{"id":4525,"date":"2022-01-04T16:14:28","date_gmt":"2022-01-04T15:14:28","guid":{"rendered":"http:\/\/confiotes.com\/?page_id=4525"},"modified":"2022-02-04T16:46:28","modified_gmt":"2022-02-04T15:46:28","slug":"pavlova-exotique-ananas-mange-passion","status":"publish","type":"page","link":"https:\/\/confiotes.com\/index.php\/pavlova-exotique-ananas-mange-passion\/","title":{"rendered":"Pavlova exotique &#8211; Ananas, mange, passion"},"content":{"rendered":"<p>La Pavlova! Un grand classique de la p\u00e2tisserie. Un art auquel je ne me suis pas encore essay\u00e9e n&#8217;\u00e9tant pas une fana de meringue. Ce soir j&#8217;ai d\u00eener raclette&#8230; alors j&#8217;ai d\u00e9cid\u00e9 de faire l\u00e9ger pour le dessert&#8230; quoi de mieux qu&#8217;une Pavlova? En plein hiver j&#8217;ai choisi la version exotique mais c&#8217;est tout aussi d\u00e9licieux en \u00e9t\u00e9 avec les fruits rouges.<\/p>\n<div>\n<h3>COMPOSITION<\/h3>\n<ul>\n<li>Meringue<\/li>\n<li>Chantilly vanille<\/li>\n<li>Compot\u00e9e de fruits exotiques<\/li>\n<li>Ananas frais<\/li>\n<li>Mangue fra\u00eeche<\/li>\n<li>Fruit de la passion<\/li>\n<li>Feuilles de menthe<\/li>\n<\/ul>\n<h1>J-1<\/h1>\n<h3>COMPOT\u00c9E EXOTIQUE J-1<\/h3>\n<ul>\n<li>5g de sucre<\/li>\n<li>1g d&#8217;agar agar<\/li>\n<li>60g de pur\u00e9e d&#8217;ananas<\/li>\n<li>90g de pur\u00e9e de mangue<\/li>\n<li>30g de pur\u00e9e de fruit de la passion<\/li>\n<\/ul>\n<p>M\u00e9langez\u00a0<span style=\"color: #bf4500;\"><strong><span style=\"color: #333333;\">7g\u00a0<\/span><\/strong><\/span>de sucre avec <span style=\"color: #333333;\"><strong>2g<\/strong><\/span> d&#8217;agar agar.<\/p>\n<p><img loading=\"lazy\" class=\"alignnone size-medium wp-image-374\" src=\"http:\/\/confiotes.com\/wp-content\/uploads\/2019\/08\/IMG_6801-e1565351532905-300x300.jpg\" alt=\"\" width=\"300\" height=\"300\" srcset=\"https:\/\/confiotes.com\/wp-content\/uploads\/2019\/08\/IMG_6801-e1565351532905-300x300.jpg 300w, https:\/\/confiotes.com\/wp-content\/uploads\/2019\/08\/IMG_6801-e1565351532905-150x150.jpg 150w, https:\/\/confiotes.com\/wp-content\/uploads\/2019\/08\/IMG_6801-e1565351532905-768x768.jpg 768w, https:\/\/confiotes.com\/wp-content\/uploads\/2019\/08\/IMG_6801-e1565351532905-1024x1024.jpg 1024w\" sizes=\"(max-width: 300px) 100vw, 300px\" \/><\/p>\n<p>Dans une casserole, portez \u00e0 <strong>40\u00b0C<\/strong> les\u00a0<strong>60g<\/strong> de pur\u00e9e d&#8217;ananas, <strong>90g<\/strong> de pur\u00e9e de mangue et <span style=\"color: #333333;\"><strong>30g <\/strong><\/span>de pur\u00e9e de passion. \u00c0\u00a0<strong>40\u00b0C<\/strong> ajoutez le m\u00e9lange sucre-agar agar. Fouettez pour homog\u00e9n\u00e9iser puis portez rapidement \u00e0 \u00e9bullition.<\/p>\n<p><img loading=\"lazy\" class=\"alignnone size-medium wp-image-375\" src=\"http:\/\/confiotes.com\/wp-content\/uploads\/2019\/08\/IMG_6802-e1565351548780-300x300.jpg\" alt=\"\" width=\"300\" height=\"300\" srcset=\"https:\/\/confiotes.com\/wp-content\/uploads\/2019\/08\/IMG_6802-e1565351548780-300x300.jpg 300w, https:\/\/confiotes.com\/wp-content\/uploads\/2019\/08\/IMG_6802-e1565351548780-150x150.jpg 150w, https:\/\/confiotes.com\/wp-content\/uploads\/2019\/08\/IMG_6802-e1565351548780-768x768.jpg 768w, https:\/\/confiotes.com\/wp-content\/uploads\/2019\/08\/IMG_6802-e1565351548780-1024x1024.jpg 1024w\" sizes=\"(max-width: 300px) 100vw, 300px\" \/><\/p>\n<p>D\u00e9barrassez le tout dans une poche puis laisser reposer quelques heures le temps que la pr\u00e9paration reviennent \u00e0 temp\u00e9rature ambiante puis mettez au frigo.<\/p>\n<h3>CHANTILLY VANILLE J-1<\/h3>\n<ul>\n<li>2g de g\u00e9latine<\/li>\n<li>430g de cr\u00e8me liquide<\/li>\n<li>1 gousse vanille<\/li>\n<li>1 sachet de sucre vanill\u00e9<\/li>\n<li>45g de mascarpone<\/li>\n<\/ul>\n<\/div>\n<p>Faites gonfler <strong>2g<\/strong> de g\u00e9latine dans de l&#8217;eau bien froide.<\/p>\n<p><img loading=\"lazy\" class=\"alignnone size-medium wp-image-1693\" src=\"http:\/\/confiotes.com\/wp-content\/uploads\/2020\/01\/IMG_5527-300x300.jpg\" alt=\"\" width=\"300\" height=\"300\" srcset=\"https:\/\/confiotes.com\/wp-content\/uploads\/2020\/01\/IMG_5527-300x300.jpg 300w, https:\/\/confiotes.com\/wp-content\/uploads\/2020\/01\/IMG_5527-150x150.jpg 150w, https:\/\/confiotes.com\/wp-content\/uploads\/2020\/01\/IMG_5527-768x768.jpg 768w, https:\/\/confiotes.com\/wp-content\/uploads\/2020\/01\/IMG_5527-1024x1024.jpg 1024w\" sizes=\"(max-width: 300px) 100vw, 300px\" \/><\/p>\n<p>Dans une casserole, faites chauffer <strong>130g<\/strong> de cr\u00e8me avec <strong>la gousse<\/strong> de vanille fendue ainsi que <strong>le sachet<\/strong> de sucre vanill\u00e9.<\/p>\n<p><img loading=\"lazy\" class=\"alignnone size-medium wp-image-2339\" src=\"http:\/\/confiotes.com\/wp-content\/uploads\/2020\/04\/IMG_8984-300x300.jpg\" alt=\"\" width=\"300\" height=\"300\" srcset=\"https:\/\/confiotes.com\/wp-content\/uploads\/2020\/04\/IMG_8984-300x300.jpg 300w, https:\/\/confiotes.com\/wp-content\/uploads\/2020\/04\/IMG_8984-1024x1024.jpg 1024w, https:\/\/confiotes.com\/wp-content\/uploads\/2020\/04\/IMG_8984-150x150.jpg 150w, https:\/\/confiotes.com\/wp-content\/uploads\/2020\/04\/IMG_8984-768x768.jpg 768w, https:\/\/confiotes.com\/wp-content\/uploads\/2020\/04\/IMG_8984-1536x1536.jpg 1536w, https:\/\/confiotes.com\/wp-content\/uploads\/2020\/04\/IMG_8984-2048x2048.jpg 2048w\" sizes=\"(max-width: 300px) 100vw, 300px\" \/><\/p>\n<p>Dans un pichet mettez <strong>45g<\/strong> de mascarpone et la g\u00e9latine essor\u00e9e.<\/p>\n<p>Versez dessus la cr\u00e8me chaude en ayant enlev\u00e9 la vanille au pr\u00e9alable. Mixez le tout, ajoutez les <strong>300g<\/strong> de cr\u00e8me restante et mixez \u00e0 nouveau.<\/p>\n<p><img loading=\"lazy\" class=\"alignnone size-medium wp-image-2066\" src=\"http:\/\/confiotes.com\/wp-content\/uploads\/2020\/03\/IMG_7019-300x300.jpg\" alt=\"\" width=\"300\" height=\"300\" srcset=\"https:\/\/confiotes.com\/wp-content\/uploads\/2020\/03\/IMG_7019-300x300.jpg 300w, https:\/\/confiotes.com\/wp-content\/uploads\/2020\/03\/IMG_7019-150x150.jpg 150w, https:\/\/confiotes.com\/wp-content\/uploads\/2020\/03\/IMG_7019-768x768.jpg 768w, https:\/\/confiotes.com\/wp-content\/uploads\/2020\/03\/IMG_7019-1024x1024.jpg 1024w\" sizes=\"(max-width: 300px) 100vw, 300px\" \/><\/p>\n<p>R\u00e9servez au frais au moins <strong>12h<\/strong>.<\/p>\n<h1>JOUR J<\/h1>\n<h3>MERINGUE<\/h3>\n<ul>\n<li class=\"separator\">200g de sucre semoule<\/li>\n<li class=\"separator\">12g de ma\u00efzena<\/li>\n<li class=\"separator\">8g de jus de citron<\/li>\n<li>125g de blancs d&#8217;oeufs temp\u00e9r\u00e9s<\/li>\n<\/ul>\n<p>Pr\u00e9chauffez le four chaleur tournante \u00e0 <strong>95\u00b0C<\/strong>.<\/p>\n<p><strong>Recette la plus simple du monde<\/strong> : Tout dans le batteur et on fouette <strong>4min<\/strong> \u00e0 vitesse max. <span style=\"color: #bf4508;\">J&#8217;ai tir\u00e9 cette recette du blog <a href=\"https:\/\/www.cestmafournee.com\/2018\/10\/la-pavlova-aux-fruits-rouges.html\" target=\"_blank\" rel=\"noopener noreferrer\">C&#8217;est Ma Fourn\u00e9e<\/a>. ENFIN une meringue a\u00e9rienne et peu sucr\u00e9e!! Moi qui n&#8217;aime pas trop \u00e7a.<\/span><\/p>\n<p><img loading=\"lazy\" class=\"alignnone size-medium wp-image-2465\" src=\"http:\/\/confiotes.com\/wp-content\/uploads\/2020\/05\/IMG_9208-300x300.jpg\" alt=\"\" width=\"300\" height=\"300\" srcset=\"https:\/\/confiotes.com\/wp-content\/uploads\/2020\/05\/IMG_9208-300x300.jpg 300w, https:\/\/confiotes.com\/wp-content\/uploads\/2020\/05\/IMG_9208-1024x1024.jpg 1024w, https:\/\/confiotes.com\/wp-content\/uploads\/2020\/05\/IMG_9208-150x150.jpg 150w, https:\/\/confiotes.com\/wp-content\/uploads\/2020\/05\/IMG_9208-768x768.jpg 768w, https:\/\/confiotes.com\/wp-content\/uploads\/2020\/05\/IMG_9208-1536x1536.jpg 1536w, https:\/\/confiotes.com\/wp-content\/uploads\/2020\/05\/IMG_9208-2048x2048.jpg 2048w\" sizes=\"(max-width: 300px) 100vw, 300px\" \/><\/p>\n<div>Sur une plaque de cuisson perfor\u00e9e mettez une feuille de papier cuisson et pochez la Pavlova en cercle en effectuant de petits points dont vous conservez les pointes vers le haut.<\/div>\n<div><\/div>\n<div><img loading=\"lazy\" class=\"alignnone size-medium wp-image-4552\" src=\"http:\/\/confiotes.com\/wp-content\/uploads\/2022\/01\/IMG_6791-300x300.jpg\" alt=\"\" width=\"300\" height=\"300\" srcset=\"https:\/\/confiotes.com\/wp-content\/uploads\/2022\/01\/IMG_6791-300x300.jpg 300w, https:\/\/confiotes.com\/wp-content\/uploads\/2022\/01\/IMG_6791-1024x1024.jpg 1024w, https:\/\/confiotes.com\/wp-content\/uploads\/2022\/01\/IMG_6791-150x150.jpg 150w, https:\/\/confiotes.com\/wp-content\/uploads\/2022\/01\/IMG_6791-768x768.jpg 768w, https:\/\/confiotes.com\/wp-content\/uploads\/2022\/01\/IMG_6791-1536x1536.jpg 1536w, https:\/\/confiotes.com\/wp-content\/uploads\/2022\/01\/IMG_6791-2048x2048.jpg 2048w\" sizes=\"(max-width: 300px) 100vw, 300px\" \/><\/div>\n<div><\/div>\n<div>Faites cuire chaleur tournante pendant <strong>2h<\/strong>\u00a0\u00e0 <strong>95\u00b0C<\/strong>.<\/div>\n<h3>MONTAGE<\/h3>\n<div>\n<ul>\n<li>Ananas frais<\/li>\n<li>Mangue fra\u00eeche<\/li>\n<li>1 fruit de la passion<\/li>\n<li>Chocolat blanc<\/li>\n<li>Compot\u00e9e exotique<\/li>\n<li>Chantilly vanille<\/li>\n<li>1 bouquet de menthe<\/li>\n<\/ul>\n<p>D\u00e9coupez l&#8217;ananas et la mangue puis emporte-pi\u00e9cez les avec le plus petit emporte rond.<\/p>\n<p>Dans un mixeur, d\u00e9tendez la compot\u00e9e g\u00e9lifi\u00e9e en la mixant.<\/p>\n<p><img loading=\"lazy\" class=\"alignnone size-medium wp-image-4553\" src=\"http:\/\/confiotes.com\/wp-content\/uploads\/2022\/01\/IMG_6798-300x300.jpg\" alt=\"\" width=\"300\" height=\"300\" srcset=\"https:\/\/confiotes.com\/wp-content\/uploads\/2022\/01\/IMG_6798-300x300.jpg 300w, https:\/\/confiotes.com\/wp-content\/uploads\/2022\/01\/IMG_6798-1024x1024.jpg 1024w, https:\/\/confiotes.com\/wp-content\/uploads\/2022\/01\/IMG_6798-150x150.jpg 150w, https:\/\/confiotes.com\/wp-content\/uploads\/2022\/01\/IMG_6798-768x768.jpg 768w, https:\/\/confiotes.com\/wp-content\/uploads\/2022\/01\/IMG_6798-1536x1536.jpg 1536w, https:\/\/confiotes.com\/wp-content\/uploads\/2022\/01\/IMG_6798-2048x2048.jpg 2048w\" sizes=\"(max-width: 300px) 100vw, 300px\" \/><\/p>\n<p>Posez le cercle de meringue la t\u00eate \u00e0 l&#8217;envers.<\/p>\n<p><img loading=\"lazy\" class=\"alignnone size-medium wp-image-4554\" src=\"http:\/\/confiotes.com\/wp-content\/uploads\/2022\/01\/IMG_6799-300x300.jpg\" alt=\"\" width=\"300\" height=\"300\" srcset=\"https:\/\/confiotes.com\/wp-content\/uploads\/2022\/01\/IMG_6799-300x300.jpg 300w, https:\/\/confiotes.com\/wp-content\/uploads\/2022\/01\/IMG_6799-1024x1024.jpg 1024w, https:\/\/confiotes.com\/wp-content\/uploads\/2022\/01\/IMG_6799-150x150.jpg 150w, https:\/\/confiotes.com\/wp-content\/uploads\/2022\/01\/IMG_6799-768x768.jpg 768w, https:\/\/confiotes.com\/wp-content\/uploads\/2022\/01\/IMG_6799-1536x1536.jpg 1536w, https:\/\/confiotes.com\/wp-content\/uploads\/2022\/01\/IMG_6799-2048x2048.jpg 2048w\" sizes=\"(max-width: 300px) 100vw, 300px\" \/><\/p>\n<p>Faites fondre du chocolat blanc au micro-ondes pour chabloner la meringue avec un pinceau et la rendre imperm\u00e9able.<\/p>\n<p>Montez la chantilly au batteur.<\/p>\n<p><img loading=\"lazy\" class=\"alignnone size-medium wp-image-2092\" src=\"http:\/\/confiotes.com\/wp-content\/uploads\/2020\/03\/IMG_7084-300x300.jpg\" alt=\"\" width=\"300\" height=\"300\" srcset=\"https:\/\/confiotes.com\/wp-content\/uploads\/2020\/03\/IMG_7084-300x300.jpg 300w, https:\/\/confiotes.com\/wp-content\/uploads\/2020\/03\/IMG_7084-150x150.jpg 150w, https:\/\/confiotes.com\/wp-content\/uploads\/2020\/03\/IMG_7084-768x768.jpg 768w, https:\/\/confiotes.com\/wp-content\/uploads\/2020\/03\/IMG_7084-1024x1024.jpg 1024w\" sizes=\"(max-width: 300px) 100vw, 300px\" \/><\/p>\n<p>Dressez la pavlova en pochant des points de chantilly au dessus des points de meringue.<\/p>\n<p><img loading=\"lazy\" class=\"alignnone size-medium wp-image-4555\" src=\"http:\/\/confiotes.com\/wp-content\/uploads\/2022\/01\/IMG_6878-300x300.jpg\" alt=\"\" width=\"300\" height=\"300\" srcset=\"https:\/\/confiotes.com\/wp-content\/uploads\/2022\/01\/IMG_6878-300x300.jpg 300w, https:\/\/confiotes.com\/wp-content\/uploads\/2022\/01\/IMG_6878-1024x1024.jpg 1024w, https:\/\/confiotes.com\/wp-content\/uploads\/2022\/01\/IMG_6878-150x150.jpg 150w, https:\/\/confiotes.com\/wp-content\/uploads\/2022\/01\/IMG_6878-768x768.jpg 768w, https:\/\/confiotes.com\/wp-content\/uploads\/2022\/01\/IMG_6878.jpg 1170w\" sizes=\"(max-width: 300px) 100vw, 300px\" \/><\/p>\n<p>D\u00e9posez des rondelles de fruits.<\/p>\n<p><img loading=\"lazy\" class=\"alignnone size-medium wp-image-4556\" src=\"http:\/\/confiotes.com\/wp-content\/uploads\/2022\/01\/IMG_6879-300x300.jpg\" alt=\"\" width=\"300\" height=\"300\" srcset=\"https:\/\/confiotes.com\/wp-content\/uploads\/2022\/01\/IMG_6879-300x300.jpg 300w, https:\/\/confiotes.com\/wp-content\/uploads\/2022\/01\/IMG_6879-1024x1024.jpg 1024w, https:\/\/confiotes.com\/wp-content\/uploads\/2022\/01\/IMG_6879-150x150.jpg 150w, https:\/\/confiotes.com\/wp-content\/uploads\/2022\/01\/IMG_6879-768x768.jpg 768w, https:\/\/confiotes.com\/wp-content\/uploads\/2022\/01\/IMG_6879.jpg 1170w\" sizes=\"(max-width: 300px) 100vw, 300px\" \/><\/p>\n<p>Creusez certains points de chantilly avec une cuill\u00e8re parisienne chauff\u00e9e au chalumeau et mettez y de la compot\u00e9e.<\/p>\n<p><img loading=\"lazy\" class=\"alignnone size-medium wp-image-4557\" src=\"http:\/\/confiotes.com\/wp-content\/uploads\/2022\/01\/IMG_6880-300x300.jpg\" alt=\"\" width=\"300\" height=\"300\" srcset=\"https:\/\/confiotes.com\/wp-content\/uploads\/2022\/01\/IMG_6880-300x300.jpg 300w, https:\/\/confiotes.com\/wp-content\/uploads\/2022\/01\/IMG_6880-1024x1024.jpg 1024w, https:\/\/confiotes.com\/wp-content\/uploads\/2022\/01\/IMG_6880-150x150.jpg 150w, https:\/\/confiotes.com\/wp-content\/uploads\/2022\/01\/IMG_6880-768x768.jpg 768w, https:\/\/confiotes.com\/wp-content\/uploads\/2022\/01\/IMG_6880.jpg 1170w\" sizes=\"(max-width: 300px) 100vw, 300px\" \/> <img loading=\"lazy\" class=\"alignnone size-medium wp-image-4558\" src=\"http:\/\/confiotes.com\/wp-content\/uploads\/2022\/01\/IMG_6881-300x300.jpg\" alt=\"\" width=\"300\" height=\"300\" srcset=\"https:\/\/confiotes.com\/wp-content\/uploads\/2022\/01\/IMG_6881-300x300.jpg 300w, https:\/\/confiotes.com\/wp-content\/uploads\/2022\/01\/IMG_6881-1024x1024.jpg 1024w, https:\/\/confiotes.com\/wp-content\/uploads\/2022\/01\/IMG_6881-150x150.jpg 150w, https:\/\/confiotes.com\/wp-content\/uploads\/2022\/01\/IMG_6881-768x768.jpg 768w, https:\/\/confiotes.com\/wp-content\/uploads\/2022\/01\/IMG_6881.jpg 1170w\" sizes=\"(max-width: 300px) 100vw, 300px\" \/><\/p>\n<p>D\u00e9corez avec un peu de fruits de la passion et des feuilles de menthe fra\u00eeche.<\/p>\n<p><img loading=\"lazy\" class=\"alignnone size-medium wp-image-4559\" src=\"http:\/\/confiotes.com\/wp-content\/uploads\/2022\/01\/IMG_6882-300x300.jpg\" alt=\"\" width=\"300\" height=\"300\" srcset=\"https:\/\/confiotes.com\/wp-content\/uploads\/2022\/01\/IMG_6882-300x300.jpg 300w, https:\/\/confiotes.com\/wp-content\/uploads\/2022\/01\/IMG_6882-1024x1024.jpg 1024w, https:\/\/confiotes.com\/wp-content\/uploads\/2022\/01\/IMG_6882-150x150.jpg 150w, https:\/\/confiotes.com\/wp-content\/uploads\/2022\/01\/IMG_6882-768x768.jpg 768w, https:\/\/confiotes.com\/wp-content\/uploads\/2022\/01\/IMG_6882.jpg 1170w\" sizes=\"(max-width: 300px) 100vw, 300px\" \/><\/p>\n<p>Et voil\u00e0!<\/p>\n<p style=\"text-align: center;\">\u00a0<img loading=\"lazy\" class=\"alignnone size-medium wp-image-4596\" src=\"http:\/\/confiotes.com\/wp-content\/uploads\/2022\/02\/IMG_6850-225x300.jpg\" alt=\"\" width=\"225\" height=\"300\" srcset=\"https:\/\/confiotes.com\/wp-content\/uploads\/2022\/02\/IMG_6850-225x300.jpg 225w, https:\/\/confiotes.com\/wp-content\/uploads\/2022\/02\/IMG_6850-768x1024.jpg 768w, https:\/\/confiotes.com\/wp-content\/uploads\/2022\/02\/IMG_6850-1152x1536.jpg 1152w, https:\/\/confiotes.com\/wp-content\/uploads\/2022\/02\/IMG_6850-1536x2048.jpg 1536w, https:\/\/confiotes.com\/wp-content\/uploads\/2022\/02\/IMG_6850-scaled.jpg 1920w\" sizes=\"(max-width: 225px) 100vw, 225px\" \/><\/p>\n<h6 style=\"text-align: center;\">Un v\u00e9ritable ballet de saveurs dans la bouche!<\/h6>\n<\/div>\n<style>.pf-button.pf-button-excerpt { display: none; }<\/style>","protected":false},"excerpt":{"rendered":"<p>La Pavlova! Un grand classique de la p\u00e2tisserie. Un art auquel je ne me suis pas encore essay\u00e9e n&#8217;\u00e9tant pas une fana de meringue. Ce soir j&#8217;ai d\u00eener raclette&#8230; alors j&#8217;ai d\u00e9cid\u00e9 de faire l\u00e9ger pour le dessert&#8230; quoi de mieux qu&#8217;une Pavlova? En plein hiver j&#8217;ai choisi la version exotique mais c&#8217;est tout aussi d\u00e9licieux en \u00e9t\u00e9 avec les fruits rouges. COMPOSITION Meringue Chantilly vanille Compot\u00e9e de fruits exotiques Ananas frais Mangue fra\u00eeche Fruit de la passion Feuilles de menthe J-1 COMPOT\u00c9E EXOTIQUE J-1&#8230;<span class=\"clearfix clearfix-post\"><\/span><a href=\"https:\/\/confiotes.com\/index.php\/pavlova-exotique-ananas-mange-passion\/\" class=\"more-link\">Lire la suite de <span class=\"screen-reader-text\">&#8220;Pavlova exotique &#8211; Ananas, mange, passion&#8221;<\/span> <span class=\"meta-nav\">&rarr;<\/span><\/a><\/p>\n","protected":false},"author":1,"featured_media":4596,"parent":0,"menu_order":0,"comment_status":"open","ping_status":"open","template":"","meta":[],"yoast_head":"<!-- This site is optimized with the Yoast SEO plugin v16.9 - https:\/\/yoast.com\/wordpress\/plugins\/seo\/ -->\n<title>Pavlova exotique - Ananas, mange, passion &ndash; Confiotes<\/title>\n<meta name=\"robots\" content=\"index, follow, max-snippet:-1, max-image-preview:large, max-video-preview:-1\" \/>\n<link rel=\"canonical\" href=\"http:\/\/confiotes.com\/index.php\/pavlova-exotique-ananas-mange-passion\/\" \/>\n<meta property=\"og:locale\" content=\"fr_FR\" \/>\n<meta property=\"og:type\" content=\"article\" \/>\n<meta property=\"og:title\" content=\"Pavlova exotique - Ananas, mange, passion &ndash; Confiotes\" \/>\n<meta property=\"og:description\" content=\"La Pavlova! Un grand classique de la p\u00e2tisserie. Un art auquel je ne me suis pas encore essay\u00e9e n&#8217;\u00e9tant pas une fana de meringue. Ce soir j&#8217;ai d\u00eener raclette&#8230; alors j&#8217;ai d\u00e9cid\u00e9 de faire l\u00e9ger pour le dessert&#8230; quoi de mieux qu&#8217;une Pavlova? En plein hiver j&#8217;ai choisi la version exotique mais c&#8217;est tout aussi d\u00e9licieux en \u00e9t\u00e9 avec les fruits rouges. COMPOSITION Meringue Chantilly vanille Compot\u00e9e de fruits exotiques Ananas frais Mangue fra\u00eeche Fruit de la passion Feuilles de menthe J-1 COMPOT\u00c9E EXOTIQUE J-1...Lire la suite de &quot;Pavlova exotique &#8211; Ananas, mange, passion&quot; &rarr;\" \/>\n<meta property=\"og:url\" content=\"http:\/\/confiotes.com\/index.php\/pavlova-exotique-ananas-mange-passion\/\" \/>\n<meta property=\"og:site_name\" content=\"Confiotes\" \/>\n<meta property=\"article:modified_time\" content=\"2022-02-04T15:46:28+00:00\" \/>\n<meta property=\"og:image\" content=\"http:\/\/confiotes.com\/wp-content\/uploads\/2022\/02\/IMG_6850-scaled.jpg\" \/>\n\t<meta property=\"og:image:width\" content=\"1920\" \/>\n\t<meta property=\"og:image:height\" content=\"2560\" \/>\n<meta name=\"twitter:card\" content=\"summary_large_image\" \/>\n<meta name=\"twitter:label1\" content=\"Dur\u00e9e de lecture est.\" \/>\n\t<meta name=\"twitter:data1\" content=\"6 minutes\" \/>\n<script type=\"application\/ld+json\" class=\"yoast-schema-graph\">{\"@context\":\"https:\/\/schema.org\",\"@graph\":[{\"@type\":[\"Person\",\"Organization\"],\"@id\":\"http:\/\/confiotes.com\/#\/schema\/person\/7314aa61a7f8034206f5db781e7d0921\",\"name\":\"confiotes\",\"image\":{\"@type\":\"ImageObject\",\"@id\":\"http:\/\/confiotes.com\/#personlogo\",\"inLanguage\":\"fr-FR\",\"url\":\"https:\/\/secure.gravatar.com\/avatar\/ba1906d35504a1ae9c6b70a24b38e06d?s=96&d=blank&r=g\",\"contentUrl\":\"https:\/\/secure.gravatar.com\/avatar\/ba1906d35504a1ae9c6b70a24b38e06d?s=96&d=blank&r=g\",\"caption\":\"confiotes\"},\"logo\":{\"@id\":\"http:\/\/confiotes.com\/#personlogo\"}},{\"@type\":\"WebSite\",\"@id\":\"http:\/\/confiotes.com\/#website\",\"url\":\"http:\/\/confiotes.com\/\",\"name\":\"Confiotes\",\"description\":\"&quot;Les optimistes et les gourmands vivent plus longtemps&quot; - Jean Anthelme Brillat-Savarin\",\"publisher\":{\"@id\":\"http:\/\/confiotes.com\/#\/schema\/person\/7314aa61a7f8034206f5db781e7d0921\"},\"potentialAction\":[{\"@type\":\"SearchAction\",\"target\":{\"@type\":\"EntryPoint\",\"urlTemplate\":\"http:\/\/confiotes.com\/?s={search_term_string}\"},\"query-input\":\"required name=search_term_string\"}],\"inLanguage\":\"fr-FR\"},{\"@type\":\"ImageObject\",\"@id\":\"http:\/\/confiotes.com\/index.php\/pavlova-exotique-ananas-mange-passion\/#primaryimage\",\"inLanguage\":\"fr-FR\",\"url\":\"https:\/\/confiotes.com\/wp-content\/uploads\/2022\/02\/IMG_6850-scaled.jpg\",\"contentUrl\":\"https:\/\/confiotes.com\/wp-content\/uploads\/2022\/02\/IMG_6850-scaled.jpg\",\"width\":1920,\"height\":2560},{\"@type\":\"WebPage\",\"@id\":\"http:\/\/confiotes.com\/index.php\/pavlova-exotique-ananas-mange-passion\/#webpage\",\"url\":\"http:\/\/confiotes.com\/index.php\/pavlova-exotique-ananas-mange-passion\/\",\"name\":\"Pavlova exotique - Ananas, mange, passion &ndash; Confiotes\",\"isPartOf\":{\"@id\":\"http:\/\/confiotes.com\/#website\"},\"primaryImageOfPage\":{\"@id\":\"http:\/\/confiotes.com\/index.php\/pavlova-exotique-ananas-mange-passion\/#primaryimage\"},\"datePublished\":\"2022-01-04T15:14:28+00:00\",\"dateModified\":\"2022-02-04T15:46:28+00:00\",\"breadcrumb\":{\"@id\":\"http:\/\/confiotes.com\/index.php\/pavlova-exotique-ananas-mange-passion\/#breadcrumb\"},\"inLanguage\":\"fr-FR\",\"potentialAction\":[{\"@type\":\"ReadAction\",\"target\":[\"http:\/\/confiotes.com\/index.php\/pavlova-exotique-ananas-mange-passion\/\"]}]},{\"@type\":\"BreadcrumbList\",\"@id\":\"http:\/\/confiotes.com\/index.php\/pavlova-exotique-ananas-mange-passion\/#breadcrumb\",\"itemListElement\":[{\"@type\":\"ListItem\",\"position\":1,\"name\":\"Accueil\",\"item\":\"http:\/\/confiotes.com\/\"},{\"@type\":\"ListItem\",\"position\":2,\"name\":\"Pavlova exotique &#8211; Ananas, mange, passion\"}]}]}<\/script>\n<!-- \/ Yoast SEO plugin. -->","yoast_head_json":{"title":"Pavlova exotique - Ananas, mange, passion &ndash; Confiotes","robots":{"index":"index","follow":"follow","max-snippet":"max-snippet:-1","max-image-preview":"max-image-preview:large","max-video-preview":"max-video-preview:-1"},"canonical":"http:\/\/confiotes.com\/index.php\/pavlova-exotique-ananas-mange-passion\/","og_locale":"fr_FR","og_type":"article","og_title":"Pavlova exotique - Ananas, mange, passion &ndash; Confiotes","og_description":"La Pavlova! Un grand classique de la p\u00e2tisserie. Un art auquel je ne me suis pas encore essay\u00e9e n&#8217;\u00e9tant pas une fana de meringue. Ce soir j&#8217;ai d\u00eener raclette&#8230; alors j&#8217;ai d\u00e9cid\u00e9 de faire l\u00e9ger pour le dessert&#8230; quoi de mieux qu&#8217;une Pavlova? En plein hiver j&#8217;ai choisi la version exotique mais c&#8217;est tout aussi d\u00e9licieux en \u00e9t\u00e9 avec les fruits rouges. COMPOSITION Meringue Chantilly vanille Compot\u00e9e de fruits exotiques Ananas frais Mangue fra\u00eeche Fruit de la passion Feuilles de menthe J-1 COMPOT\u00c9E EXOTIQUE J-1...Lire la suite de \"Pavlova exotique &#8211; Ananas, mange, passion\" &rarr;","og_url":"http:\/\/confiotes.com\/index.php\/pavlova-exotique-ananas-mange-passion\/","og_site_name":"Confiotes","article_modified_time":"2022-02-04T15:46:28+00:00","og_image":[{"width":1920,"height":2560,"url":"http:\/\/confiotes.com\/wp-content\/uploads\/2022\/02\/IMG_6850-scaled.jpg","path":"\/home\/confiotegd\/www\/wp-content\/uploads\/2022\/02\/IMG_6850-scaled.jpg","size":"full","id":4596,"alt":"","pixels":4915200,"type":"image\/jpeg"}],"twitter_card":"summary_large_image","twitter_misc":{"Dur\u00e9e de lecture est.":"6 minutes"},"schema":{"@context":"https:\/\/schema.org","@graph":[{"@type":["Person","Organization"],"@id":"http:\/\/confiotes.com\/#\/schema\/person\/7314aa61a7f8034206f5db781e7d0921","name":"confiotes","image":{"@type":"ImageObject","@id":"http:\/\/confiotes.com\/#personlogo","inLanguage":"fr-FR","url":"https:\/\/secure.gravatar.com\/avatar\/ba1906d35504a1ae9c6b70a24b38e06d?s=96&d=blank&r=g","contentUrl":"https:\/\/secure.gravatar.com\/avatar\/ba1906d35504a1ae9c6b70a24b38e06d?s=96&d=blank&r=g","caption":"confiotes"},"logo":{"@id":"http:\/\/confiotes.com\/#personlogo"}},{"@type":"WebSite","@id":"http:\/\/confiotes.com\/#website","url":"http:\/\/confiotes.com\/","name":"Confiotes","description":"&quot;Les optimistes et les gourmands vivent plus longtemps&quot; - Jean Anthelme Brillat-Savarin","publisher":{"@id":"http:\/\/confiotes.com\/#\/schema\/person\/7314aa61a7f8034206f5db781e7d0921"},"potentialAction":[{"@type":"SearchAction","target":{"@type":"EntryPoint","urlTemplate":"http:\/\/confiotes.com\/?s={search_term_string}"},"query-input":"required name=search_term_string"}],"inLanguage":"fr-FR"},{"@type":"ImageObject","@id":"http:\/\/confiotes.com\/index.php\/pavlova-exotique-ananas-mange-passion\/#primaryimage","inLanguage":"fr-FR","url":"https:\/\/confiotes.com\/wp-content\/uploads\/2022\/02\/IMG_6850-scaled.jpg","contentUrl":"https:\/\/confiotes.com\/wp-content\/uploads\/2022\/02\/IMG_6850-scaled.jpg","width":1920,"height":2560},{"@type":"WebPage","@id":"http:\/\/confiotes.com\/index.php\/pavlova-exotique-ananas-mange-passion\/#webpage","url":"http:\/\/confiotes.com\/index.php\/pavlova-exotique-ananas-mange-passion\/","name":"Pavlova exotique - Ananas, mange, passion &ndash; Confiotes","isPartOf":{"@id":"http:\/\/confiotes.com\/#website"},"primaryImageOfPage":{"@id":"http:\/\/confiotes.com\/index.php\/pavlova-exotique-ananas-mange-passion\/#primaryimage"},"datePublished":"2022-01-04T15:14:28+00:00","dateModified":"2022-02-04T15:46:28+00:00","breadcrumb":{"@id":"http:\/\/confiotes.com\/index.php\/pavlova-exotique-ananas-mange-passion\/#breadcrumb"},"inLanguage":"fr-FR","potentialAction":[{"@type":"ReadAction","target":["http:\/\/confiotes.com\/index.php\/pavlova-exotique-ananas-mange-passion\/"]}]},{"@type":"BreadcrumbList","@id":"http:\/\/confiotes.com\/index.php\/pavlova-exotique-ananas-mange-passion\/#breadcrumb","itemListElement":[{"@type":"ListItem","position":1,"name":"Accueil","item":"http:\/\/confiotes.com\/"},{"@type":"ListItem","position":2,"name":"Pavlova exotique &#8211; Ananas, mange, passion"}]}]}},"_links":{"self":[{"href":"https:\/\/confiotes.com\/index.php\/wp-json\/wp\/v2\/pages\/4525"}],"collection":[{"href":"https:\/\/confiotes.com\/index.php\/wp-json\/wp\/v2\/pages"}],"about":[{"href":"https:\/\/confiotes.com\/index.php\/wp-json\/wp\/v2\/types\/page"}],"author":[{"embeddable":true,"href":"https:\/\/confiotes.com\/index.php\/wp-json\/wp\/v2\/users\/1"}],"replies":[{"embeddable":true,"href":"https:\/\/confiotes.com\/index.php\/wp-json\/wp\/v2\/comments?post=4525"}],"version-history":[{"count":7,"href":"https:\/\/confiotes.com\/index.php\/wp-json\/wp\/v2\/pages\/4525\/revisions"}],"predecessor-version":[{"id":4597,"href":"https:\/\/confiotes.com\/index.php\/wp-json\/wp\/v2\/pages\/4525\/revisions\/4597"}],"wp:featuredmedia":[{"embeddable":true,"href":"https:\/\/confiotes.com\/index.php\/wp-json\/wp\/v2\/media\/4596"}],"wp:attachment":[{"href":"https:\/\/confiotes.com\/index.php\/wp-json\/wp\/v2\/media?parent=4525"}],"curies":[{"name":"wp","href":"https:\/\/api.w.org\/{rel}","templated":true}]}}