{"id":4282,"date":"2021-10-03T10:36:50","date_gmt":"2021-10-03T08:36:50","guid":{"rendered":"http:\/\/confiotes.com\/?page_id=4282"},"modified":"2021-10-03T12:46:10","modified_gmt":"2021-10-03T10:46:10","slug":"verrine-figue-noisette-pecan-amande","status":"publish","type":"page","link":"https:\/\/confiotes.com\/index.php\/verrine-figue-noisette-pecan-amande\/","title":{"rendered":"Verrine figue &#8211; noisette &#8211; p\u00e9can &#8211; amande"},"content":{"rendered":"<p>L&#8217;automne est de retour!! Et nous voila avec une nouvelle saison de fruits. Avec ce temps pluvieux j&#8217;avais envie de proposer un dessert \u00e0 la fois l\u00e9ger et puissant en go\u00fbt. Pour ma part j&#8217;adore cette association!! J&#8217;esp\u00e8re qu&#8217;elle vous plaira aussi! Et cerise sur le g\u00e2teau&#8230; ou devrais-je dire figue sur la verrine, tout \u00e7a c&#8217;est sans gluten!<\/p>\n<h3>COMPOSITION<\/h3>\n<ul>\n<li>Ganache mont\u00e9e noisette<\/li>\n<li>P\u00e2te de p\u00e9can<\/li>\n<li>Compot\u00e9e de figues<\/li>\n<li>Amandes sabl\u00e9es<\/li>\n<li>Figues fra\u00eeches<\/li>\n<\/ul>\n<h3>POUR 4 VERRINES<\/h3>\n<h3>GANACHE MONT\u00c9E NOISETTE<\/h3>\n<ul>\n<li>2,3g de g\u00e9latine<\/li>\n<li>70g de lait entier<\/li>\n<li>100g de cr\u00e8me<\/li>\n<li>52g de chocolat blanc<\/li>\n<li>50g de p\u00e2te de noisette<\/li>\n<li>170g de cr\u00e8me liquide<\/li>\n<\/ul>\n<p>R\u00e9hydratez <strong>2,3g<\/strong> de g\u00e9latine dans l&#8217;eau bien froide.<\/p>\n<p>Dans une casserole, faites chauffer <strong>70g<\/strong> de lait avec <strong>100g<\/strong> de cr\u00e8me liquide.<\/p>\n<p><img loading=\"lazy\" class=\"alignnone size-medium wp-image-3575\" src=\"http:\/\/confiotes.com\/wp-content\/uploads\/2021\/01\/IMG_5989-300x300.jpg\" alt=\"\" width=\"300\" height=\"300\" srcset=\"https:\/\/confiotes.com\/wp-content\/uploads\/2021\/01\/IMG_5989-300x300.jpg 300w, https:\/\/confiotes.com\/wp-content\/uploads\/2021\/01\/IMG_5989-1024x1024.jpg 1024w, https:\/\/confiotes.com\/wp-content\/uploads\/2021\/01\/IMG_5989-150x150.jpg 150w, https:\/\/confiotes.com\/wp-content\/uploads\/2021\/01\/IMG_5989-768x768.jpg 768w, https:\/\/confiotes.com\/wp-content\/uploads\/2021\/01\/IMG_5989-1536x1536.jpg 1536w, https:\/\/confiotes.com\/wp-content\/uploads\/2021\/01\/IMG_5989-2048x2048.jpg 2048w\" sizes=\"(max-width: 300px) 100vw, 300px\" \/><\/p>\n<p>Une fois chaud r\u00e9alisez\u00a0une \u00e9mulsion sur <strong>52g<\/strong> de chocolat blanc.<\/p>\n<p><img loading=\"lazy\" class=\"alignnone size-medium wp-image-1426\" src=\"http:\/\/confiotes.com\/wp-content\/uploads\/2019\/12\/IMG_5140-300x300.jpg\" alt=\"\" width=\"300\" height=\"300\" srcset=\"https:\/\/confiotes.com\/wp-content\/uploads\/2019\/12\/IMG_5140-300x300.jpg 300w, https:\/\/confiotes.com\/wp-content\/uploads\/2019\/12\/IMG_5140-150x150.jpg 150w, https:\/\/confiotes.com\/wp-content\/uploads\/2019\/12\/IMG_5140-768x768.jpg 768w, https:\/\/confiotes.com\/wp-content\/uploads\/2019\/12\/IMG_5140-1024x1024.jpg 1024w\" sizes=\"(max-width: 300px) 100vw, 300px\" \/><\/p>\n<p>Ajoutez la g\u00e9latine essor\u00e9e,\u00a0<strong>50g<\/strong> de p\u00e2te de noisette, <strong>170g<\/strong> de cr\u00e8me liquide puis mixez au mixeur plongeant.<\/p>\n<p><img loading=\"lazy\" class=\"alignnone size-medium wp-image-1430\" src=\"http:\/\/confiotes.com\/wp-content\/uploads\/2019\/12\/IMG_5144-300x300.jpg\" alt=\"\" width=\"300\" height=\"300\" srcset=\"https:\/\/confiotes.com\/wp-content\/uploads\/2019\/12\/IMG_5144-300x300.jpg 300w, https:\/\/confiotes.com\/wp-content\/uploads\/2019\/12\/IMG_5144-150x150.jpg 150w, https:\/\/confiotes.com\/wp-content\/uploads\/2019\/12\/IMG_5144-768x768.jpg 768w, https:\/\/confiotes.com\/wp-content\/uploads\/2019\/12\/IMG_5144-1024x1024.jpg 1024w\" sizes=\"(max-width: 300px) 100vw, 300px\" \/> <img loading=\"lazy\" class=\"alignnone size-medium wp-image-1433\" src=\"http:\/\/confiotes.com\/wp-content\/uploads\/2019\/12\/IMG_5147-300x300.jpg\" alt=\"\" width=\"300\" height=\"300\" srcset=\"https:\/\/confiotes.com\/wp-content\/uploads\/2019\/12\/IMG_5147-300x300.jpg 300w, https:\/\/confiotes.com\/wp-content\/uploads\/2019\/12\/IMG_5147-150x150.jpg 150w, https:\/\/confiotes.com\/wp-content\/uploads\/2019\/12\/IMG_5147-768x768.jpg 768w, https:\/\/confiotes.com\/wp-content\/uploads\/2019\/12\/IMG_5147-1024x1024.jpg 1024w\" sizes=\"(max-width: 300px) 100vw, 300px\" \/><\/p>\n<p>Transvasez dans le bol du robot et laissez une nuit au r\u00e9frig\u00e9rateur.<\/p>\n<h3>P\u00c2TE DE P\u00c9CAN<\/h3>\n<ul>\n<li>300g de noix de p\u00e9can<\/li>\n<li>23g de sucre glace<\/li>\n<li>1g de fleur de sel<\/li>\n<li>QS huile de p\u00e9pin de raisins<\/li>\n<\/ul>\n<p>Torr\u00e9fiez l\u00e9g\u00e8rement <strong>300g<\/strong> de noix de p\u00e9can \u00e0 <strong>150\u00b0C<\/strong> pendant <strong>10min\u00a0<\/strong>dans le four.<\/p>\n<p>Dans un bon mixeur, mettez les noix de p\u00e9can encore ti\u00e8des, <strong>23g<\/strong> de sucre glace, <strong>1g<\/strong> de fleur de sel et mixez le tout jusqu&#8217;\u00e0 obtenir une p\u00e2te.<\/p>\n<p>Si besoin ajoutez<strong> QS<\/strong> d&#8217;huile de p\u00e9pin de raisin pour assouplir la p\u00e2te.<\/p>\n<h3>COMPOT\u00c9E DE FIGUES<\/h3>\n<ul>\n<li>3 figues<\/li>\n<li>1 noisette de beurre<\/li>\n<li>5g sucre<\/li>\n<\/ul>\n<p>D\u00e9coupez <strong>3<\/strong> figues en morceaux.<\/p>\n<p>Dans une casserole, faites fondre une grosse noisette de beurre avec <strong>5g<\/strong> de sucre.<\/p>\n<p>Ajoutez les figues en morceaux et faites compoter quelques minutes \u00e0 feu fort.<\/p>\n<p><img loading=\"lazy\" class=\"alignnone size-medium wp-image-4286\" src=\"http:\/\/confiotes.com\/wp-content\/uploads\/2021\/10\/IMG_4647-300x300.jpg\" alt=\"\" width=\"300\" height=\"300\" srcset=\"https:\/\/confiotes.com\/wp-content\/uploads\/2021\/10\/IMG_4647-300x300.jpg 300w, https:\/\/confiotes.com\/wp-content\/uploads\/2021\/10\/IMG_4647-1024x1024.jpg 1024w, https:\/\/confiotes.com\/wp-content\/uploads\/2021\/10\/IMG_4647-150x150.jpg 150w, https:\/\/confiotes.com\/wp-content\/uploads\/2021\/10\/IMG_4647-768x768.jpg 768w, https:\/\/confiotes.com\/wp-content\/uploads\/2021\/10\/IMG_4647-1536x1536.jpg 1536w, https:\/\/confiotes.com\/wp-content\/uploads\/2021\/10\/IMG_4647-2048x2048.jpg 2048w\" sizes=\"(max-width: 300px) 100vw, 300px\" \/><img loading=\"lazy\" class=\"alignnone size-medium wp-image-4287\" src=\"http:\/\/confiotes.com\/wp-content\/uploads\/2021\/10\/IMG_4648-300x300.jpg\" alt=\"\" width=\"300\" height=\"300\" srcset=\"https:\/\/confiotes.com\/wp-content\/uploads\/2021\/10\/IMG_4648-300x300.jpg 300w, https:\/\/confiotes.com\/wp-content\/uploads\/2021\/10\/IMG_4648-1024x1024.jpg 1024w, https:\/\/confiotes.com\/wp-content\/uploads\/2021\/10\/IMG_4648-150x150.jpg 150w, https:\/\/confiotes.com\/wp-content\/uploads\/2021\/10\/IMG_4648-768x768.jpg 768w, https:\/\/confiotes.com\/wp-content\/uploads\/2021\/10\/IMG_4648-1536x1536.jpg 1536w, https:\/\/confiotes.com\/wp-content\/uploads\/2021\/10\/IMG_4648-2048x2048.jpg 2048w\" sizes=\"(max-width: 300px) 100vw, 300px\" \/><\/p>\n<p>Mettez le tout dans un pichet et mixez au mixeur plongeant.<\/p>\n<p><img loading=\"lazy\" class=\"alignnone size-medium wp-image-4288\" src=\"http:\/\/confiotes.com\/wp-content\/uploads\/2021\/10\/IMG_4649-300x300.jpg\" alt=\"\" width=\"300\" height=\"300\" srcset=\"https:\/\/confiotes.com\/wp-content\/uploads\/2021\/10\/IMG_4649-300x300.jpg 300w, https:\/\/confiotes.com\/wp-content\/uploads\/2021\/10\/IMG_4649-1024x1024.jpg 1024w, https:\/\/confiotes.com\/wp-content\/uploads\/2021\/10\/IMG_4649-150x150.jpg 150w, https:\/\/confiotes.com\/wp-content\/uploads\/2021\/10\/IMG_4649-768x768.jpg 768w, https:\/\/confiotes.com\/wp-content\/uploads\/2021\/10\/IMG_4649-1536x1536.jpg 1536w, https:\/\/confiotes.com\/wp-content\/uploads\/2021\/10\/IMG_4649-2048x2048.jpg 2048w\" sizes=\"(max-width: 300px) 100vw, 300px\" \/><\/p>\n<p>Mettez en poche et laissez reposer avant de mettre au frigo.<\/p>\n<h3>AMANDES SABL\u00c9ES<\/h3>\n<ul>\n<li>50g d&#8217;amandes blanches<\/li>\n<li>50g de sucre semoule<\/li>\n<li>1g de fleur de sel<\/li>\n<\/ul>\n<p>Faites torr\u00e9fier tr\u00e8s l\u00e9g\u00e8rement <strong>50g<\/strong> d&#8217;amandes blanches \u00e0 <strong>150\u00b0C<\/strong> au four.<\/p>\n<p>Dans une casserole faites chauffer <strong>50g<\/strong> de sucre jusqu&#8217;au petit boul\u00e9 (<strong>115\u00b0C<\/strong> environ).<\/p>\n<p>Ajoutez <strong>50g<\/strong> d&#8217;amandes et <strong>1g<\/strong> de fleur de sel puis m\u00e9langez.<\/p>\n<p>Recouvrez toutes les amandes de fa\u00e7on \u00e0 ce qu&#8217;elles soient sabl\u00e9es puis \u00f4tez du feu pour ne pas obtenir de caramel.<\/p>\n<p>Laissez refroidir.<\/p>\n<h3>MONTAGE<\/h3>\n<ul>\n<li>1 figue fra\u00eeche<\/li>\n<\/ul>\n<p>D\u00e9coupez de jolis supr\u00eames dans la figue.<\/p>\n<p>Sortez la ganache du frigo et montez la au batteur puis mettez la en poche.<\/p>\n<p><img loading=\"lazy\" class=\"alignnone size-medium wp-image-3609\" src=\"http:\/\/confiotes.com\/wp-content\/uploads\/2021\/01\/IMG_6003-1-300x300.jpg\" alt=\"\" width=\"300\" height=\"300\" srcset=\"https:\/\/confiotes.com\/wp-content\/uploads\/2021\/01\/IMG_6003-1-300x300.jpg 300w, https:\/\/confiotes.com\/wp-content\/uploads\/2021\/01\/IMG_6003-1-1024x1024.jpg 1024w, https:\/\/confiotes.com\/wp-content\/uploads\/2021\/01\/IMG_6003-1-150x150.jpg 150w, https:\/\/confiotes.com\/wp-content\/uploads\/2021\/01\/IMG_6003-1-768x768.jpg 768w, https:\/\/confiotes.com\/wp-content\/uploads\/2021\/01\/IMG_6003-1-1536x1536.jpg 1536w, https:\/\/confiotes.com\/wp-content\/uploads\/2021\/01\/IMG_6003-1-2048x2048.jpg 2048w\" sizes=\"(max-width: 300px) 100vw, 300px\" \/><\/p>\n<p>Dans une verrine ou un bol pochez la ganache mont\u00e9e.<\/p>\n<p><img loading=\"lazy\" class=\"alignnone size-medium wp-image-4289\" src=\"http:\/\/confiotes.com\/wp-content\/uploads\/2021\/10\/IMG_4660-300x300.jpg\" alt=\"\" width=\"300\" height=\"300\" srcset=\"https:\/\/confiotes.com\/wp-content\/uploads\/2021\/10\/IMG_4660-300x300.jpg 300w, https:\/\/confiotes.com\/wp-content\/uploads\/2021\/10\/IMG_4660-1024x1024.jpg 1024w, https:\/\/confiotes.com\/wp-content\/uploads\/2021\/10\/IMG_4660-150x150.jpg 150w, https:\/\/confiotes.com\/wp-content\/uploads\/2021\/10\/IMG_4660-768x768.jpg 768w, https:\/\/confiotes.com\/wp-content\/uploads\/2021\/10\/IMG_4660-1536x1536.jpg 1536w, https:\/\/confiotes.com\/wp-content\/uploads\/2021\/10\/IMG_4660-2048x2048.jpg 2048w\" sizes=\"(max-width: 300px) 100vw, 300px\" \/><\/p>\n<p>Sur les c\u00f4t\u00e9s, pochez 3 points de compot\u00e9e de figue.<\/p>\n<p><img loading=\"lazy\" class=\"alignnone size-medium wp-image-4294\" src=\"http:\/\/confiotes.com\/wp-content\/uploads\/2021\/10\/IMG_4697-300x300.jpg\" alt=\"\" width=\"300\" height=\"300\" srcset=\"https:\/\/confiotes.com\/wp-content\/uploads\/2021\/10\/IMG_4697-300x300.jpg 300w, https:\/\/confiotes.com\/wp-content\/uploads\/2021\/10\/IMG_4697-1024x1024.jpg 1024w, https:\/\/confiotes.com\/wp-content\/uploads\/2021\/10\/IMG_4697-150x150.jpg 150w, https:\/\/confiotes.com\/wp-content\/uploads\/2021\/10\/IMG_4697-768x768.jpg 768w, https:\/\/confiotes.com\/wp-content\/uploads\/2021\/10\/IMG_4697.jpg 1083w\" sizes=\"(max-width: 300px) 100vw, 300px\" \/><\/p>\n<p>Entre la compot\u00e9e de figue, pochez 3 points de p\u00e2te de p\u00e9can.<\/p>\n<p><img loading=\"lazy\" class=\"alignnone size-medium wp-image-4295\" src=\"http:\/\/confiotes.com\/wp-content\/uploads\/2021\/10\/IMG_4698-300x300.jpg\" alt=\"\" width=\"300\" height=\"300\" srcset=\"https:\/\/confiotes.com\/wp-content\/uploads\/2021\/10\/IMG_4698-300x300.jpg 300w, https:\/\/confiotes.com\/wp-content\/uploads\/2021\/10\/IMG_4698-1024x1024.jpg 1024w, https:\/\/confiotes.com\/wp-content\/uploads\/2021\/10\/IMG_4698-150x150.jpg 150w, https:\/\/confiotes.com\/wp-content\/uploads\/2021\/10\/IMG_4698-768x768.jpg 768w, https:\/\/confiotes.com\/wp-content\/uploads\/2021\/10\/IMG_4698.jpg 1063w\" sizes=\"(max-width: 300px) 100vw, 300px\" \/><\/p>\n<p>Parsemez d&#8217;amandes sabl\u00e9es au centre.<\/p>\n<p><img loading=\"lazy\" class=\"alignnone size-medium wp-image-4296\" src=\"http:\/\/confiotes.com\/wp-content\/uploads\/2021\/10\/IMG_4699-300x300.jpg\" alt=\"\" width=\"300\" height=\"300\" srcset=\"https:\/\/confiotes.com\/wp-content\/uploads\/2021\/10\/IMG_4699-300x300.jpg 300w, https:\/\/confiotes.com\/wp-content\/uploads\/2021\/10\/IMG_4699-1024x1024.jpg 1024w, https:\/\/confiotes.com\/wp-content\/uploads\/2021\/10\/IMG_4699-150x150.jpg 150w, https:\/\/confiotes.com\/wp-content\/uploads\/2021\/10\/IMG_4699-768x768.jpg 768w, https:\/\/confiotes.com\/wp-content\/uploads\/2021\/10\/IMG_4699.jpg 1050w\" sizes=\"(max-width: 300px) 100vw, 300px\" \/><\/p>\n<p>Ajoutez des supr\u00eames de figues fra\u00eeches par dessus&#8230; et voil\u00e0!<\/p>\n<p><img loading=\"lazy\" class=\"size-medium wp-image-4292 aligncenter\" src=\"http:\/\/confiotes.com\/wp-content\/uploads\/2021\/10\/IMG_4690-169x300.jpg\" alt=\"\" width=\"169\" height=\"300\" srcset=\"https:\/\/confiotes.com\/wp-content\/uploads\/2021\/10\/IMG_4690-169x300.jpg 169w, https:\/\/confiotes.com\/wp-content\/uploads\/2021\/10\/IMG_4690-576x1024.jpg 576w, https:\/\/confiotes.com\/wp-content\/uploads\/2021\/10\/IMG_4690-768x1365.jpg 768w, https:\/\/confiotes.com\/wp-content\/uploads\/2021\/10\/IMG_4690-864x1536.jpg 864w, https:\/\/confiotes.com\/wp-content\/uploads\/2021\/10\/IMG_4690-1152x2048.jpg 1152w, https:\/\/confiotes.com\/wp-content\/uploads\/2021\/10\/IMG_4690-scaled.jpg 1440w\" sizes=\"(max-width: 169px) 100vw, 169px\" \/><\/p>\n<h6 style=\"text-align: center;\">C&#8217;est pour ces desserts la qu&#8217;on aime l&#8217;automne!<\/h6>\n<style>.pf-button.pf-button-excerpt { display: none; }<\/style>","protected":false},"excerpt":{"rendered":"<p>L&#8217;automne est de retour!! Et nous voila avec une nouvelle saison de fruits. Avec ce temps pluvieux j&#8217;avais envie de proposer un dessert \u00e0 la fois l\u00e9ger et puissant en go\u00fbt. Pour ma part j&#8217;adore cette association!! J&#8217;esp\u00e8re qu&#8217;elle vous plaira aussi! Et cerise sur le g\u00e2teau&#8230; ou devrais-je dire figue sur la verrine, tout \u00e7a c&#8217;est sans gluten! COMPOSITION Ganache mont\u00e9e noisette P\u00e2te de p\u00e9can Compot\u00e9e de figues Amandes sabl\u00e9es Figues fra\u00eeches POUR 4 VERRINES GANACHE MONT\u00c9E NOISETTE 2,3g de g\u00e9latine 70g de lait&#8230;<span class=\"clearfix clearfix-post\"><\/span><a href=\"https:\/\/confiotes.com\/index.php\/verrine-figue-noisette-pecan-amande\/\" class=\"more-link\">Lire la suite de <span class=\"screen-reader-text\">&#8220;Verrine figue &#8211; noisette &#8211; p\u00e9can &#8211; amande&#8221;<\/span> <span class=\"meta-nav\">&rarr;<\/span><\/a><\/p>\n","protected":false},"author":1,"featured_media":4292,"parent":0,"menu_order":0,"comment_status":"open","ping_status":"open","template":"","meta":[],"yoast_head":"<!-- This site is optimized with the Yoast SEO plugin v16.9 - https:\/\/yoast.com\/wordpress\/plugins\/seo\/ -->\n<title>Verrine figue - noisette - p\u00e9can - amande &ndash; Confiotes<\/title>\n<meta name=\"robots\" content=\"index, follow, max-snippet:-1, max-image-preview:large, max-video-preview:-1\" \/>\n<link rel=\"canonical\" href=\"https:\/\/confiotes.com\/index.php\/verrine-figue-noisette-pecan-amande\/\" \/>\n<meta property=\"og:locale\" content=\"fr_FR\" \/>\n<meta property=\"og:type\" content=\"article\" \/>\n<meta property=\"og:title\" content=\"Verrine figue - noisette - p\u00e9can - amande &ndash; Confiotes\" \/>\n<meta property=\"og:description\" content=\"L&#8217;automne est de retour!! Et nous voila avec une nouvelle saison de fruits. Avec ce temps pluvieux j&#8217;avais envie de proposer un dessert \u00e0 la fois l\u00e9ger et puissant en go\u00fbt. Pour ma part j&#8217;adore cette association!! J&#8217;esp\u00e8re qu&#8217;elle vous plaira aussi! Et cerise sur le g\u00e2teau&#8230; ou devrais-je dire figue sur la verrine, tout \u00e7a c&#8217;est sans gluten! COMPOSITION Ganache mont\u00e9e noisette P\u00e2te de p\u00e9can Compot\u00e9e de figues Amandes sabl\u00e9es Figues fra\u00eeches POUR 4 VERRINES GANACHE MONT\u00c9E NOISETTE 2,3g de g\u00e9latine 70g de lait...Lire la suite de &quot;Verrine figue &#8211; noisette &#8211; p\u00e9can &#8211; amande&quot; &rarr;\" \/>\n<meta property=\"og:url\" content=\"https:\/\/confiotes.com\/index.php\/verrine-figue-noisette-pecan-amande\/\" \/>\n<meta property=\"og:site_name\" content=\"Confiotes\" \/>\n<meta property=\"article:modified_time\" content=\"2021-10-03T10:46:10+00:00\" \/>\n<meta property=\"og:image\" content=\"http:\/\/confiotes.com\/wp-content\/uploads\/2021\/10\/IMG_4690-scaled.jpg\" \/>\n\t<meta property=\"og:image:width\" content=\"1440\" \/>\n\t<meta property=\"og:image:height\" content=\"2560\" \/>\n<meta name=\"twitter:card\" content=\"summary_large_image\" \/>\n<meta name=\"twitter:label1\" content=\"Dur\u00e9e de lecture est.\" \/>\n\t<meta name=\"twitter:data1\" content=\"5 minutes\" \/>\n<script type=\"application\/ld+json\" class=\"yoast-schema-graph\">{\"@context\":\"https:\/\/schema.org\",\"@graph\":[{\"@type\":[\"Person\",\"Organization\"],\"@id\":\"http:\/\/confiotes.com\/#\/schema\/person\/7314aa61a7f8034206f5db781e7d0921\",\"name\":\"confiotes\",\"image\":{\"@type\":\"ImageObject\",\"@id\":\"http:\/\/confiotes.com\/#personlogo\",\"inLanguage\":\"fr-FR\",\"url\":\"https:\/\/secure.gravatar.com\/avatar\/ba1906d35504a1ae9c6b70a24b38e06d?s=96&d=blank&r=g\",\"contentUrl\":\"https:\/\/secure.gravatar.com\/avatar\/ba1906d35504a1ae9c6b70a24b38e06d?s=96&d=blank&r=g\",\"caption\":\"confiotes\"},\"logo\":{\"@id\":\"http:\/\/confiotes.com\/#personlogo\"}},{\"@type\":\"WebSite\",\"@id\":\"http:\/\/confiotes.com\/#website\",\"url\":\"http:\/\/confiotes.com\/\",\"name\":\"Confiotes\",\"description\":\"&quot;Les optimistes et les gourmands vivent plus longtemps&quot; - Jean Anthelme Brillat-Savarin\",\"publisher\":{\"@id\":\"http:\/\/confiotes.com\/#\/schema\/person\/7314aa61a7f8034206f5db781e7d0921\"},\"potentialAction\":[{\"@type\":\"SearchAction\",\"target\":{\"@type\":\"EntryPoint\",\"urlTemplate\":\"http:\/\/confiotes.com\/?s={search_term_string}\"},\"query-input\":\"required name=search_term_string\"}],\"inLanguage\":\"fr-FR\"},{\"@type\":\"ImageObject\",\"@id\":\"https:\/\/confiotes.com\/index.php\/verrine-figue-noisette-pecan-amande\/#primaryimage\",\"inLanguage\":\"fr-FR\",\"url\":\"https:\/\/confiotes.com\/wp-content\/uploads\/2021\/10\/IMG_4690-scaled.jpg\",\"contentUrl\":\"https:\/\/confiotes.com\/wp-content\/uploads\/2021\/10\/IMG_4690-scaled.jpg\",\"width\":1440,\"height\":2560},{\"@type\":\"WebPage\",\"@id\":\"https:\/\/confiotes.com\/index.php\/verrine-figue-noisette-pecan-amande\/#webpage\",\"url\":\"https:\/\/confiotes.com\/index.php\/verrine-figue-noisette-pecan-amande\/\",\"name\":\"Verrine figue - noisette - p\\u00e9can - amande &ndash; Confiotes\",\"isPartOf\":{\"@id\":\"http:\/\/confiotes.com\/#website\"},\"primaryImageOfPage\":{\"@id\":\"https:\/\/confiotes.com\/index.php\/verrine-figue-noisette-pecan-amande\/#primaryimage\"},\"datePublished\":\"2021-10-03T08:36:50+00:00\",\"dateModified\":\"2021-10-03T10:46:10+00:00\",\"breadcrumb\":{\"@id\":\"https:\/\/confiotes.com\/index.php\/verrine-figue-noisette-pecan-amande\/#breadcrumb\"},\"inLanguage\":\"fr-FR\",\"potentialAction\":[{\"@type\":\"ReadAction\",\"target\":[\"https:\/\/confiotes.com\/index.php\/verrine-figue-noisette-pecan-amande\/\"]}]},{\"@type\":\"BreadcrumbList\",\"@id\":\"https:\/\/confiotes.com\/index.php\/verrine-figue-noisette-pecan-amande\/#breadcrumb\",\"itemListElement\":[{\"@type\":\"ListItem\",\"position\":1,\"name\":\"Accueil\",\"item\":\"http:\/\/confiotes.com\/\"},{\"@type\":\"ListItem\",\"position\":2,\"name\":\"Verrine figue &#8211; noisette &#8211; p\\u00e9can &#8211; amande\"}]}]}<\/script>\n<!-- \/ Yoast SEO plugin. -->","yoast_head_json":{"title":"Verrine figue - noisette - p\u00e9can - amande &ndash; Confiotes","robots":{"index":"index","follow":"follow","max-snippet":"max-snippet:-1","max-image-preview":"max-image-preview:large","max-video-preview":"max-video-preview:-1"},"canonical":"https:\/\/confiotes.com\/index.php\/verrine-figue-noisette-pecan-amande\/","og_locale":"fr_FR","og_type":"article","og_title":"Verrine figue - noisette - p\u00e9can - amande &ndash; Confiotes","og_description":"L&#8217;automne est de retour!! Et nous voila avec une nouvelle saison de fruits. Avec ce temps pluvieux j&#8217;avais envie de proposer un dessert \u00e0 la fois l\u00e9ger et puissant en go\u00fbt. Pour ma part j&#8217;adore cette association!! J&#8217;esp\u00e8re qu&#8217;elle vous plaira aussi! Et cerise sur le g\u00e2teau&#8230; ou devrais-je dire figue sur la verrine, tout \u00e7a c&#8217;est sans gluten! COMPOSITION Ganache mont\u00e9e noisette P\u00e2te de p\u00e9can Compot\u00e9e de figues Amandes sabl\u00e9es Figues fra\u00eeches POUR 4 VERRINES GANACHE MONT\u00c9E NOISETTE 2,3g de g\u00e9latine 70g de lait...Lire la suite de \"Verrine figue &#8211; noisette &#8211; p\u00e9can &#8211; amande\" &rarr;","og_url":"https:\/\/confiotes.com\/index.php\/verrine-figue-noisette-pecan-amande\/","og_site_name":"Confiotes","article_modified_time":"2021-10-03T10:46:10+00:00","og_image":[{"width":1440,"height":2560,"url":"http:\/\/confiotes.com\/wp-content\/uploads\/2021\/10\/IMG_4690-scaled.jpg","path":"\/home\/confiotegd\/www\/wp-content\/uploads\/2021\/10\/IMG_4690-scaled.jpg","size":"full","id":4292,"alt":"","pixels":3686400,"type":"image\/jpeg"}],"twitter_card":"summary_large_image","twitter_misc":{"Dur\u00e9e de lecture est.":"5 minutes"},"schema":{"@context":"https:\/\/schema.org","@graph":[{"@type":["Person","Organization"],"@id":"http:\/\/confiotes.com\/#\/schema\/person\/7314aa61a7f8034206f5db781e7d0921","name":"confiotes","image":{"@type":"ImageObject","@id":"http:\/\/confiotes.com\/#personlogo","inLanguage":"fr-FR","url":"https:\/\/secure.gravatar.com\/avatar\/ba1906d35504a1ae9c6b70a24b38e06d?s=96&d=blank&r=g","contentUrl":"https:\/\/secure.gravatar.com\/avatar\/ba1906d35504a1ae9c6b70a24b38e06d?s=96&d=blank&r=g","caption":"confiotes"},"logo":{"@id":"http:\/\/confiotes.com\/#personlogo"}},{"@type":"WebSite","@id":"http:\/\/confiotes.com\/#website","url":"http:\/\/confiotes.com\/","name":"Confiotes","description":"&quot;Les optimistes et les gourmands vivent plus longtemps&quot; - Jean Anthelme Brillat-Savarin","publisher":{"@id":"http:\/\/confiotes.com\/#\/schema\/person\/7314aa61a7f8034206f5db781e7d0921"},"potentialAction":[{"@type":"SearchAction","target":{"@type":"EntryPoint","urlTemplate":"http:\/\/confiotes.com\/?s={search_term_string}"},"query-input":"required name=search_term_string"}],"inLanguage":"fr-FR"},{"@type":"ImageObject","@id":"https:\/\/confiotes.com\/index.php\/verrine-figue-noisette-pecan-amande\/#primaryimage","inLanguage":"fr-FR","url":"https:\/\/confiotes.com\/wp-content\/uploads\/2021\/10\/IMG_4690-scaled.jpg","contentUrl":"https:\/\/confiotes.com\/wp-content\/uploads\/2021\/10\/IMG_4690-scaled.jpg","width":1440,"height":2560},{"@type":"WebPage","@id":"https:\/\/confiotes.com\/index.php\/verrine-figue-noisette-pecan-amande\/#webpage","url":"https:\/\/confiotes.com\/index.php\/verrine-figue-noisette-pecan-amande\/","name":"Verrine figue - noisette - p\u00e9can - amande &ndash; Confiotes","isPartOf":{"@id":"http:\/\/confiotes.com\/#website"},"primaryImageOfPage":{"@id":"https:\/\/confiotes.com\/index.php\/verrine-figue-noisette-pecan-amande\/#primaryimage"},"datePublished":"2021-10-03T08:36:50+00:00","dateModified":"2021-10-03T10:46:10+00:00","breadcrumb":{"@id":"https:\/\/confiotes.com\/index.php\/verrine-figue-noisette-pecan-amande\/#breadcrumb"},"inLanguage":"fr-FR","potentialAction":[{"@type":"ReadAction","target":["https:\/\/confiotes.com\/index.php\/verrine-figue-noisette-pecan-amande\/"]}]},{"@type":"BreadcrumbList","@id":"https:\/\/confiotes.com\/index.php\/verrine-figue-noisette-pecan-amande\/#breadcrumb","itemListElement":[{"@type":"ListItem","position":1,"name":"Accueil","item":"http:\/\/confiotes.com\/"},{"@type":"ListItem","position":2,"name":"Verrine figue &#8211; noisette &#8211; p\u00e9can &#8211; amande"}]}]}},"_links":{"self":[{"href":"https:\/\/confiotes.com\/index.php\/wp-json\/wp\/v2\/pages\/4282"}],"collection":[{"href":"https:\/\/confiotes.com\/index.php\/wp-json\/wp\/v2\/pages"}],"about":[{"href":"https:\/\/confiotes.com\/index.php\/wp-json\/wp\/v2\/types\/page"}],"author":[{"embeddable":true,"href":"https:\/\/confiotes.com\/index.php\/wp-json\/wp\/v2\/users\/1"}],"replies":[{"embeddable":true,"href":"https:\/\/confiotes.com\/index.php\/wp-json\/wp\/v2\/comments?post=4282"}],"version-history":[{"count":7,"href":"https:\/\/confiotes.com\/index.php\/wp-json\/wp\/v2\/pages\/4282\/revisions"}],"predecessor-version":[{"id":4305,"href":"https:\/\/confiotes.com\/index.php\/wp-json\/wp\/v2\/pages\/4282\/revisions\/4305"}],"wp:featuredmedia":[{"embeddable":true,"href":"https:\/\/confiotes.com\/index.php\/wp-json\/wp\/v2\/media\/4292"}],"wp:attachment":[{"href":"https:\/\/confiotes.com\/index.php\/wp-json\/wp\/v2\/media?parent=4282"}],"curies":[{"name":"wp","href":"https:\/\/api.w.org\/{rel}","templated":true}]}}