{"id":1915,"date":"2020-02-02T10:23:30","date_gmt":"2020-02-02T09:23:30","guid":{"rendered":"http:\/\/confiotes.com\/?page_id=1915"},"modified":"2021-08-15T16:17:07","modified_gmt":"2021-08-15T14:17:07","slug":"tiramisu-cafe-amaretto","status":"publish","type":"page","link":"https:\/\/confiotes.com\/index.php\/tiramisu-cafe-amaretto\/","title":{"rendered":"Tiramis\u00f9 caf\u00e9-amaretto"},"content":{"rendered":"<p>Je ne peux pas faire de tiramisu sans penser mes voyages en Italie sur la route de la Toscane, chantant \u00e0 tue t\u00eate &#8220;lasciatemi cantareeeee sono un italianoooo&#8221;. Les pastas, les pizzas, le tiramisu les gelati&#8230; bref en toute l\u00e9g\u00e8ret\u00e9 \u00e0 chaque passage l\u00e0 bas&#8230; Cette recette je l&#8217;ai depuis des ann\u00e9es, c&#8217;est ma tante Brigitte qui me l&#8217;avait donn\u00e9e, je l&#8217;ai un peu ajust\u00e9e en sucre. Elle est inratable, je l&#8217;adooore et manifestement tous mes amis aussi! Je vous propose ici une version familiale sans chichi j&#8217;essayerai surement un jour de lui donner un aspect plus esth\u00e9tique.<\/p>\n<h3>POUR 6 PERSONNES<\/h3>\n<ul>\n<li>2 jaunes d&#8217;oeufs<\/li>\n<li>40g de sucre glace<\/li>\n<li>500g de mascarpone<\/li>\n<li>6 blancs d&#8217;oeufs<\/li>\n<li>20g de sucre semoule<\/li>\n<li>25 biscuits \u00e0 la cuill\u00e8re<\/li>\n<li>1g de poudre de vanille<\/li>\n<li>Caf\u00e9 fort<\/li>\n<li>Amaretto<\/li>\n<li>Poudre de cacao non sucr\u00e9e type Van Houtten<\/li>\n<\/ul>\n<h1>J-1<\/h1>\n<h3>TIRAMISU J-1<\/h3>\n<ul>\n<li>2 jaunes d&#8217;oeufs<\/li>\n<li>40g de sucre glace<\/li>\n<li>500g de mascarpone<\/li>\n<li>6 blancs d&#8217;oeufs<\/li>\n<li>20g de sucre semoule<\/li>\n<li>25 biscuits \u00e0 la cuill\u00e8re<\/li>\n<li>1g de poudre de vanille<\/li>\n<li>Caf\u00e9 fort<\/li>\n<li>Amaretto<\/li>\n<\/ul>\n<p>C&#8217;est un g\u00e2teau qui se pr\u00e9pare la veille afin qu&#8217;il soit bien froid et qu&#8217;il ait bien pris au frigo.<\/p>\n<p>Dans un cul de poule, mettez <strong>2<\/strong> jaunes d&#8217;oeufs et <strong>40g<\/strong> de sucre glace et blanchissez l\u00e9g\u00e8rement au fouet.<\/p>\n<p><img loading=\"lazy\" class=\"alignnone size-medium wp-image-1916\" src=\"http:\/\/confiotes.com\/wp-content\/uploads\/2020\/02\/IMG_6622-300x300.jpg\" alt=\"\" width=\"300\" height=\"300\" srcset=\"https:\/\/confiotes.com\/wp-content\/uploads\/2020\/02\/IMG_6622-300x300.jpg 300w, https:\/\/confiotes.com\/wp-content\/uploads\/2020\/02\/IMG_6622-150x150.jpg 150w, https:\/\/confiotes.com\/wp-content\/uploads\/2020\/02\/IMG_6622-768x768.jpg 768w, https:\/\/confiotes.com\/wp-content\/uploads\/2020\/02\/IMG_6622-1024x1024.jpg 1024w\" sizes=\"(max-width: 300px) 100vw, 300px\" \/> <img loading=\"lazy\" class=\"alignnone size-medium wp-image-1917\" src=\"http:\/\/confiotes.com\/wp-content\/uploads\/2020\/02\/IMG_6623-300x300.jpg\" alt=\"\" width=\"300\" height=\"300\" srcset=\"https:\/\/confiotes.com\/wp-content\/uploads\/2020\/02\/IMG_6623-300x300.jpg 300w, https:\/\/confiotes.com\/wp-content\/uploads\/2020\/02\/IMG_6623-150x150.jpg 150w, https:\/\/confiotes.com\/wp-content\/uploads\/2020\/02\/IMG_6623-768x768.jpg 768w, https:\/\/confiotes.com\/wp-content\/uploads\/2020\/02\/IMG_6623-1024x1024.jpg 1024w\" sizes=\"(max-width: 300px) 100vw, 300px\" \/><\/p>\n<p>Ajoutez <strong>500g<\/strong> de mascarpone et homog\u00e9n\u00e9isez le tout sans trop travailler.<\/p>\n<p><img loading=\"lazy\" class=\"alignnone size-medium wp-image-1918\" src=\"http:\/\/confiotes.com\/wp-content\/uploads\/2020\/02\/IMG_6624-300x300.jpg\" alt=\"\" width=\"300\" height=\"300\" srcset=\"https:\/\/confiotes.com\/wp-content\/uploads\/2020\/02\/IMG_6624-300x300.jpg 300w, https:\/\/confiotes.com\/wp-content\/uploads\/2020\/02\/IMG_6624-150x150.jpg 150w, https:\/\/confiotes.com\/wp-content\/uploads\/2020\/02\/IMG_6624-768x768.jpg 768w, https:\/\/confiotes.com\/wp-content\/uploads\/2020\/02\/IMG_6624-1024x1024.jpg 1024w\" sizes=\"(max-width: 300px) 100vw, 300px\" \/> <img loading=\"lazy\" class=\"alignnone size-medium wp-image-1919\" src=\"http:\/\/confiotes.com\/wp-content\/uploads\/2020\/02\/IMG_6627-300x300.jpg\" alt=\"\" width=\"300\" height=\"300\" srcset=\"https:\/\/confiotes.com\/wp-content\/uploads\/2020\/02\/IMG_6627-300x300.jpg 300w, https:\/\/confiotes.com\/wp-content\/uploads\/2020\/02\/IMG_6627-150x150.jpg 150w, https:\/\/confiotes.com\/wp-content\/uploads\/2020\/02\/IMG_6627-768x768.jpg 768w, https:\/\/confiotes.com\/wp-content\/uploads\/2020\/02\/IMG_6627-1024x1024.jpg 1024w\" sizes=\"(max-width: 300px) 100vw, 300px\" \/><\/p>\n<p>Montez en neige ferme<strong> 6<\/strong> blancs d&#8217;oeufs en ajoutant \u00e0 mi parcours <strong>20g<\/strong> de sucre semoule pour les serrer <span style=\"color: #bf4508;\">(leur donner plus de tenue)<\/span>.<\/p>\n<p><img loading=\"lazy\" class=\"alignnone size-medium wp-image-1920\" src=\"http:\/\/confiotes.com\/wp-content\/uploads\/2020\/02\/IMG_6628-300x300.jpg\" alt=\"\" width=\"300\" height=\"300\" srcset=\"https:\/\/confiotes.com\/wp-content\/uploads\/2020\/02\/IMG_6628-300x300.jpg 300w, https:\/\/confiotes.com\/wp-content\/uploads\/2020\/02\/IMG_6628-150x150.jpg 150w, https:\/\/confiotes.com\/wp-content\/uploads\/2020\/02\/IMG_6628-768x768.jpg 768w, https:\/\/confiotes.com\/wp-content\/uploads\/2020\/02\/IMG_6628-1024x1024.jpg 1024w\" sizes=\"(max-width: 300px) 100vw, 300px\" \/> <img loading=\"lazy\" class=\"alignnone size-medium wp-image-1922\" src=\"http:\/\/confiotes.com\/wp-content\/uploads\/2020\/02\/IMG_6631-300x300.jpg\" alt=\"\" width=\"300\" height=\"300\" srcset=\"https:\/\/confiotes.com\/wp-content\/uploads\/2020\/02\/IMG_6631-300x300.jpg 300w, https:\/\/confiotes.com\/wp-content\/uploads\/2020\/02\/IMG_6631-150x150.jpg 150w, https:\/\/confiotes.com\/wp-content\/uploads\/2020\/02\/IMG_6631-768x768.jpg 768w, https:\/\/confiotes.com\/wp-content\/uploads\/2020\/02\/IMG_6631-1024x1024.jpg 1024w\" sizes=\"(max-width: 300px) 100vw, 300px\" \/><\/p>\n<p>Incorporez d\u00e9licatement les blancs d&#8217;oeufs mont\u00e9s \u00e0 l&#8217;appareil mascarpone.<\/p>\n<p><img loading=\"lazy\" class=\"alignnone size-medium wp-image-1923\" src=\"http:\/\/confiotes.com\/wp-content\/uploads\/2020\/02\/IMG_6633-300x300.jpg\" alt=\"\" width=\"300\" height=\"300\" srcset=\"https:\/\/confiotes.com\/wp-content\/uploads\/2020\/02\/IMG_6633-300x300.jpg 300w, https:\/\/confiotes.com\/wp-content\/uploads\/2020\/02\/IMG_6633-150x150.jpg 150w, https:\/\/confiotes.com\/wp-content\/uploads\/2020\/02\/IMG_6633-768x768.jpg 768w, https:\/\/confiotes.com\/wp-content\/uploads\/2020\/02\/IMG_6633-1024x1024.jpg 1024w\" sizes=\"(max-width: 300px) 100vw, 300px\" \/> <img loading=\"lazy\" class=\"alignnone size-medium wp-image-1924\" src=\"http:\/\/confiotes.com\/wp-content\/uploads\/2020\/02\/IMG_6634-300x300.jpg\" alt=\"\" width=\"300\" height=\"300\" srcset=\"https:\/\/confiotes.com\/wp-content\/uploads\/2020\/02\/IMG_6634-300x300.jpg 300w, https:\/\/confiotes.com\/wp-content\/uploads\/2020\/02\/IMG_6634-150x150.jpg 150w, https:\/\/confiotes.com\/wp-content\/uploads\/2020\/02\/IMG_6634-768x768.jpg 768w, https:\/\/confiotes.com\/wp-content\/uploads\/2020\/02\/IMG_6634-1024x1024.jpg 1024w\" sizes=\"(max-width: 300px) 100vw, 300px\" \/><\/p>\n<p>Mettez <strong>1g<\/strong> de poudre de vanille et homog\u00e9n\u00e9isez.<\/p>\n<p><img loading=\"lazy\" class=\"alignnone size-medium wp-image-1925\" src=\"http:\/\/confiotes.com\/wp-content\/uploads\/2020\/02\/IMG_6635-300x300.jpg\" alt=\"\" width=\"300\" height=\"300\" srcset=\"https:\/\/confiotes.com\/wp-content\/uploads\/2020\/02\/IMG_6635-300x300.jpg 300w, https:\/\/confiotes.com\/wp-content\/uploads\/2020\/02\/IMG_6635-150x150.jpg 150w, https:\/\/confiotes.com\/wp-content\/uploads\/2020\/02\/IMG_6635-768x768.jpg 768w, https:\/\/confiotes.com\/wp-content\/uploads\/2020\/02\/IMG_6635-1024x1024.jpg 1024w\" sizes=\"(max-width: 300px) 100vw, 300px\" \/><\/p>\n<p>Dans un ramequin plat, faites couler du caf\u00e9 et ajoutez de l&#8217;amaretto selon votre go\u00fbt.<\/p>\n<p><img loading=\"lazy\" class=\"alignnone size-medium wp-image-1926\" src=\"http:\/\/confiotes.com\/wp-content\/uploads\/2020\/02\/IMG_6636-300x300.jpg\" alt=\"\" width=\"300\" height=\"300\" srcset=\"https:\/\/confiotes.com\/wp-content\/uploads\/2020\/02\/IMG_6636-300x300.jpg 300w, https:\/\/confiotes.com\/wp-content\/uploads\/2020\/02\/IMG_6636-150x150.jpg 150w, https:\/\/confiotes.com\/wp-content\/uploads\/2020\/02\/IMG_6636-768x768.jpg 768w, https:\/\/confiotes.com\/wp-content\/uploads\/2020\/02\/IMG_6636-1024x1024.jpg 1024w\" sizes=\"(max-width: 300px) 100vw, 300px\" \/><\/p>\n<p>Trempez <strong>tr\u00e8s<\/strong> rapidement les biscuits \u00e0 la cuill\u00e8re aller\/retour afin de les imbiber sans qu&#8217;ils soient d\u00e9goulinants et placez les dans le fond du plat.<\/p>\n<p><img loading=\"lazy\" class=\"alignnone size-medium wp-image-1927\" src=\"http:\/\/confiotes.com\/wp-content\/uploads\/2020\/02\/IMG_6637-300x300.jpg\" alt=\"\" width=\"300\" height=\"300\" srcset=\"https:\/\/confiotes.com\/wp-content\/uploads\/2020\/02\/IMG_6637-300x300.jpg 300w, https:\/\/confiotes.com\/wp-content\/uploads\/2020\/02\/IMG_6637-150x150.jpg 150w, https:\/\/confiotes.com\/wp-content\/uploads\/2020\/02\/IMG_6637-768x768.jpg 768w, https:\/\/confiotes.com\/wp-content\/uploads\/2020\/02\/IMG_6637-1024x1024.jpg 1024w\" sizes=\"(max-width: 300px) 100vw, 300px\" \/><\/p>\n<p>Ajoutez une couche de cr\u00e8me mascarpone.<\/p>\n<p><img loading=\"lazy\" class=\"alignnone size-medium wp-image-1928\" src=\"http:\/\/confiotes.com\/wp-content\/uploads\/2020\/02\/IMG_6638-300x300.jpg\" alt=\"\" width=\"300\" height=\"300\" srcset=\"https:\/\/confiotes.com\/wp-content\/uploads\/2020\/02\/IMG_6638-300x300.jpg 300w, https:\/\/confiotes.com\/wp-content\/uploads\/2020\/02\/IMG_6638-150x150.jpg 150w, https:\/\/confiotes.com\/wp-content\/uploads\/2020\/02\/IMG_6638-768x768.jpg 768w, https:\/\/confiotes.com\/wp-content\/uploads\/2020\/02\/IMG_6638-1024x1024.jpg 1024w\" sizes=\"(max-width: 300px) 100vw, 300px\" \/><\/p>\n<p>Trempez \u00e0 nouveau tr\u00e8s rapidement les biscuits \u00e0 la cuill\u00e8re aller\/retour dans le m\u00e9lange caf\u00e9\/amaretto puis placez les sur la cr\u00e8me.<\/p>\n<p><img loading=\"lazy\" class=\"alignnone size-medium wp-image-1929\" src=\"http:\/\/confiotes.com\/wp-content\/uploads\/2020\/02\/IMG_6640-300x300.jpg\" alt=\"\" width=\"300\" height=\"300\" srcset=\"https:\/\/confiotes.com\/wp-content\/uploads\/2020\/02\/IMG_6640-300x300.jpg 300w, https:\/\/confiotes.com\/wp-content\/uploads\/2020\/02\/IMG_6640-150x150.jpg 150w, https:\/\/confiotes.com\/wp-content\/uploads\/2020\/02\/IMG_6640-768x768.jpg 768w, https:\/\/confiotes.com\/wp-content\/uploads\/2020\/02\/IMG_6640-1024x1024.jpg 1024w\" sizes=\"(max-width: 300px) 100vw, 300px\" \/><\/p>\n<p>Enfin, mettez une deuxi\u00e8me couche de cr\u00e8me, lissez puis filmez au contact et laissez au frigo <strong>24h<\/strong>.<\/p>\n<p><img loading=\"lazy\" class=\"alignnone size-medium wp-image-1931\" src=\"http:\/\/confiotes.com\/wp-content\/uploads\/2020\/02\/IMG_6642-300x300.jpg\" alt=\"\" width=\"300\" height=\"300\" srcset=\"https:\/\/confiotes.com\/wp-content\/uploads\/2020\/02\/IMG_6642-300x300.jpg 300w, https:\/\/confiotes.com\/wp-content\/uploads\/2020\/02\/IMG_6642-150x150.jpg 150w, https:\/\/confiotes.com\/wp-content\/uploads\/2020\/02\/IMG_6642-768x768.jpg 768w, https:\/\/confiotes.com\/wp-content\/uploads\/2020\/02\/IMG_6642-1024x1024.jpg 1024w\" sizes=\"(max-width: 300px) 100vw, 300px\" \/><\/p>\n<h1>JOUR J<\/h1>\n<h3>MONTAGE JOUR J<\/h3>\n<ul>\n<li>QS de poudre de cacao non sucr\u00e9e type Van Houtten<\/li>\n<\/ul>\n<p><span style=\"color: #bf4508;\">Le premier qui me prend du nesquick pour saupoudrer son tiramisu je le d\u00e9nonce \u00e0 la DGSE!!<\/span><\/p>\n<p>Juste avant de servir, sortez votre tiramisu, enlevez le film et avec un petit chinois, saupoudrez de poudre de cacao de fa\u00e7on uniforme sur l&#8217;ensemble du plat.<\/p>\n<p><img loading=\"lazy\" class=\"alignnone size-medium wp-image-1937\" src=\"http:\/\/confiotes.com\/wp-content\/uploads\/2020\/02\/IMG_6696-300x300.jpg\" alt=\"\" width=\"300\" height=\"300\" srcset=\"https:\/\/confiotes.com\/wp-content\/uploads\/2020\/02\/IMG_6696-300x300.jpg 300w, https:\/\/confiotes.com\/wp-content\/uploads\/2020\/02\/IMG_6696-150x150.jpg 150w, https:\/\/confiotes.com\/wp-content\/uploads\/2020\/02\/IMG_6696-768x768.jpg 768w, https:\/\/confiotes.com\/wp-content\/uploads\/2020\/02\/IMG_6696-1024x1024.jpg 1024w\" sizes=\"(max-width: 300px) 100vw, 300px\" \/><img loading=\"lazy\" class=\"alignnone size-medium wp-image-1940\" src=\"http:\/\/confiotes.com\/wp-content\/uploads\/2020\/02\/IMG_6665-300x300.jpg\" alt=\"\" width=\"300\" height=\"300\" srcset=\"https:\/\/confiotes.com\/wp-content\/uploads\/2020\/02\/IMG_6665-300x300.jpg 300w, https:\/\/confiotes.com\/wp-content\/uploads\/2020\/02\/IMG_6665-150x150.jpg 150w, https:\/\/confiotes.com\/wp-content\/uploads\/2020\/02\/IMG_6665-768x768.jpg 768w, https:\/\/confiotes.com\/wp-content\/uploads\/2020\/02\/IMG_6665-1024x1024.jpg 1024w\" sizes=\"(max-width: 300px) 100vw, 300px\" \/><\/p>\n<p>Et voila vous n&#8217;avez plus qu&#8217;\u00e0 lancer votre compile \ud83c\udfbcItalia \ud83c\uddee\ud83c\uddf9\ud83c\udfbc et servir votre Tiramisu!<\/p>\n<p style=\"text-align: center;\"><img loading=\"lazy\" class=\"alignnone size-medium wp-image-1938\" src=\"http:\/\/confiotes.com\/wp-content\/uploads\/2020\/02\/IMG_6701-300x300.jpg\" alt=\"\" width=\"300\" height=\"300\" srcset=\"https:\/\/confiotes.com\/wp-content\/uploads\/2020\/02\/IMG_6701-300x300.jpg 300w, https:\/\/confiotes.com\/wp-content\/uploads\/2020\/02\/IMG_6701-150x150.jpg 150w, https:\/\/confiotes.com\/wp-content\/uploads\/2020\/02\/IMG_6701-768x768.jpg 768w, https:\/\/confiotes.com\/wp-content\/uploads\/2020\/02\/IMG_6701-1024x1024.jpg 1024w\" sizes=\"(max-width: 300px) 100vw, 300px\" \/><\/p>\n<h6 style=\"text-align: center;\">Sar\u00e0 perch\u00e9 ti amooooo<\/h6>\n<style>.pf-button.pf-button-excerpt { display: none; }<\/style>","protected":false},"excerpt":{"rendered":"<p>Je ne peux pas faire de tiramisu sans penser mes voyages en Italie sur la route de la Toscane, chantant \u00e0 tue t\u00eate &#8220;lasciatemi cantareeeee sono un italianoooo&#8221;. Les pastas, les pizzas, le tiramisu les gelati&#8230; bref en toute l\u00e9g\u00e8ret\u00e9 \u00e0 chaque passage l\u00e0 bas&#8230; Cette recette je l&#8217;ai depuis des ann\u00e9es, c&#8217;est ma tante Brigitte qui me l&#8217;avait donn\u00e9e, je l&#8217;ai un peu ajust\u00e9e en sucre. Elle est inratable, je l&#8217;adooore et manifestement tous mes amis aussi! Je vous propose ici une version familiale&#8230;<span class=\"clearfix clearfix-post\"><\/span><a href=\"https:\/\/confiotes.com\/index.php\/tiramisu-cafe-amaretto\/\" class=\"more-link\">Lire la suite de <span class=\"screen-reader-text\">&#8220;Tiramis\u00f9 caf\u00e9-amaretto&#8221;<\/span> <span class=\"meta-nav\">&rarr;<\/span><\/a><\/p>\n","protected":false},"author":1,"featured_media":1938,"parent":0,"menu_order":0,"comment_status":"open","ping_status":"open","template":"","meta":[],"yoast_head":"<!-- This site is optimized with the Yoast SEO plugin v16.9 - https:\/\/yoast.com\/wordpress\/plugins\/seo\/ -->\n<title>Tiramis\u00f9 caf\u00e9-amaretto &ndash; Confiotes<\/title>\n<meta name=\"robots\" content=\"index, follow, max-snippet:-1, max-image-preview:large, max-video-preview:-1\" \/>\n<link rel=\"canonical\" href=\"https:\/\/confiotes.com\/index.php\/tiramisu-cafe-amaretto\/\" \/>\n<meta property=\"og:locale\" content=\"fr_FR\" \/>\n<meta property=\"og:type\" content=\"article\" \/>\n<meta property=\"og:title\" content=\"Tiramis\u00f9 caf\u00e9-amaretto &ndash; Confiotes\" \/>\n<meta property=\"og:description\" content=\"Je ne peux pas faire de tiramisu sans penser mes voyages en Italie sur la route de la Toscane, chantant \u00e0 tue t\u00eate &#8220;lasciatemi cantareeeee sono un italianoooo&#8221;. Les pastas, les pizzas, le tiramisu les gelati&#8230; bref en toute l\u00e9g\u00e8ret\u00e9 \u00e0 chaque passage l\u00e0 bas&#8230; Cette recette je l&#8217;ai depuis des ann\u00e9es, c&#8217;est ma tante Brigitte qui me l&#8217;avait donn\u00e9e, je l&#8217;ai un peu ajust\u00e9e en sucre. Elle est inratable, je l&#8217;adooore et manifestement tous mes amis aussi! Je vous propose ici une version familiale...Lire la suite de &quot;Tiramis\u00f9 caf\u00e9-amaretto&quot; &rarr;\" \/>\n<meta property=\"og:url\" content=\"https:\/\/confiotes.com\/index.php\/tiramisu-cafe-amaretto\/\" \/>\n<meta property=\"og:site_name\" content=\"Confiotes\" \/>\n<meta property=\"article:modified_time\" content=\"2021-08-15T14:17:07+00:00\" \/>\n<meta property=\"og:image\" content=\"http:\/\/confiotes.com\/wp-content\/uploads\/2020\/02\/IMG_6701-1024x1024.jpg\" \/>\n\t<meta property=\"og:image:width\" content=\"1024\" \/>\n\t<meta property=\"og:image:height\" content=\"1024\" \/>\n<meta name=\"twitter:card\" content=\"summary_large_image\" \/>\n<meta name=\"twitter:label1\" content=\"Dur\u00e9e de lecture est.\" \/>\n\t<meta name=\"twitter:data1\" content=\"2 minutes\" \/>\n<script type=\"application\/ld+json\" class=\"yoast-schema-graph\">{\"@context\":\"https:\/\/schema.org\",\"@graph\":[{\"@type\":[\"Person\",\"Organization\"],\"@id\":\"http:\/\/confiotes.com\/#\/schema\/person\/7314aa61a7f8034206f5db781e7d0921\",\"name\":\"confiotes\",\"image\":{\"@type\":\"ImageObject\",\"@id\":\"http:\/\/confiotes.com\/#personlogo\",\"inLanguage\":\"fr-FR\",\"url\":\"https:\/\/secure.gravatar.com\/avatar\/ba1906d35504a1ae9c6b70a24b38e06d?s=96&d=blank&r=g\",\"contentUrl\":\"https:\/\/secure.gravatar.com\/avatar\/ba1906d35504a1ae9c6b70a24b38e06d?s=96&d=blank&r=g\",\"caption\":\"confiotes\"},\"logo\":{\"@id\":\"http:\/\/confiotes.com\/#personlogo\"}},{\"@type\":\"WebSite\",\"@id\":\"http:\/\/confiotes.com\/#website\",\"url\":\"http:\/\/confiotes.com\/\",\"name\":\"Confiotes\",\"description\":\"&quot;Les optimistes et les gourmands vivent plus longtemps&quot; - Jean Anthelme Brillat-Savarin\",\"publisher\":{\"@id\":\"http:\/\/confiotes.com\/#\/schema\/person\/7314aa61a7f8034206f5db781e7d0921\"},\"potentialAction\":[{\"@type\":\"SearchAction\",\"target\":{\"@type\":\"EntryPoint\",\"urlTemplate\":\"http:\/\/confiotes.com\/?s={search_term_string}\"},\"query-input\":\"required name=search_term_string\"}],\"inLanguage\":\"fr-FR\"},{\"@type\":\"ImageObject\",\"@id\":\"https:\/\/confiotes.com\/index.php\/tiramisu-cafe-amaretto\/#primaryimage\",\"inLanguage\":\"fr-FR\",\"url\":\"https:\/\/confiotes.com\/wp-content\/uploads\/2020\/02\/IMG_6701.jpg\",\"contentUrl\":\"https:\/\/confiotes.com\/wp-content\/uploads\/2020\/02\/IMG_6701.jpg\",\"width\":2859,\"height\":2859},{\"@type\":\"WebPage\",\"@id\":\"https:\/\/confiotes.com\/index.php\/tiramisu-cafe-amaretto\/#webpage\",\"url\":\"https:\/\/confiotes.com\/index.php\/tiramisu-cafe-amaretto\/\",\"name\":\"Tiramis\\u00f9 caf\\u00e9-amaretto &ndash; Confiotes\",\"isPartOf\":{\"@id\":\"http:\/\/confiotes.com\/#website\"},\"primaryImageOfPage\":{\"@id\":\"https:\/\/confiotes.com\/index.php\/tiramisu-cafe-amaretto\/#primaryimage\"},\"datePublished\":\"2020-02-02T09:23:30+00:00\",\"dateModified\":\"2021-08-15T14:17:07+00:00\",\"breadcrumb\":{\"@id\":\"https:\/\/confiotes.com\/index.php\/tiramisu-cafe-amaretto\/#breadcrumb\"},\"inLanguage\":\"fr-FR\",\"potentialAction\":[{\"@type\":\"ReadAction\",\"target\":[\"https:\/\/confiotes.com\/index.php\/tiramisu-cafe-amaretto\/\"]}]},{\"@type\":\"BreadcrumbList\",\"@id\":\"https:\/\/confiotes.com\/index.php\/tiramisu-cafe-amaretto\/#breadcrumb\",\"itemListElement\":[{\"@type\":\"ListItem\",\"position\":1,\"name\":\"Accueil\",\"item\":\"http:\/\/confiotes.com\/\"},{\"@type\":\"ListItem\",\"position\":2,\"name\":\"Tiramis\\u00f9 caf\\u00e9-amaretto\"}]}]}<\/script>\n<!-- \/ Yoast SEO plugin. -->","yoast_head_json":{"title":"Tiramis\u00f9 caf\u00e9-amaretto &ndash; Confiotes","robots":{"index":"index","follow":"follow","max-snippet":"max-snippet:-1","max-image-preview":"max-image-preview:large","max-video-preview":"max-video-preview:-1"},"canonical":"https:\/\/confiotes.com\/index.php\/tiramisu-cafe-amaretto\/","og_locale":"fr_FR","og_type":"article","og_title":"Tiramis\u00f9 caf\u00e9-amaretto &ndash; Confiotes","og_description":"Je ne peux pas faire de tiramisu sans penser mes voyages en Italie sur la route de la Toscane, chantant \u00e0 tue t\u00eate &#8220;lasciatemi cantareeeee sono un italianoooo&#8221;. Les pastas, les pizzas, le tiramisu les gelati&#8230; bref en toute l\u00e9g\u00e8ret\u00e9 \u00e0 chaque passage l\u00e0 bas&#8230; Cette recette je l&#8217;ai depuis des ann\u00e9es, c&#8217;est ma tante Brigitte qui me l&#8217;avait donn\u00e9e, je l&#8217;ai un peu ajust\u00e9e en sucre. Elle est inratable, je l&#8217;adooore et manifestement tous mes amis aussi! Je vous propose ici une version familiale...Lire la suite de \"Tiramis\u00f9 caf\u00e9-amaretto\" &rarr;","og_url":"https:\/\/confiotes.com\/index.php\/tiramisu-cafe-amaretto\/","og_site_name":"Confiotes","article_modified_time":"2021-08-15T14:17:07+00:00","og_image":[{"width":1024,"height":1024,"path":"2020\/02\/IMG_6701-1024x1024.jpg","url":"http:\/\/confiotes.com\/wp-content\/uploads\/2020\/02\/IMG_6701-1024x1024.jpg","size":"large","id":1938,"alt":"","pixels":1048576,"type":"image\/jpeg"}],"twitter_card":"summary_large_image","twitter_misc":{"Dur\u00e9e de lecture est.":"2 minutes"},"schema":{"@context":"https:\/\/schema.org","@graph":[{"@type":["Person","Organization"],"@id":"http:\/\/confiotes.com\/#\/schema\/person\/7314aa61a7f8034206f5db781e7d0921","name":"confiotes","image":{"@type":"ImageObject","@id":"http:\/\/confiotes.com\/#personlogo","inLanguage":"fr-FR","url":"https:\/\/secure.gravatar.com\/avatar\/ba1906d35504a1ae9c6b70a24b38e06d?s=96&d=blank&r=g","contentUrl":"https:\/\/secure.gravatar.com\/avatar\/ba1906d35504a1ae9c6b70a24b38e06d?s=96&d=blank&r=g","caption":"confiotes"},"logo":{"@id":"http:\/\/confiotes.com\/#personlogo"}},{"@type":"WebSite","@id":"http:\/\/confiotes.com\/#website","url":"http:\/\/confiotes.com\/","name":"Confiotes","description":"&quot;Les optimistes et les gourmands vivent plus longtemps&quot; - Jean Anthelme Brillat-Savarin","publisher":{"@id":"http:\/\/confiotes.com\/#\/schema\/person\/7314aa61a7f8034206f5db781e7d0921"},"potentialAction":[{"@type":"SearchAction","target":{"@type":"EntryPoint","urlTemplate":"http:\/\/confiotes.com\/?s={search_term_string}"},"query-input":"required name=search_term_string"}],"inLanguage":"fr-FR"},{"@type":"ImageObject","@id":"https:\/\/confiotes.com\/index.php\/tiramisu-cafe-amaretto\/#primaryimage","inLanguage":"fr-FR","url":"https:\/\/confiotes.com\/wp-content\/uploads\/2020\/02\/IMG_6701.jpg","contentUrl":"https:\/\/confiotes.com\/wp-content\/uploads\/2020\/02\/IMG_6701.jpg","width":2859,"height":2859},{"@type":"WebPage","@id":"https:\/\/confiotes.com\/index.php\/tiramisu-cafe-amaretto\/#webpage","url":"https:\/\/confiotes.com\/index.php\/tiramisu-cafe-amaretto\/","name":"Tiramis\u00f9 caf\u00e9-amaretto &ndash; Confiotes","isPartOf":{"@id":"http:\/\/confiotes.com\/#website"},"primaryImageOfPage":{"@id":"https:\/\/confiotes.com\/index.php\/tiramisu-cafe-amaretto\/#primaryimage"},"datePublished":"2020-02-02T09:23:30+00:00","dateModified":"2021-08-15T14:17:07+00:00","breadcrumb":{"@id":"https:\/\/confiotes.com\/index.php\/tiramisu-cafe-amaretto\/#breadcrumb"},"inLanguage":"fr-FR","potentialAction":[{"@type":"ReadAction","target":["https:\/\/confiotes.com\/index.php\/tiramisu-cafe-amaretto\/"]}]},{"@type":"BreadcrumbList","@id":"https:\/\/confiotes.com\/index.php\/tiramisu-cafe-amaretto\/#breadcrumb","itemListElement":[{"@type":"ListItem","position":1,"name":"Accueil","item":"http:\/\/confiotes.com\/"},{"@type":"ListItem","position":2,"name":"Tiramis\u00f9 caf\u00e9-amaretto"}]}]}},"_links":{"self":[{"href":"https:\/\/confiotes.com\/index.php\/wp-json\/wp\/v2\/pages\/1915"}],"collection":[{"href":"https:\/\/confiotes.com\/index.php\/wp-json\/wp\/v2\/pages"}],"about":[{"href":"https:\/\/confiotes.com\/index.php\/wp-json\/wp\/v2\/types\/page"}],"author":[{"embeddable":true,"href":"https:\/\/confiotes.com\/index.php\/wp-json\/wp\/v2\/users\/1"}],"replies":[{"embeddable":true,"href":"https:\/\/confiotes.com\/index.php\/wp-json\/wp\/v2\/comments?post=1915"}],"version-history":[{"count":10,"href":"https:\/\/confiotes.com\/index.php\/wp-json\/wp\/v2\/pages\/1915\/revisions"}],"predecessor-version":[{"id":4147,"href":"https:\/\/confiotes.com\/index.php\/wp-json\/wp\/v2\/pages\/1915\/revisions\/4147"}],"wp:featuredmedia":[{"embeddable":true,"href":"https:\/\/confiotes.com\/index.php\/wp-json\/wp\/v2\/media\/1938"}],"wp:attachment":[{"href":"https:\/\/confiotes.com\/index.php\/wp-json\/wp\/v2\/media?parent=1915"}],"curies":[{"name":"wp","href":"https:\/\/api.w.org\/{rel}","templated":true}]}}