{"id":168,"date":"2019-01-04T14:50:10","date_gmt":"2019-01-04T13:50:10","guid":{"rendered":"http:\/\/confiotes.com\/?page_id=168"},"modified":"2020-08-07T22:51:42","modified_gmt":"2020-08-07T20:51:42","slug":"creme-chocolat-christophe-felder","status":"publish","type":"page","link":"https:\/\/confiotes.com\/index.php\/creme-chocolat-christophe-felder\/","title":{"rendered":"Cr\u00e8mes chocolat &#8211; Christophe Felder"},"content":{"rendered":"<p>Si vous \u00eates invit\u00e9s \u00e0 votre 4\u00e8me d\u00eener de la semaine, qu&#8217;on vous demande de pr\u00e9parer le dessert, que vous n&#8217;en poooouuuuuvez plus de fatigue et l&#8217;id\u00e9e de vous lancer dans la pr\u00e9paration d&#8217;un entremet vous donne envie d&#8217;aller vous mettre dans votre lit avec une pancarte &#8220;en gr\u00e8ve&#8221;&#8230; Voici une recette pour vous!!<\/p>\n<p><img loading=\"lazy\" class=\"size-medium wp-image-169 aligncenter\" src=\"http:\/\/confiotes.com\/wp-content\/uploads\/2019\/01\/greve-1080x675-300x188.jpg\" alt=\"\" width=\"300\" height=\"188\" srcset=\"https:\/\/confiotes.com\/wp-content\/uploads\/2019\/01\/greve-1080x675-300x188.jpg 300w, https:\/\/confiotes.com\/wp-content\/uploads\/2019\/01\/greve-1080x675-768x480.jpg 768w, https:\/\/confiotes.com\/wp-content\/uploads\/2019\/01\/greve-1080x675-1024x640.jpg 1024w, https:\/\/confiotes.com\/wp-content\/uploads\/2019\/01\/greve-1080x675.jpg 1080w\" sizes=\"(max-width: 300px) 100vw, 300px\" \/><\/p>\n<p>Il n&#8217;y a pas plus simple! Une cr\u00e8me anglaise m\u00e9lang\u00e9e \u00e0 du chocolat. Vous pouvez m\u00eame la faire le matin pour le soir, il suffit de 8h de repos.<\/p>\n<p>Et le meilleur moment c&#8217;est quand tout le monde s&#8217;extasie de vos prouesses et que vous savez que vous n&#8217;avez presque rien fait!! MOUHAHAHAHA<\/p>\n<h3>POUR 4 VERRINES<\/h3>\n<ul>\n<li>120g de chocolat 70%<\/li>\n<li>150ml de lait entier<\/li>\n<li>150ml de cr\u00e8me liquide enti\u00e8re<\/li>\n<li>3 jaunes d\u2019\u0153ufs<\/li>\n<li>30g de sucre semoule <span style=\"color: #bf4508;\">(10g de cassonade et 15g de rapadura)<\/span><\/li>\n<\/ul>\n<p>Coupez <strong>120g<\/strong> de chocolat 70% en petits morceaux. <span style=\"color: #800000;\"><span style=\"color: #bf4508;\">(Sinon vous pouvez prendre directement des pistoles, pas besoin de les couper -&gt; je vous avais dit que j&#8217;\u00e9tais une grosse feignasse non?! On peut \u00e9videmment choisir le % que l&#8217;on veut pour le chocolat).<\/span><\/span><\/p>\n<p><img loading=\"lazy\" class=\"alignnone size-medium wp-image-1259\" src=\"http:\/\/confiotes.com\/wp-content\/uploads\/2019\/12\/IMG_5026-300x300.jpg\" alt=\"\" width=\"300\" height=\"300\" srcset=\"https:\/\/confiotes.com\/wp-content\/uploads\/2019\/12\/IMG_5026-300x300.jpg 300w, https:\/\/confiotes.com\/wp-content\/uploads\/2019\/12\/IMG_5026-150x150.jpg 150w, https:\/\/confiotes.com\/wp-content\/uploads\/2019\/12\/IMG_5026-768x768.jpg 768w, https:\/\/confiotes.com\/wp-content\/uploads\/2019\/12\/IMG_5026-1024x1024.jpg 1024w\" sizes=\"(max-width: 300px) 100vw, 300px\" \/><\/p>\n<p>Portez \u00e0 petit fr\u00e9missement\u00a0<strong>150ml<\/strong> de lait entier et <strong>150ml<\/strong> de cr\u00e8me liquide enti\u00e8re.<\/p>\n<p><img loading=\"lazy\" class=\"alignnone size-medium wp-image-1256\" src=\"http:\/\/confiotes.com\/wp-content\/uploads\/2019\/12\/IMG_5023-300x300.jpg\" alt=\"\" width=\"300\" height=\"300\" srcset=\"https:\/\/confiotes.com\/wp-content\/uploads\/2019\/12\/IMG_5023-300x300.jpg 300w, https:\/\/confiotes.com\/wp-content\/uploads\/2019\/12\/IMG_5023-150x150.jpg 150w, https:\/\/confiotes.com\/wp-content\/uploads\/2019\/12\/IMG_5023-768x768.jpg 768w, https:\/\/confiotes.com\/wp-content\/uploads\/2019\/12\/IMG_5023-1024x1024.jpg 1024w\" sizes=\"(max-width: 300px) 100vw, 300px\" \/><\/p>\n<p>Dans un cul de poule, sans blanchir, fouettez\u00a0<strong>3<\/strong> jaunes d\u2019\u0153ufs, <span style=\"color: #bf4508;\"><strong>10g<\/strong><\/span> de cassonade et\u00a0<span style=\"color: #bf4508;\"><b>15g\u00a0<\/b><\/span>de rapadura <span style=\"color: #bf4508;\">(sucre non rafin\u00e9 qui peut aussi s&#8217;appeler muscovado. On le trouve souvent au rayon BIO)<\/span>.<\/p>\n<p><img loading=\"lazy\" class=\"alignnone size-medium wp-image-1257\" src=\"http:\/\/confiotes.com\/wp-content\/uploads\/2019\/12\/IMG_5024-300x300.jpg\" alt=\"\" width=\"300\" height=\"300\" srcset=\"https:\/\/confiotes.com\/wp-content\/uploads\/2019\/12\/IMG_5024-300x300.jpg 300w, https:\/\/confiotes.com\/wp-content\/uploads\/2019\/12\/IMG_5024-150x150.jpg 150w, https:\/\/confiotes.com\/wp-content\/uploads\/2019\/12\/IMG_5024-768x768.jpg 768w, https:\/\/confiotes.com\/wp-content\/uploads\/2019\/12\/IMG_5024-1024x1024.jpg 1024w\" sizes=\"(max-width: 300px) 100vw, 300px\" \/><img loading=\"lazy\" class=\"alignnone size-medium wp-image-1258\" src=\"http:\/\/confiotes.com\/wp-content\/uploads\/2019\/12\/IMG_5025-300x300.jpg\" alt=\"\" width=\"300\" height=\"300\" srcset=\"https:\/\/confiotes.com\/wp-content\/uploads\/2019\/12\/IMG_5025-300x300.jpg 300w, https:\/\/confiotes.com\/wp-content\/uploads\/2019\/12\/IMG_5025-150x150.jpg 150w, https:\/\/confiotes.com\/wp-content\/uploads\/2019\/12\/IMG_5025-768x768.jpg 768w, https:\/\/confiotes.com\/wp-content\/uploads\/2019\/12\/IMG_5025-1024x1024.jpg 1024w\" sizes=\"(max-width: 300px) 100vw, 300px\" \/><\/p>\n<p>Quand m\u00e9lange lait-cr\u00e8me commence \u00e0 bouillir, versez petit \u00e0 petit sur l&#8217;appareil jaune\/sucre en remuant toujours au fouet.<\/p>\n<p>Remettez le tout dans la casserole et cuire \u00e0 feu moyen en remuant sans arr\u00eat, jusqu\u2019\u00e0 obtenir une cr\u00e8me anglaise. Attention \u00e0 ne pas d\u00e9passer <strong>83\u00b0C<\/strong> sinon vous allez obtenir une omelette. Les oeufs coagulent \u00e0 cette temp\u00e9rature.\u00a0<span style=\"color: #800000;\"><span style=\"color: #bf4508;\">(Je ne vous apprends rien en vous disant que l&#8217;on v\u00e9rifie qu&#8217;une cr\u00e8me anglaise est pr\u00eate lorsqu&#8217;elle nappe la cuill\u00e8re et que vous pouvez faire un trait qui reste visible)<\/span>.<\/span><\/p>\n<p><img loading=\"lazy\" class=\"alignnone size-medium wp-image-1260\" src=\"http:\/\/confiotes.com\/wp-content\/uploads\/2019\/12\/IMG_5029-300x300.jpg\" alt=\"\" width=\"300\" height=\"300\" srcset=\"https:\/\/confiotes.com\/wp-content\/uploads\/2019\/12\/IMG_5029-300x300.jpg 300w, https:\/\/confiotes.com\/wp-content\/uploads\/2019\/12\/IMG_5029-150x150.jpg 150w, https:\/\/confiotes.com\/wp-content\/uploads\/2019\/12\/IMG_5029-768x768.jpg 768w, https:\/\/confiotes.com\/wp-content\/uploads\/2019\/12\/IMG_5029-1024x1024.jpg 1024w\" sizes=\"(max-width: 300px) 100vw, 300px\" \/><img loading=\"lazy\" class=\"alignnone size-medium wp-image-176\" src=\"http:\/\/confiotes.com\/wp-content\/uploads\/2019\/01\/IMG_6250-e1546610423425-300x300.jpg\" alt=\"\" width=\"300\" height=\"300\" srcset=\"https:\/\/confiotes.com\/wp-content\/uploads\/2019\/01\/IMG_6250-e1546610423425-300x300.jpg 300w, https:\/\/confiotes.com\/wp-content\/uploads\/2019\/01\/IMG_6250-e1546610423425-150x150.jpg 150w, https:\/\/confiotes.com\/wp-content\/uploads\/2019\/01\/IMG_6250-e1546610423425-768x768.jpg 768w, https:\/\/confiotes.com\/wp-content\/uploads\/2019\/01\/IMG_6250-e1546610423425-1024x1024.jpg 1024w\" sizes=\"(max-width: 300px) 100vw, 300px\" \/><\/p>\n<p>Versez l\u2019appareil pr\u00e9c\u00e9dent en 3 fois sur le chocolat, homog\u00e9n\u00e9isez puis mixez au mixeur plongeant.<\/p>\n<p><img loading=\"lazy\" class=\"alignnone size-medium wp-image-1261\" src=\"http:\/\/confiotes.com\/wp-content\/uploads\/2019\/12\/IMG_5031-300x300.jpg\" alt=\"\" width=\"300\" height=\"300\" srcset=\"https:\/\/confiotes.com\/wp-content\/uploads\/2019\/12\/IMG_5031-300x300.jpg 300w, https:\/\/confiotes.com\/wp-content\/uploads\/2019\/12\/IMG_5031-150x150.jpg 150w, https:\/\/confiotes.com\/wp-content\/uploads\/2019\/12\/IMG_5031-768x768.jpg 768w, https:\/\/confiotes.com\/wp-content\/uploads\/2019\/12\/IMG_5031-1024x1024.jpg 1024w\" sizes=\"(max-width: 300px) 100vw, 300px\" \/><img loading=\"lazy\" class=\"alignnone size-medium wp-image-1262\" src=\"http:\/\/confiotes.com\/wp-content\/uploads\/2019\/12\/IMG_5033-300x300.jpg\" alt=\"\" width=\"300\" height=\"300\" srcset=\"https:\/\/confiotes.com\/wp-content\/uploads\/2019\/12\/IMG_5033-300x300.jpg 300w, https:\/\/confiotes.com\/wp-content\/uploads\/2019\/12\/IMG_5033-150x150.jpg 150w, https:\/\/confiotes.com\/wp-content\/uploads\/2019\/12\/IMG_5033-768x768.jpg 768w, https:\/\/confiotes.com\/wp-content\/uploads\/2019\/12\/IMG_5033-1024x1024.jpg 1024w\" sizes=\"(max-width: 300px) 100vw, 300px\" \/><\/p>\n<p>Remplissez les verrines, laissez les reposer \u00e0 T\u00b0 ambiante le temps qu&#8217;elles refroidissent un peu, environ <strong>1h<\/strong>, puis mettez les au r\u00e9frig\u00e9rateur minimum <strong>6h<\/strong>.<\/p>\n<p><img loading=\"lazy\" class=\"size-medium wp-image-1263 aligncenter\" src=\"http:\/\/confiotes.com\/wp-content\/uploads\/2019\/12\/IMG_5063-300x300.jpeg\" alt=\"\" width=\"300\" height=\"300\" srcset=\"https:\/\/confiotes.com\/wp-content\/uploads\/2019\/12\/IMG_5063-300x300.jpeg 300w, https:\/\/confiotes.com\/wp-content\/uploads\/2019\/12\/IMG_5063-150x150.jpeg 150w, https:\/\/confiotes.com\/wp-content\/uploads\/2019\/12\/IMG_5063-768x768.jpeg 768w, https:\/\/confiotes.com\/wp-content\/uploads\/2019\/12\/IMG_5063-1024x1024.jpeg 1024w\" sizes=\"(max-width: 300px) 100vw, 300px\" \/><\/p>\n<h6 style=\"text-align: center;\">Bon ben moi je vous laisse, je retourne sous ma couette avec ma cr\u00e8me!!<\/h6>\n<style>.pf-button.pf-button-excerpt { display: none; }<\/style>","protected":false},"excerpt":{"rendered":"<p>Si vous \u00eates invit\u00e9s \u00e0 votre 4\u00e8me d\u00eener de la semaine, qu&#8217;on vous demande de pr\u00e9parer le dessert, que vous n&#8217;en poooouuuuuvez plus de fatigue et l&#8217;id\u00e9e de vous lancer dans la pr\u00e9paration d&#8217;un entremet vous donne envie d&#8217;aller vous mettre dans votre lit avec une pancarte &#8220;en gr\u00e8ve&#8221;&#8230; Voici une recette pour vous!! Il n&#8217;y a pas plus simple! Une cr\u00e8me anglaise m\u00e9lang\u00e9e \u00e0 du chocolat. Vous pouvez m\u00eame la faire le matin pour le soir, il suffit de 8h de repos. Et le&#8230;<span class=\"clearfix clearfix-post\"><\/span><a href=\"https:\/\/confiotes.com\/index.php\/creme-chocolat-christophe-felder\/\" class=\"more-link\">Lire la suite de <span class=\"screen-reader-text\">&#8220;Cr\u00e8mes chocolat &#8211; Christophe Felder&#8221;<\/span> <span class=\"meta-nav\">&rarr;<\/span><\/a><\/p>\n","protected":false},"author":1,"featured_media":1263,"parent":0,"menu_order":0,"comment_status":"open","ping_status":"open","template":"","meta":[],"yoast_head":"<!-- This site is optimized with the Yoast SEO plugin v16.9 - https:\/\/yoast.com\/wordpress\/plugins\/seo\/ -->\n<title>Cr\u00e8mes chocolat - Christophe Felder &ndash; Confiotes<\/title>\n<meta name=\"robots\" content=\"index, follow, max-snippet:-1, max-image-preview:large, max-video-preview:-1\" \/>\n<link rel=\"canonical\" href=\"https:\/\/confiotes.com\/index.php\/creme-chocolat-christophe-felder\/\" \/>\n<meta property=\"og:locale\" content=\"fr_FR\" \/>\n<meta property=\"og:type\" content=\"article\" \/>\n<meta property=\"og:title\" content=\"Cr\u00e8mes chocolat - Christophe Felder &ndash; Confiotes\" \/>\n<meta property=\"og:description\" content=\"Si vous \u00eates invit\u00e9s \u00e0 votre 4\u00e8me d\u00eener de la semaine, qu&#8217;on vous demande de pr\u00e9parer le dessert, que vous n&#8217;en poooouuuuuvez plus de fatigue et l&#8217;id\u00e9e de vous lancer dans la pr\u00e9paration d&#8217;un entremet vous donne envie d&#8217;aller vous mettre dans votre lit avec une pancarte &#8220;en gr\u00e8ve&#8221;&#8230; Voici une recette pour vous!! Il n&#8217;y a pas plus simple! Une cr\u00e8me anglaise m\u00e9lang\u00e9e \u00e0 du chocolat. Vous pouvez m\u00eame la faire le matin pour le soir, il suffit de 8h de repos. Et le...Lire la suite de &quot;Cr\u00e8mes chocolat &#8211; Christophe Felder&quot; &rarr;\" \/>\n<meta property=\"og:url\" content=\"https:\/\/confiotes.com\/index.php\/creme-chocolat-christophe-felder\/\" \/>\n<meta property=\"og:site_name\" content=\"Confiotes\" \/>\n<meta property=\"article:modified_time\" content=\"2020-08-07T20:51:42+00:00\" \/>\n<meta property=\"og:image\" content=\"http:\/\/confiotes.com\/wp-content\/uploads\/2019\/12\/IMG_5063.jpeg\" \/>\n\t<meta property=\"og:image:width\" content=\"3024\" \/>\n\t<meta property=\"og:image:height\" content=\"3024\" \/>\n<meta name=\"twitter:card\" content=\"summary_large_image\" \/>\n<meta name=\"twitter:label1\" content=\"Dur\u00e9e de lecture est.\" \/>\n\t<meta name=\"twitter:data1\" content=\"2 minutes\" \/>\n<script type=\"application\/ld+json\" class=\"yoast-schema-graph\">{\"@context\":\"https:\/\/schema.org\",\"@graph\":[{\"@type\":[\"Person\",\"Organization\"],\"@id\":\"http:\/\/confiotes.com\/#\/schema\/person\/7314aa61a7f8034206f5db781e7d0921\",\"name\":\"confiotes\",\"image\":{\"@type\":\"ImageObject\",\"@id\":\"http:\/\/confiotes.com\/#personlogo\",\"inLanguage\":\"fr-FR\",\"url\":\"https:\/\/secure.gravatar.com\/avatar\/ba1906d35504a1ae9c6b70a24b38e06d?s=96&d=blank&r=g\",\"contentUrl\":\"https:\/\/secure.gravatar.com\/avatar\/ba1906d35504a1ae9c6b70a24b38e06d?s=96&d=blank&r=g\",\"caption\":\"confiotes\"},\"logo\":{\"@id\":\"http:\/\/confiotes.com\/#personlogo\"}},{\"@type\":\"WebSite\",\"@id\":\"http:\/\/confiotes.com\/#website\",\"url\":\"http:\/\/confiotes.com\/\",\"name\":\"Confiotes\",\"description\":\"&quot;Les optimistes et les gourmands vivent plus longtemps&quot; - Jean Anthelme Brillat-Savarin\",\"publisher\":{\"@id\":\"http:\/\/confiotes.com\/#\/schema\/person\/7314aa61a7f8034206f5db781e7d0921\"},\"potentialAction\":[{\"@type\":\"SearchAction\",\"target\":{\"@type\":\"EntryPoint\",\"urlTemplate\":\"http:\/\/confiotes.com\/?s={search_term_string}\"},\"query-input\":\"required name=search_term_string\"}],\"inLanguage\":\"fr-FR\"},{\"@type\":\"ImageObject\",\"@id\":\"https:\/\/confiotes.com\/index.php\/creme-chocolat-christophe-felder\/#primaryimage\",\"inLanguage\":\"fr-FR\",\"url\":\"https:\/\/confiotes.com\/wp-content\/uploads\/2019\/12\/IMG_5063.jpeg\",\"contentUrl\":\"https:\/\/confiotes.com\/wp-content\/uploads\/2019\/12\/IMG_5063.jpeg\",\"width\":3024,\"height\":3024},{\"@type\":\"WebPage\",\"@id\":\"https:\/\/confiotes.com\/index.php\/creme-chocolat-christophe-felder\/#webpage\",\"url\":\"https:\/\/confiotes.com\/index.php\/creme-chocolat-christophe-felder\/\",\"name\":\"Cr\\u00e8mes chocolat - Christophe Felder &ndash; Confiotes\",\"isPartOf\":{\"@id\":\"http:\/\/confiotes.com\/#website\"},\"primaryImageOfPage\":{\"@id\":\"https:\/\/confiotes.com\/index.php\/creme-chocolat-christophe-felder\/#primaryimage\"},\"datePublished\":\"2019-01-04T13:50:10+00:00\",\"dateModified\":\"2020-08-07T20:51:42+00:00\",\"breadcrumb\":{\"@id\":\"https:\/\/confiotes.com\/index.php\/creme-chocolat-christophe-felder\/#breadcrumb\"},\"inLanguage\":\"fr-FR\",\"potentialAction\":[{\"@type\":\"ReadAction\",\"target\":[\"https:\/\/confiotes.com\/index.php\/creme-chocolat-christophe-felder\/\"]}]},{\"@type\":\"BreadcrumbList\",\"@id\":\"https:\/\/confiotes.com\/index.php\/creme-chocolat-christophe-felder\/#breadcrumb\",\"itemListElement\":[{\"@type\":\"ListItem\",\"position\":1,\"name\":\"Accueil\",\"item\":\"http:\/\/confiotes.com\/\"},{\"@type\":\"ListItem\",\"position\":2,\"name\":\"Cr\\u00e8mes chocolat &#8211; Christophe Felder\"}]}]}<\/script>\n<!-- \/ Yoast SEO plugin. -->","yoast_head_json":{"title":"Cr\u00e8mes chocolat - Christophe Felder &ndash; Confiotes","robots":{"index":"index","follow":"follow","max-snippet":"max-snippet:-1","max-image-preview":"max-image-preview:large","max-video-preview":"max-video-preview:-1"},"canonical":"https:\/\/confiotes.com\/index.php\/creme-chocolat-christophe-felder\/","og_locale":"fr_FR","og_type":"article","og_title":"Cr\u00e8mes chocolat - Christophe Felder &ndash; Confiotes","og_description":"Si vous \u00eates invit\u00e9s \u00e0 votre 4\u00e8me d\u00eener de la semaine, qu&#8217;on vous demande de pr\u00e9parer le dessert, que vous n&#8217;en poooouuuuuvez plus de fatigue et l&#8217;id\u00e9e de vous lancer dans la pr\u00e9paration d&#8217;un entremet vous donne envie d&#8217;aller vous mettre dans votre lit avec une pancarte &#8220;en gr\u00e8ve&#8221;&#8230; Voici une recette pour vous!! Il n&#8217;y a pas plus simple! Une cr\u00e8me anglaise m\u00e9lang\u00e9e \u00e0 du chocolat. Vous pouvez m\u00eame la faire le matin pour le soir, il suffit de 8h de repos. Et le...Lire la suite de \"Cr\u00e8mes chocolat &#8211; Christophe Felder\" &rarr;","og_url":"https:\/\/confiotes.com\/index.php\/creme-chocolat-christophe-felder\/","og_site_name":"Confiotes","article_modified_time":"2020-08-07T20:51:42+00:00","og_image":[{"width":3024,"height":3024,"url":"http:\/\/confiotes.com\/wp-content\/uploads\/2019\/12\/IMG_5063.jpeg","path":"\/home\/confiotegd\/www\/wp-content\/uploads\/2019\/12\/IMG_5063.jpeg","size":"full","id":1263,"alt":"","pixels":9144576,"type":"image\/jpeg"}],"twitter_card":"summary_large_image","twitter_misc":{"Dur\u00e9e de lecture est.":"2 minutes"},"schema":{"@context":"https:\/\/schema.org","@graph":[{"@type":["Person","Organization"],"@id":"http:\/\/confiotes.com\/#\/schema\/person\/7314aa61a7f8034206f5db781e7d0921","name":"confiotes","image":{"@type":"ImageObject","@id":"http:\/\/confiotes.com\/#personlogo","inLanguage":"fr-FR","url":"https:\/\/secure.gravatar.com\/avatar\/ba1906d35504a1ae9c6b70a24b38e06d?s=96&d=blank&r=g","contentUrl":"https:\/\/secure.gravatar.com\/avatar\/ba1906d35504a1ae9c6b70a24b38e06d?s=96&d=blank&r=g","caption":"confiotes"},"logo":{"@id":"http:\/\/confiotes.com\/#personlogo"}},{"@type":"WebSite","@id":"http:\/\/confiotes.com\/#website","url":"http:\/\/confiotes.com\/","name":"Confiotes","description":"&quot;Les optimistes et les gourmands vivent plus longtemps&quot; - Jean Anthelme Brillat-Savarin","publisher":{"@id":"http:\/\/confiotes.com\/#\/schema\/person\/7314aa61a7f8034206f5db781e7d0921"},"potentialAction":[{"@type":"SearchAction","target":{"@type":"EntryPoint","urlTemplate":"http:\/\/confiotes.com\/?s={search_term_string}"},"query-input":"required name=search_term_string"}],"inLanguage":"fr-FR"},{"@type":"ImageObject","@id":"https:\/\/confiotes.com\/index.php\/creme-chocolat-christophe-felder\/#primaryimage","inLanguage":"fr-FR","url":"https:\/\/confiotes.com\/wp-content\/uploads\/2019\/12\/IMG_5063.jpeg","contentUrl":"https:\/\/confiotes.com\/wp-content\/uploads\/2019\/12\/IMG_5063.jpeg","width":3024,"height":3024},{"@type":"WebPage","@id":"https:\/\/confiotes.com\/index.php\/creme-chocolat-christophe-felder\/#webpage","url":"https:\/\/confiotes.com\/index.php\/creme-chocolat-christophe-felder\/","name":"Cr\u00e8mes chocolat - Christophe Felder &ndash; Confiotes","isPartOf":{"@id":"http:\/\/confiotes.com\/#website"},"primaryImageOfPage":{"@id":"https:\/\/confiotes.com\/index.php\/creme-chocolat-christophe-felder\/#primaryimage"},"datePublished":"2019-01-04T13:50:10+00:00","dateModified":"2020-08-07T20:51:42+00:00","breadcrumb":{"@id":"https:\/\/confiotes.com\/index.php\/creme-chocolat-christophe-felder\/#breadcrumb"},"inLanguage":"fr-FR","potentialAction":[{"@type":"ReadAction","target":["https:\/\/confiotes.com\/index.php\/creme-chocolat-christophe-felder\/"]}]},{"@type":"BreadcrumbList","@id":"https:\/\/confiotes.com\/index.php\/creme-chocolat-christophe-felder\/#breadcrumb","itemListElement":[{"@type":"ListItem","position":1,"name":"Accueil","item":"http:\/\/confiotes.com\/"},{"@type":"ListItem","position":2,"name":"Cr\u00e8mes chocolat &#8211; Christophe Felder"}]}]}},"_links":{"self":[{"href":"https:\/\/confiotes.com\/index.php\/wp-json\/wp\/v2\/pages\/168"}],"collection":[{"href":"https:\/\/confiotes.com\/index.php\/wp-json\/wp\/v2\/pages"}],"about":[{"href":"https:\/\/confiotes.com\/index.php\/wp-json\/wp\/v2\/types\/page"}],"author":[{"embeddable":true,"href":"https:\/\/confiotes.com\/index.php\/wp-json\/wp\/v2\/users\/1"}],"replies":[{"embeddable":true,"href":"https:\/\/confiotes.com\/index.php\/wp-json\/wp\/v2\/comments?post=168"}],"version-history":[{"count":18,"href":"https:\/\/confiotes.com\/index.php\/wp-json\/wp\/v2\/pages\/168\/revisions"}],"predecessor-version":[{"id":2777,"href":"https:\/\/confiotes.com\/index.php\/wp-json\/wp\/v2\/pages\/168\/revisions\/2777"}],"wp:featuredmedia":[{"embeddable":true,"href":"https:\/\/confiotes.com\/index.php\/wp-json\/wp\/v2\/media\/1263"}],"wp:attachment":[{"href":"https:\/\/confiotes.com\/index.php\/wp-json\/wp\/v2\/media?parent=168"}],"curies":[{"name":"wp","href":"https:\/\/api.w.org\/{rel}","templated":true}]}}