{"id":1642,"date":"2020-01-12T13:46:17","date_gmt":"2020-01-12T12:46:17","guid":{"rendered":"http:\/\/confiotes.com\/?page_id=1642"},"modified":"2020-02-16T21:19:05","modified_gmt":"2020-02-16T20:19:05","slug":"gateau-au-yaourt-au-citron","status":"publish","type":"page","link":"https:\/\/confiotes.com\/index.php\/gateau-au-yaourt-au-citron\/","title":{"rendered":"G\u00e2teau au yaourt au citron"},"content":{"rendered":"<p>Je pense qu&#8217;on a tous une recette de g\u00e2teau au yaourt au citron dans ses livres et il y a s\u00fbrement autant de recettes que de personnes sur cette terre! En tout cas voici la mienne, c&#8217;est un g\u00e2teau d&#8217;une simplicit\u00e9 et d&#8217;une rapidit\u00e9 sans pareilles!<\/p>\n<p>En plus il peut servir comme biscuit insert pour un entremet, il suffit de l&#8217;\u00e9barber tout autour pour ne garder que le moelleux et c&#8217;est d\u00e9licieux.<\/p>\n<p>Et pour aujourd&#8217;hui, vous avez votre recette pour le go\u00fbter des enfants!<\/p>\n<h3>POUR UN MOULE \u00c0 MANQUER DE 24CM<\/h3>\n<ul>\n<li>1 pot de yaourt<\/li>\n<li>1 pot d&#8217;huile<\/li>\n<li>2 pots de sucre <span style=\"color: #bf4508;\">(1 pot rapadura et 1 pot sucre de canne)<\/span><\/li>\n<li>3 Oeufs<\/li>\n<li>3 pots de farine<\/li>\n<li>1 sachet de levure chimique<\/li>\n<li>Le zeste d&#8217;un citron jaune<\/li>\n<li>Le jus d&#8217;un citron entier<\/li>\n<\/ul>\n<p>Pr\u00e9chauffez le four traditionnel \u00e0 <strong>210\u00b0C<\/strong>.<\/p>\n<p>Dans un cul de poule ou le bol du batteur, mettez <strong>1<\/strong>\u00a0<strong>pot<\/strong> de yaourt,<strong> 1 pot<\/strong> d&#8217;huile, <strong>1 pot<\/strong> \u00e0 peine rempli de rapadura <span style=\"color: #bf4508;\">(sucre bio complet non raffin\u00e9 = muscovado)<\/span> <strong>1 pot<\/strong> \u00e0 peine rempli de sucre de canne et <strong>3<\/strong> oeufs entiers. <span style=\"color: #bf4508;\">Le rapadura et le sucre de canne sont des sucres \u00e0 indice glyc\u00e9mique un peu plus faibles et avec un pouvoir sucrant plus fort que le sucre semoule classique, on va donc pouvoir en mettre moins. Par ailleurs ce sont des sucres qui permettent de capter l&#8217;humidit\u00e9 et gardent donc le moelleux du g\u00e2teau plus longtemps.<\/span><\/p>\n<p><img loading=\"lazy\" class=\"alignnone size-medium wp-image-1643\" src=\"http:\/\/confiotes.com\/wp-content\/uploads\/2020\/01\/IMG_5632-300x300.jpg\" alt=\"\" width=\"300\" height=\"300\" srcset=\"https:\/\/confiotes.com\/wp-content\/uploads\/2020\/01\/IMG_5632-300x300.jpg 300w, https:\/\/confiotes.com\/wp-content\/uploads\/2020\/01\/IMG_5632-150x150.jpg 150w, https:\/\/confiotes.com\/wp-content\/uploads\/2020\/01\/IMG_5632-768x768.jpg 768w, https:\/\/confiotes.com\/wp-content\/uploads\/2020\/01\/IMG_5632-1024x1024.jpg 1024w\" sizes=\"(max-width: 300px) 100vw, 300px\" \/><\/p>\n<p>Avec une une spatule ou la feuille du batteur <span style=\"color: #bf4508;\">(on \u00e9vite le fouet pour ne pas incorporer d&#8217;air et garder cette texture un peu compacte et moelleuse qu&#8217;on veut atteindre)\u00a0<\/span>m\u00e9langez le tout pour obtenir un appareil liquide et presque homog\u00e8ne.<\/p>\n<p><img loading=\"lazy\" class=\"alignnone size-medium wp-image-1644\" src=\"http:\/\/confiotes.com\/wp-content\/uploads\/2020\/01\/IMG_5634-300x300.jpg\" alt=\"\" width=\"300\" height=\"300\" srcset=\"https:\/\/confiotes.com\/wp-content\/uploads\/2020\/01\/IMG_5634-300x300.jpg 300w, https:\/\/confiotes.com\/wp-content\/uploads\/2020\/01\/IMG_5634-150x150.jpg 150w, https:\/\/confiotes.com\/wp-content\/uploads\/2020\/01\/IMG_5634-768x768.jpg 768w, https:\/\/confiotes.com\/wp-content\/uploads\/2020\/01\/IMG_5634-1024x1024.jpg 1024w\" sizes=\"(max-width: 300px) 100vw, 300px\" \/><\/p>\n<p>Ajoutez <strong>3 pots<\/strong> de farine tamis\u00e9s avec <strong>1<\/strong> sachet de levure chimique et m\u00e9langez \u00e0 nouveau. Et enfin ajoutez <strong>le zeste<\/strong> et <strong>le jus<\/strong> du citron et finissez de m\u00e9langer.<\/p>\n<p><img loading=\"lazy\" class=\"alignnone size-medium wp-image-1645\" src=\"http:\/\/confiotes.com\/wp-content\/uploads\/2020\/01\/IMG_5635-300x300.jpg\" alt=\"\" width=\"300\" height=\"300\" srcset=\"https:\/\/confiotes.com\/wp-content\/uploads\/2020\/01\/IMG_5635-300x300.jpg 300w, https:\/\/confiotes.com\/wp-content\/uploads\/2020\/01\/IMG_5635-150x150.jpg 150w, https:\/\/confiotes.com\/wp-content\/uploads\/2020\/01\/IMG_5635-768x768.jpg 768w, https:\/\/confiotes.com\/wp-content\/uploads\/2020\/01\/IMG_5635-1024x1024.jpg 1024w\" sizes=\"(max-width: 300px) 100vw, 300px\" \/><img loading=\"lazy\" class=\"alignnone size-medium wp-image-1648\" src=\"http:\/\/confiotes.com\/wp-content\/uploads\/2020\/01\/IMG_5639-300x300.jpg\" alt=\"\" width=\"300\" height=\"300\" srcset=\"https:\/\/confiotes.com\/wp-content\/uploads\/2020\/01\/IMG_5639-300x300.jpg 300w, https:\/\/confiotes.com\/wp-content\/uploads\/2020\/01\/IMG_5639-150x150.jpg 150w, https:\/\/confiotes.com\/wp-content\/uploads\/2020\/01\/IMG_5639-768x768.jpg 768w, https:\/\/confiotes.com\/wp-content\/uploads\/2020\/01\/IMG_5639-1024x1024.jpg 1024w\" sizes=\"(max-width: 300px) 100vw, 300px\" \/><\/p>\n<p>Mettez la p\u00e2te dans un moule \u00e0 manquer graiss\u00e9 et enfournez \u00e0 <strong>210\u00b0C<\/strong> pour <strong>25min<\/strong>.<\/p>\n<p>Quand le g\u00e2teau est cuit, sortez le du four, d\u00e9moulez le et enveloppez le dans un film alimentaire pour que la vapeur d&#8217;eau ne s&#8217;\u00e9vapore pas et qu&#8217;il garde son moelleux. Laissez le refroidir tranquillement dans son film.<\/p>\n<p>Et voil\u00e0, vous pouvez servir quand vos petits estomacs sur pattes auront fini de jouer.<\/p>\n<p><img loading=\"lazy\" class=\"size-medium wp-image-1649 aligncenter\" src=\"http:\/\/confiotes.com\/wp-content\/uploads\/2020\/01\/IMG_5649-225x300.jpg\" alt=\"\" width=\"225\" height=\"300\" srcset=\"https:\/\/confiotes.com\/wp-content\/uploads\/2020\/01\/IMG_5649-225x300.jpg 225w, https:\/\/confiotes.com\/wp-content\/uploads\/2020\/01\/IMG_5649-768x1024.jpg 768w\" sizes=\"(max-width: 225px) 100vw, 225px\" \/><\/p>\n<h6 style=\"text-align: center;\">ouiiin moi je veux du g\u00e2teau au chocolaaaat&#8230; me tente pas, la fen\u00eatre est ouverte&#8230;<\/h6>\n<style>.pf-button.pf-button-excerpt { display: none; }<\/style>","protected":false},"excerpt":{"rendered":"<p>Je pense qu&#8217;on a tous une recette de g\u00e2teau au yaourt au citron dans ses livres et il y a s\u00fbrement autant de recettes que de personnes sur cette terre! En tout cas voici la mienne, c&#8217;est un g\u00e2teau d&#8217;une simplicit\u00e9 et d&#8217;une rapidit\u00e9 sans pareilles! En plus il peut servir comme biscuit insert pour un entremet, il suffit de l&#8217;\u00e9barber tout autour pour ne garder que le moelleux et c&#8217;est d\u00e9licieux. Et pour aujourd&#8217;hui, vous avez votre recette pour le go\u00fbter des enfants! POUR&#8230;<span class=\"clearfix clearfix-post\"><\/span><a href=\"https:\/\/confiotes.com\/index.php\/gateau-au-yaourt-au-citron\/\" class=\"more-link\">Lire la suite de <span class=\"screen-reader-text\">&#8220;G\u00e2teau au yaourt au citron&#8221;<\/span> <span class=\"meta-nav\">&rarr;<\/span><\/a><\/p>\n","protected":false},"author":1,"featured_media":1649,"parent":0,"menu_order":0,"comment_status":"open","ping_status":"open","template":"","meta":[],"yoast_head":"<!-- This site is optimized with the Yoast SEO plugin v16.9 - https:\/\/yoast.com\/wordpress\/plugins\/seo\/ -->\n<title>G\u00e2teau au yaourt au citron &ndash; Confiotes<\/title>\n<meta name=\"robots\" content=\"index, follow, max-snippet:-1, max-image-preview:large, max-video-preview:-1\" \/>\n<link rel=\"canonical\" href=\"https:\/\/confiotes.com\/index.php\/gateau-au-yaourt-au-citron\/\" \/>\n<meta property=\"og:locale\" content=\"fr_FR\" \/>\n<meta property=\"og:type\" content=\"article\" \/>\n<meta property=\"og:title\" content=\"G\u00e2teau au yaourt au citron &ndash; Confiotes\" \/>\n<meta property=\"og:description\" content=\"Je pense qu&#8217;on a tous une recette de g\u00e2teau au yaourt au citron dans ses livres et il y a s\u00fbrement autant de recettes que de personnes sur cette terre! En tout cas voici la mienne, c&#8217;est un g\u00e2teau d&#8217;une simplicit\u00e9 et d&#8217;une rapidit\u00e9 sans pareilles! En plus il peut servir comme biscuit insert pour un entremet, il suffit de l&#8217;\u00e9barber tout autour pour ne garder que le moelleux et c&#8217;est d\u00e9licieux. Et pour aujourd&#8217;hui, vous avez votre recette pour le go\u00fbter des enfants! POUR...Lire la suite de &quot;G\u00e2teau au yaourt au citron&quot; &rarr;\" \/>\n<meta property=\"og:url\" content=\"https:\/\/confiotes.com\/index.php\/gateau-au-yaourt-au-citron\/\" \/>\n<meta property=\"og:site_name\" content=\"Confiotes\" \/>\n<meta property=\"article:modified_time\" content=\"2020-02-16T20:19:05+00:00\" \/>\n<meta property=\"og:image\" content=\"http:\/\/confiotes.com\/wp-content\/uploads\/2020\/01\/IMG_5649-768x1024.jpg\" \/>\n\t<meta property=\"og:image:width\" content=\"768\" \/>\n\t<meta property=\"og:image:height\" content=\"1024\" \/>\n<meta name=\"twitter:card\" content=\"summary_large_image\" \/>\n<meta name=\"twitter:label1\" content=\"Dur\u00e9e de lecture est.\" \/>\n\t<meta name=\"twitter:data1\" content=\"2 minutes\" \/>\n<script type=\"application\/ld+json\" class=\"yoast-schema-graph\">{\"@context\":\"https:\/\/schema.org\",\"@graph\":[{\"@type\":[\"Person\",\"Organization\"],\"@id\":\"http:\/\/confiotes.com\/#\/schema\/person\/7314aa61a7f8034206f5db781e7d0921\",\"name\":\"confiotes\",\"image\":{\"@type\":\"ImageObject\",\"@id\":\"http:\/\/confiotes.com\/#personlogo\",\"inLanguage\":\"fr-FR\",\"url\":\"https:\/\/secure.gravatar.com\/avatar\/ba1906d35504a1ae9c6b70a24b38e06d?s=96&d=blank&r=g\",\"contentUrl\":\"https:\/\/secure.gravatar.com\/avatar\/ba1906d35504a1ae9c6b70a24b38e06d?s=96&d=blank&r=g\",\"caption\":\"confiotes\"},\"logo\":{\"@id\":\"http:\/\/confiotes.com\/#personlogo\"}},{\"@type\":\"WebSite\",\"@id\":\"http:\/\/confiotes.com\/#website\",\"url\":\"http:\/\/confiotes.com\/\",\"name\":\"Confiotes\",\"description\":\"&quot;Les optimistes et les gourmands vivent plus longtemps&quot; - Jean Anthelme Brillat-Savarin\",\"publisher\":{\"@id\":\"http:\/\/confiotes.com\/#\/schema\/person\/7314aa61a7f8034206f5db781e7d0921\"},\"potentialAction\":[{\"@type\":\"SearchAction\",\"target\":{\"@type\":\"EntryPoint\",\"urlTemplate\":\"http:\/\/confiotes.com\/?s={search_term_string}\"},\"query-input\":\"required name=search_term_string\"}],\"inLanguage\":\"fr-FR\"},{\"@type\":\"ImageObject\",\"@id\":\"https:\/\/confiotes.com\/index.php\/gateau-au-yaourt-au-citron\/#primaryimage\",\"inLanguage\":\"fr-FR\",\"url\":\"https:\/\/confiotes.com\/wp-content\/uploads\/2020\/01\/IMG_5649.jpg\",\"contentUrl\":\"https:\/\/confiotes.com\/wp-content\/uploads\/2020\/01\/IMG_5649.jpg\",\"width\":3024,\"height\":4032},{\"@type\":\"WebPage\",\"@id\":\"https:\/\/confiotes.com\/index.php\/gateau-au-yaourt-au-citron\/#webpage\",\"url\":\"https:\/\/confiotes.com\/index.php\/gateau-au-yaourt-au-citron\/\",\"name\":\"G\\u00e2teau au yaourt au citron &ndash; Confiotes\",\"isPartOf\":{\"@id\":\"http:\/\/confiotes.com\/#website\"},\"primaryImageOfPage\":{\"@id\":\"https:\/\/confiotes.com\/index.php\/gateau-au-yaourt-au-citron\/#primaryimage\"},\"datePublished\":\"2020-01-12T12:46:17+00:00\",\"dateModified\":\"2020-02-16T20:19:05+00:00\",\"breadcrumb\":{\"@id\":\"https:\/\/confiotes.com\/index.php\/gateau-au-yaourt-au-citron\/#breadcrumb\"},\"inLanguage\":\"fr-FR\",\"potentialAction\":[{\"@type\":\"ReadAction\",\"target\":[\"https:\/\/confiotes.com\/index.php\/gateau-au-yaourt-au-citron\/\"]}]},{\"@type\":\"BreadcrumbList\",\"@id\":\"https:\/\/confiotes.com\/index.php\/gateau-au-yaourt-au-citron\/#breadcrumb\",\"itemListElement\":[{\"@type\":\"ListItem\",\"position\":1,\"name\":\"Accueil\",\"item\":\"http:\/\/confiotes.com\/\"},{\"@type\":\"ListItem\",\"position\":2,\"name\":\"G\\u00e2teau au yaourt au citron\"}]}]}<\/script>\n<!-- \/ Yoast SEO plugin. -->","yoast_head_json":{"title":"G\u00e2teau au yaourt au citron &ndash; Confiotes","robots":{"index":"index","follow":"follow","max-snippet":"max-snippet:-1","max-image-preview":"max-image-preview:large","max-video-preview":"max-video-preview:-1"},"canonical":"https:\/\/confiotes.com\/index.php\/gateau-au-yaourt-au-citron\/","og_locale":"fr_FR","og_type":"article","og_title":"G\u00e2teau au yaourt au citron &ndash; Confiotes","og_description":"Je pense qu&#8217;on a tous une recette de g\u00e2teau au yaourt au citron dans ses livres et il y a s\u00fbrement autant de recettes que de personnes sur cette terre! En tout cas voici la mienne, c&#8217;est un g\u00e2teau d&#8217;une simplicit\u00e9 et d&#8217;une rapidit\u00e9 sans pareilles! En plus il peut servir comme biscuit insert pour un entremet, il suffit de l&#8217;\u00e9barber tout autour pour ne garder que le moelleux et c&#8217;est d\u00e9licieux. Et pour aujourd&#8217;hui, vous avez votre recette pour le go\u00fbter des enfants! POUR...Lire la suite de \"G\u00e2teau au yaourt au citron\" &rarr;","og_url":"https:\/\/confiotes.com\/index.php\/gateau-au-yaourt-au-citron\/","og_site_name":"Confiotes","article_modified_time":"2020-02-16T20:19:05+00:00","og_image":[{"width":768,"height":1024,"path":"2020\/01\/IMG_5649-768x1024.jpg","url":"http:\/\/confiotes.com\/wp-content\/uploads\/2020\/01\/IMG_5649-768x1024.jpg","size":"large","id":1649,"alt":"","pixels":786432,"type":"image\/jpeg"}],"twitter_card":"summary_large_image","twitter_misc":{"Dur\u00e9e de lecture est.":"2 minutes"},"schema":{"@context":"https:\/\/schema.org","@graph":[{"@type":["Person","Organization"],"@id":"http:\/\/confiotes.com\/#\/schema\/person\/7314aa61a7f8034206f5db781e7d0921","name":"confiotes","image":{"@type":"ImageObject","@id":"http:\/\/confiotes.com\/#personlogo","inLanguage":"fr-FR","url":"https:\/\/secure.gravatar.com\/avatar\/ba1906d35504a1ae9c6b70a24b38e06d?s=96&d=blank&r=g","contentUrl":"https:\/\/secure.gravatar.com\/avatar\/ba1906d35504a1ae9c6b70a24b38e06d?s=96&d=blank&r=g","caption":"confiotes"},"logo":{"@id":"http:\/\/confiotes.com\/#personlogo"}},{"@type":"WebSite","@id":"http:\/\/confiotes.com\/#website","url":"http:\/\/confiotes.com\/","name":"Confiotes","description":"&quot;Les optimistes et les gourmands vivent plus longtemps&quot; - Jean Anthelme Brillat-Savarin","publisher":{"@id":"http:\/\/confiotes.com\/#\/schema\/person\/7314aa61a7f8034206f5db781e7d0921"},"potentialAction":[{"@type":"SearchAction","target":{"@type":"EntryPoint","urlTemplate":"http:\/\/confiotes.com\/?s={search_term_string}"},"query-input":"required name=search_term_string"}],"inLanguage":"fr-FR"},{"@type":"ImageObject","@id":"https:\/\/confiotes.com\/index.php\/gateau-au-yaourt-au-citron\/#primaryimage","inLanguage":"fr-FR","url":"https:\/\/confiotes.com\/wp-content\/uploads\/2020\/01\/IMG_5649.jpg","contentUrl":"https:\/\/confiotes.com\/wp-content\/uploads\/2020\/01\/IMG_5649.jpg","width":3024,"height":4032},{"@type":"WebPage","@id":"https:\/\/confiotes.com\/index.php\/gateau-au-yaourt-au-citron\/#webpage","url":"https:\/\/confiotes.com\/index.php\/gateau-au-yaourt-au-citron\/","name":"G\u00e2teau au yaourt au citron &ndash; Confiotes","isPartOf":{"@id":"http:\/\/confiotes.com\/#website"},"primaryImageOfPage":{"@id":"https:\/\/confiotes.com\/index.php\/gateau-au-yaourt-au-citron\/#primaryimage"},"datePublished":"2020-01-12T12:46:17+00:00","dateModified":"2020-02-16T20:19:05+00:00","breadcrumb":{"@id":"https:\/\/confiotes.com\/index.php\/gateau-au-yaourt-au-citron\/#breadcrumb"},"inLanguage":"fr-FR","potentialAction":[{"@type":"ReadAction","target":["https:\/\/confiotes.com\/index.php\/gateau-au-yaourt-au-citron\/"]}]},{"@type":"BreadcrumbList","@id":"https:\/\/confiotes.com\/index.php\/gateau-au-yaourt-au-citron\/#breadcrumb","itemListElement":[{"@type":"ListItem","position":1,"name":"Accueil","item":"http:\/\/confiotes.com\/"},{"@type":"ListItem","position":2,"name":"G\u00e2teau au yaourt au citron"}]}]}},"_links":{"self":[{"href":"https:\/\/confiotes.com\/index.php\/wp-json\/wp\/v2\/pages\/1642"}],"collection":[{"href":"https:\/\/confiotes.com\/index.php\/wp-json\/wp\/v2\/pages"}],"about":[{"href":"https:\/\/confiotes.com\/index.php\/wp-json\/wp\/v2\/types\/page"}],"author":[{"embeddable":true,"href":"https:\/\/confiotes.com\/index.php\/wp-json\/wp\/v2\/users\/1"}],"replies":[{"embeddable":true,"href":"https:\/\/confiotes.com\/index.php\/wp-json\/wp\/v2\/comments?post=1642"}],"version-history":[{"count":8,"href":"https:\/\/confiotes.com\/index.php\/wp-json\/wp\/v2\/pages\/1642\/revisions"}],"predecessor-version":[{"id":1662,"href":"https:\/\/confiotes.com\/index.php\/wp-json\/wp\/v2\/pages\/1642\/revisions\/1662"}],"wp:featuredmedia":[{"embeddable":true,"href":"https:\/\/confiotes.com\/index.php\/wp-json\/wp\/v2\/media\/1649"}],"wp:attachment":[{"href":"https:\/\/confiotes.com\/index.php\/wp-json\/wp\/v2\/media?parent=1642"}],"curies":[{"name":"wp","href":"https:\/\/api.w.org\/{rel}","templated":true}]}}