{"id":137,"date":"2018-11-22T22:50:12","date_gmt":"2018-11-22T21:50:12","guid":{"rendered":"http:\/\/confiotes.com\/?page_id=137"},"modified":"2021-08-26T13:29:10","modified_gmt":"2021-08-26T11:29:10","slug":"oeufs-au-lait","status":"publish","type":"page","link":"https:\/\/confiotes.com\/index.php\/oeufs-au-lait\/","title":{"rendered":"Oeufs au lait"},"content":{"rendered":"<p>Les oeufs au lait, une vraie madeleine de Proust de mon enfance, cette odeur de vanille qui embaume tout le couloir et hop au galop au galop il faut que j&#8217;arrive \u00e0 la cuisine avant mes fr\u00e8res pour me faire la part du Roi!! Enfin de la Reine&#8230; et puis au final ils n&#8217;avaient m\u00eame pas le temps d&#8217;arriver que ma m\u00e8re et moi avions d\u00e9j\u00e0 tout siphonn\u00e9!<\/p>\n<h3>POUR UN MOULE \u00c0 CHARLOTTE DE 16CM<\/h3>\n<ul>\n<li>1L de lait entier<\/li>\n<li>2 gousses de vanille<\/li>\n<li>120g de sucre semoule<\/li>\n<li>4 oeufs entier<\/li>\n<li>3 jaunes d&#8217;oeufs<\/li>\n<li>30g de sucre semoule<\/li>\n<li>1 sachet de sucre vanill\u00e9<\/li>\n<\/ul>\n<p>Pr\u00e9chauffez le four traditionnel \u00e0 <strong>220\u00b0C<\/strong>.<\/p>\n<p>Dans une casserole, versez <strong>1l<\/strong> de lait entier\u00a0et les <strong>2<\/strong> gousses de vanille racl\u00e9es. Portez \u00e0 fr\u00e9missement et retirez du feu. Filmez et laissez infuser <strong>15min<\/strong>.<\/p>\n<p><img loading=\"lazy\" class=\"alignnone size-medium wp-image-783\" src=\"http:\/\/confiotes.com\/wp-content\/uploads\/2019\/08\/IMG_1344-e1566147395920-300x300.jpg\" alt=\"\" width=\"300\" height=\"300\" srcset=\"https:\/\/confiotes.com\/wp-content\/uploads\/2019\/08\/IMG_1344-e1566147395920-300x300.jpg 300w, https:\/\/confiotes.com\/wp-content\/uploads\/2019\/08\/IMG_1344-e1566147395920-150x150.jpg 150w, https:\/\/confiotes.com\/wp-content\/uploads\/2019\/08\/IMG_1344-e1566147395920-768x768.jpg 768w, https:\/\/confiotes.com\/wp-content\/uploads\/2019\/08\/IMG_1344-e1566147395920-1024x1024.jpg 1024w\" sizes=\"(max-width: 300px) 100vw, 300px\" \/> <img loading=\"lazy\" class=\"alignnone size-medium wp-image-584\" src=\"http:\/\/confiotes.com\/wp-content\/uploads\/2019\/08\/IMG_1468-e1565549027770-300x300.jpg\" alt=\"\" width=\"300\" height=\"300\" srcset=\"https:\/\/confiotes.com\/wp-content\/uploads\/2019\/08\/IMG_1468-e1565549027770-300x300.jpg 300w, https:\/\/confiotes.com\/wp-content\/uploads\/2019\/08\/IMG_1468-e1565549027770-150x150.jpg 150w, https:\/\/confiotes.com\/wp-content\/uploads\/2019\/08\/IMG_1468-e1565549027770-768x768.jpg 768w, https:\/\/confiotes.com\/wp-content\/uploads\/2019\/08\/IMG_1468-e1565549027770-1024x1024.jpg 1024w\" sizes=\"(max-width: 300px) 100vw, 300px\" \/><\/p>\n<p>Pour le caramel, dans une casserole faites chauffer\u00a0<strong>120g<\/strong> de sucre \u00e0 sec jusqu\u2019\u00e0 obtenir une belle couleur ambr\u00e9e, mais pas trop fonc\u00e9e! <span style=\"color: #bf4500;\">Sinon le caramel sera amer<\/span>.<\/p>\n<p><img loading=\"lazy\" class=\"alignnone size-medium wp-image-782\" src=\"http:\/\/confiotes.com\/wp-content\/uploads\/2019\/08\/IMG_1343-e1566147431932-300x300.jpg\" alt=\"\" width=\"300\" height=\"300\" srcset=\"https:\/\/confiotes.com\/wp-content\/uploads\/2019\/08\/IMG_1343-e1566147431932-300x300.jpg 300w, https:\/\/confiotes.com\/wp-content\/uploads\/2019\/08\/IMG_1343-e1566147431932-150x150.jpg 150w, https:\/\/confiotes.com\/wp-content\/uploads\/2019\/08\/IMG_1343-e1566147431932-768x768.jpg 768w, https:\/\/confiotes.com\/wp-content\/uploads\/2019\/08\/IMG_1343-e1566147431932-1024x1024.jpg 1024w\" sizes=\"(max-width: 300px) 100vw, 300px\" \/>\u00a0<img loading=\"lazy\" class=\"alignnone size-medium wp-image-784\" src=\"http:\/\/confiotes.com\/wp-content\/uploads\/2019\/08\/IMG_1347-300x300.jpg\" alt=\"\" width=\"300\" height=\"300\" srcset=\"https:\/\/confiotes.com\/wp-content\/uploads\/2019\/08\/IMG_1347-300x300.jpg 300w, https:\/\/confiotes.com\/wp-content\/uploads\/2019\/08\/IMG_1347-150x150.jpg 150w, https:\/\/confiotes.com\/wp-content\/uploads\/2019\/08\/IMG_1347-768x768.jpg 768w, https:\/\/confiotes.com\/wp-content\/uploads\/2019\/08\/IMG_1347-1024x1024.jpg 1024w\" sizes=\"(max-width: 300px) 100vw, 300px\" \/><\/p>\n<p>Coulez le caramel dans le fond du moule \u00e0 charlotte et rapidement faites le adh\u00e9rer aux bords du moule en le tournant. <span style=\"color: #bf4500;\">Le moule est froid donc le caramel cristallise assez vite<\/span>.<\/p>\n<p><img loading=\"lazy\" class=\"alignnone size-medium wp-image-785\" src=\"http:\/\/confiotes.com\/wp-content\/uploads\/2019\/08\/IMG_1348-300x300.jpg\" alt=\"\" width=\"300\" height=\"300\" srcset=\"https:\/\/confiotes.com\/wp-content\/uploads\/2019\/08\/IMG_1348-300x300.jpg 300w, https:\/\/confiotes.com\/wp-content\/uploads\/2019\/08\/IMG_1348-150x150.jpg 150w, https:\/\/confiotes.com\/wp-content\/uploads\/2019\/08\/IMG_1348-768x768.jpg 768w, https:\/\/confiotes.com\/wp-content\/uploads\/2019\/08\/IMG_1348-1024x1024.jpg 1024w\" sizes=\"(max-width: 300px) 100vw, 300px\" \/><\/p>\n<p>Dans un cul de poule, fouettez <strong>4<\/strong> \u0153ufs entiers, <strong>3<\/strong> jaunes, <strong>30g<\/strong> de sucre semoule et <strong>1 <\/strong>sachet de sucre vanill\u00e9 <span style=\"color: #bf4500;\">(et l\u00e0 on prend le &#8220;sucre vanill\u00e9 des \u00eeles&#8221; Alsa et pas ces immondes sucres \u00e0 la vanilline!!)<\/span>.<\/p>\n<p><img loading=\"lazy\" class=\"alignnone size-medium wp-image-1036\" src=\"http:\/\/confiotes.com\/wp-content\/uploads\/2019\/10\/IMG_3919-300x300.jpg\" alt=\"\" width=\"300\" height=\"300\" srcset=\"https:\/\/confiotes.com\/wp-content\/uploads\/2019\/10\/IMG_3919-300x300.jpg 300w, https:\/\/confiotes.com\/wp-content\/uploads\/2019\/10\/IMG_3919-150x150.jpg 150w, https:\/\/confiotes.com\/wp-content\/uploads\/2019\/10\/IMG_3919-768x768.jpg 768w, https:\/\/confiotes.com\/wp-content\/uploads\/2019\/10\/IMG_3919-1024x1024.jpg 1024w\" sizes=\"(max-width: 300px) 100vw, 300px\" \/><img loading=\"lazy\" class=\"alignnone size-medium wp-image-1668\" src=\"http:\/\/confiotes.com\/wp-content\/uploads\/2020\/01\/IMG_5773-300x300.jpg\" alt=\"\" width=\"300\" height=\"300\" srcset=\"https:\/\/confiotes.com\/wp-content\/uploads\/2020\/01\/IMG_5773-300x300.jpg 300w, https:\/\/confiotes.com\/wp-content\/uploads\/2020\/01\/IMG_5773-150x150.jpg 150w, https:\/\/confiotes.com\/wp-content\/uploads\/2020\/01\/IMG_5773-768x768.jpg 768w, https:\/\/confiotes.com\/wp-content\/uploads\/2020\/01\/IMG_5773-1024x1024.jpg 1024w\" sizes=\"(max-width: 300px) 100vw, 300px\" \/><\/p>\n<p>Retirez les gousses du lait et remettez sur le feu. Une fois fr\u00e9missant, versez <strong>1\/3<\/strong> du lait sur l&#8217;appareil oeufs-sucre. M\u00e9langez au fouet sans faire mousser et ajoutez le lait restant. <span style=\"color: #bf4500;\">(<\/span><span style=\"color: #993366;\"><span style=\"color: #bf4500;\">Astuce : Rincez le gousse, faites la s\u00e9cher \u00e0 l&#8217;air libre plusieurs jours et mettez la dans votre sucre pour faire du sucre vanill\u00e9 ou mixez ensemble toutes celles que vous avez gard\u00e9, vous obtiendrez de la poudre de vanille maison)<\/span>.<\/span><\/p>\n<p><img loading=\"lazy\" class=\"alignnone size-medium wp-image-1037\" src=\"http:\/\/confiotes.com\/wp-content\/uploads\/2019\/10\/IMG_3928-e1570973691778-300x300.jpg\" alt=\"\" width=\"300\" height=\"300\" srcset=\"https:\/\/confiotes.com\/wp-content\/uploads\/2019\/10\/IMG_3928-e1570973691778-300x300.jpg 300w, https:\/\/confiotes.com\/wp-content\/uploads\/2019\/10\/IMG_3928-e1570973691778-150x150.jpg 150w, https:\/\/confiotes.com\/wp-content\/uploads\/2019\/10\/IMG_3928-e1570973691778-768x768.jpg 768w, https:\/\/confiotes.com\/wp-content\/uploads\/2019\/10\/IMG_3928-e1570973691778-1024x1024.jpg 1024w\" sizes=\"(max-width: 300px) 100vw, 300px\" \/><\/p>\n<p>Versez l&#8217;appareil dans le moule pr\u00e9alablement caram\u00e9lis\u00e9.<\/p>\n<p>Dans un moule \u00e0 manqu\u00e9, mettre un fond d&#8217;eau <span style=\"color: #bf4500;\">(un petit tiers de la hauteur du moule \u00e0 charlotte)<\/span> puis y d\u00e9poser le moule d&#8217;oeufs au lait et faites cuire au bain-marie \u00e0 <strong>200<\/strong><strong>\u00b0<\/strong><strong>C <\/strong><span style=\"color: #bf4500;\">(oui oui on baisse \u00e0 200\u00b0C m\u00eame si on a fait pr\u00e9chauffer \u00e0 220\u00b0C)<\/span>\u00a0pendant <strong>45min\u00a0<\/strong><span style=\"color: #bf4500;\">(la dur\u00e9e va aussi d\u00e9pendre de votre four)<span style=\"color: #333333;\">.<\/span><\/span><\/p>\n<p><img loading=\"lazy\" class=\"alignnone size-medium wp-image-1040\" src=\"http:\/\/confiotes.com\/wp-content\/uploads\/2019\/10\/IMG_3931-300x300.jpg\" alt=\"\" width=\"300\" height=\"300\" srcset=\"https:\/\/confiotes.com\/wp-content\/uploads\/2019\/10\/IMG_3931-300x300.jpg 300w, https:\/\/confiotes.com\/wp-content\/uploads\/2019\/10\/IMG_3931-150x150.jpg 150w, https:\/\/confiotes.com\/wp-content\/uploads\/2019\/10\/IMG_3931-768x768.jpg 768w, https:\/\/confiotes.com\/wp-content\/uploads\/2019\/10\/IMG_3931-1024x1024.jpg 1024w\" sizes=\"(max-width: 300px) 100vw, 300px\" \/><\/p>\n<p>Une fois cuits, laissez les refroidir \u00e0 l\u2019air libre enti\u00e8rement : pour \u00e9viter que la masse devienne granuleuse \u00e0 l&#8217;int\u00e9rieur car mal refroidis.<\/p>\n<p>Quand ils sont \u00e0 temp\u00e9rature ambiante, mettez les au r\u00e9frig\u00e9rateur au moins <strong>8h<\/strong>.<\/p>\n<p><img loading=\"lazy\" class=\"size-medium wp-image-1051 aligncenter\" src=\"http:\/\/confiotes.com\/wp-content\/uploads\/2019\/10\/IMG_3982-300x300.jpg\" alt=\"\" width=\"300\" height=\"300\" srcset=\"https:\/\/confiotes.com\/wp-content\/uploads\/2019\/10\/IMG_3982-300x300.jpg 300w, https:\/\/confiotes.com\/wp-content\/uploads\/2019\/10\/IMG_3982-150x150.jpg 150w, https:\/\/confiotes.com\/wp-content\/uploads\/2019\/10\/IMG_3982-768x768.jpg 768w, https:\/\/confiotes.com\/wp-content\/uploads\/2019\/10\/IMG_3982-1024x1024.jpg 1024w\" sizes=\"(max-width: 300px) 100vw, 300px\" \/><\/p>\n<h6 style=\"text-align: center;\">Tagada tagada voil\u00e0 les daltooons&#8230; ah non c&#8217;est juste ma m\u00e8re!<\/h6>\n<style>.pf-button.pf-button-excerpt { display: none; }<\/style>","protected":false},"excerpt":{"rendered":"<p>Les oeufs au lait, une vraie madeleine de Proust de mon enfance, cette odeur de vanille qui embaume tout le couloir et hop au galop au galop il faut que j&#8217;arrive \u00e0 la cuisine avant mes fr\u00e8res pour me faire la part du Roi!! Enfin de la Reine&#8230; et puis au final ils n&#8217;avaient m\u00eame pas le temps d&#8217;arriver que ma m\u00e8re et moi avions d\u00e9j\u00e0 tout siphonn\u00e9! POUR UN MOULE \u00c0 CHARLOTTE DE 16CM 1L de lait entier 2 gousses de vanille 120g de&#8230;<span class=\"clearfix clearfix-post\"><\/span><a href=\"https:\/\/confiotes.com\/index.php\/oeufs-au-lait\/\" class=\"more-link\">Lire la suite de <span class=\"screen-reader-text\">&#8220;Oeufs au lait&#8221;<\/span> <span class=\"meta-nav\">&rarr;<\/span><\/a><\/p>\n","protected":false},"author":1,"featured_media":1046,"parent":0,"menu_order":0,"comment_status":"open","ping_status":"open","template":"","meta":[],"yoast_head":"<!-- This site is optimized with the Yoast SEO plugin v16.9 - https:\/\/yoast.com\/wordpress\/plugins\/seo\/ -->\n<title>Oeufs au lait &ndash; Confiotes<\/title>\n<meta name=\"robots\" content=\"index, follow, max-snippet:-1, max-image-preview:large, max-video-preview:-1\" \/>\n<link rel=\"canonical\" href=\"https:\/\/confiotes.com\/index.php\/oeufs-au-lait\/\" \/>\n<meta property=\"og:locale\" content=\"fr_FR\" \/>\n<meta property=\"og:type\" content=\"article\" \/>\n<meta property=\"og:title\" content=\"Oeufs au lait &ndash; Confiotes\" \/>\n<meta property=\"og:description\" content=\"Les oeufs au lait, une vraie madeleine de Proust de mon enfance, cette odeur de vanille qui embaume tout le couloir et hop au galop au galop il faut que j&#8217;arrive \u00e0 la cuisine avant mes fr\u00e8res pour me faire la part du Roi!! Enfin de la Reine&#8230; et puis au final ils n&#8217;avaient m\u00eame pas le temps d&#8217;arriver que ma m\u00e8re et moi avions d\u00e9j\u00e0 tout siphonn\u00e9! POUR UN MOULE \u00c0 CHARLOTTE DE 16CM 1L de lait entier 2 gousses de vanille 120g de...Lire la suite de &quot;Oeufs au lait&quot; &rarr;\" \/>\n<meta property=\"og:url\" content=\"https:\/\/confiotes.com\/index.php\/oeufs-au-lait\/\" \/>\n<meta property=\"og:site_name\" content=\"Confiotes\" \/>\n<meta property=\"article:modified_time\" content=\"2021-08-26T11:29:10+00:00\" \/>\n<meta property=\"og:image\" content=\"http:\/\/confiotes.com\/wp-content\/uploads\/2019\/10\/IMG_3981-1024x1024.jpg\" \/>\n\t<meta property=\"og:image:width\" content=\"1024\" \/>\n\t<meta property=\"og:image:height\" content=\"1024\" \/>\n<meta name=\"twitter:card\" content=\"summary_large_image\" \/>\n<meta name=\"twitter:label1\" content=\"Dur\u00e9e de lecture est.\" \/>\n\t<meta name=\"twitter:data1\" content=\"4 minutes\" \/>\n<script type=\"application\/ld+json\" class=\"yoast-schema-graph\">{\"@context\":\"https:\/\/schema.org\",\"@graph\":[{\"@type\":[\"Person\",\"Organization\"],\"@id\":\"http:\/\/confiotes.com\/#\/schema\/person\/7314aa61a7f8034206f5db781e7d0921\",\"name\":\"confiotes\",\"image\":{\"@type\":\"ImageObject\",\"@id\":\"http:\/\/confiotes.com\/#personlogo\",\"inLanguage\":\"fr-FR\",\"url\":\"https:\/\/secure.gravatar.com\/avatar\/ba1906d35504a1ae9c6b70a24b38e06d?s=96&d=blank&r=g\",\"contentUrl\":\"https:\/\/secure.gravatar.com\/avatar\/ba1906d35504a1ae9c6b70a24b38e06d?s=96&d=blank&r=g\",\"caption\":\"confiotes\"},\"logo\":{\"@id\":\"http:\/\/confiotes.com\/#personlogo\"}},{\"@type\":\"WebSite\",\"@id\":\"http:\/\/confiotes.com\/#website\",\"url\":\"http:\/\/confiotes.com\/\",\"name\":\"Confiotes\",\"description\":\"&quot;Les optimistes et les gourmands vivent plus longtemps&quot; - Jean Anthelme Brillat-Savarin\",\"publisher\":{\"@id\":\"http:\/\/confiotes.com\/#\/schema\/person\/7314aa61a7f8034206f5db781e7d0921\"},\"potentialAction\":[{\"@type\":\"SearchAction\",\"target\":{\"@type\":\"EntryPoint\",\"urlTemplate\":\"http:\/\/confiotes.com\/?s={search_term_string}\"},\"query-input\":\"required name=search_term_string\"}],\"inLanguage\":\"fr-FR\"},{\"@type\":\"ImageObject\",\"@id\":\"https:\/\/confiotes.com\/index.php\/oeufs-au-lait\/#primaryimage\",\"inLanguage\":\"fr-FR\",\"url\":\"https:\/\/confiotes.com\/wp-content\/uploads\/2019\/10\/IMG_3981.jpg\",\"contentUrl\":\"https:\/\/confiotes.com\/wp-content\/uploads\/2019\/10\/IMG_3981.jpg\",\"width\":3000,\"height\":3000,\"caption\":\"oeufs au lait cr\\u00e8me caramel\"},{\"@type\":\"WebPage\",\"@id\":\"https:\/\/confiotes.com\/index.php\/oeufs-au-lait\/#webpage\",\"url\":\"https:\/\/confiotes.com\/index.php\/oeufs-au-lait\/\",\"name\":\"Oeufs au lait &ndash; Confiotes\",\"isPartOf\":{\"@id\":\"http:\/\/confiotes.com\/#website\"},\"primaryImageOfPage\":{\"@id\":\"https:\/\/confiotes.com\/index.php\/oeufs-au-lait\/#primaryimage\"},\"datePublished\":\"2018-11-22T21:50:12+00:00\",\"dateModified\":\"2021-08-26T11:29:10+00:00\",\"breadcrumb\":{\"@id\":\"https:\/\/confiotes.com\/index.php\/oeufs-au-lait\/#breadcrumb\"},\"inLanguage\":\"fr-FR\",\"potentialAction\":[{\"@type\":\"ReadAction\",\"target\":[\"https:\/\/confiotes.com\/index.php\/oeufs-au-lait\/\"]}]},{\"@type\":\"BreadcrumbList\",\"@id\":\"https:\/\/confiotes.com\/index.php\/oeufs-au-lait\/#breadcrumb\",\"itemListElement\":[{\"@type\":\"ListItem\",\"position\":1,\"name\":\"Accueil\",\"item\":\"http:\/\/confiotes.com\/\"},{\"@type\":\"ListItem\",\"position\":2,\"name\":\"Oeufs au lait\"}]}]}<\/script>\n<!-- \/ Yoast SEO plugin. -->","yoast_head_json":{"title":"Oeufs au lait &ndash; Confiotes","robots":{"index":"index","follow":"follow","max-snippet":"max-snippet:-1","max-image-preview":"max-image-preview:large","max-video-preview":"max-video-preview:-1"},"canonical":"https:\/\/confiotes.com\/index.php\/oeufs-au-lait\/","og_locale":"fr_FR","og_type":"article","og_title":"Oeufs au lait &ndash; Confiotes","og_description":"Les oeufs au lait, une vraie madeleine de Proust de mon enfance, cette odeur de vanille qui embaume tout le couloir et hop au galop au galop il faut que j&#8217;arrive \u00e0 la cuisine avant mes fr\u00e8res pour me faire la part du Roi!! Enfin de la Reine&#8230; et puis au final ils n&#8217;avaient m\u00eame pas le temps d&#8217;arriver que ma m\u00e8re et moi avions d\u00e9j\u00e0 tout siphonn\u00e9! POUR UN MOULE \u00c0 CHARLOTTE DE 16CM 1L de lait entier 2 gousses de vanille 120g de...Lire la suite de \"Oeufs au lait\" &rarr;","og_url":"https:\/\/confiotes.com\/index.php\/oeufs-au-lait\/","og_site_name":"Confiotes","article_modified_time":"2021-08-26T11:29:10+00:00","og_image":[{"width":1024,"height":1024,"path":"2019\/10\/IMG_3981-1024x1024.jpg","url":"http:\/\/confiotes.com\/wp-content\/uploads\/2019\/10\/IMG_3981-1024x1024.jpg","size":"large","id":1046,"alt":"oeufs au lait cr\u00e8me caramel","pixels":1048576,"type":"image\/jpeg"}],"twitter_card":"summary_large_image","twitter_misc":{"Dur\u00e9e de lecture est.":"4 minutes"},"schema":{"@context":"https:\/\/schema.org","@graph":[{"@type":["Person","Organization"],"@id":"http:\/\/confiotes.com\/#\/schema\/person\/7314aa61a7f8034206f5db781e7d0921","name":"confiotes","image":{"@type":"ImageObject","@id":"http:\/\/confiotes.com\/#personlogo","inLanguage":"fr-FR","url":"https:\/\/secure.gravatar.com\/avatar\/ba1906d35504a1ae9c6b70a24b38e06d?s=96&d=blank&r=g","contentUrl":"https:\/\/secure.gravatar.com\/avatar\/ba1906d35504a1ae9c6b70a24b38e06d?s=96&d=blank&r=g","caption":"confiotes"},"logo":{"@id":"http:\/\/confiotes.com\/#personlogo"}},{"@type":"WebSite","@id":"http:\/\/confiotes.com\/#website","url":"http:\/\/confiotes.com\/","name":"Confiotes","description":"&quot;Les optimistes et les gourmands vivent plus longtemps&quot; - Jean Anthelme Brillat-Savarin","publisher":{"@id":"http:\/\/confiotes.com\/#\/schema\/person\/7314aa61a7f8034206f5db781e7d0921"},"potentialAction":[{"@type":"SearchAction","target":{"@type":"EntryPoint","urlTemplate":"http:\/\/confiotes.com\/?s={search_term_string}"},"query-input":"required name=search_term_string"}],"inLanguage":"fr-FR"},{"@type":"ImageObject","@id":"https:\/\/confiotes.com\/index.php\/oeufs-au-lait\/#primaryimage","inLanguage":"fr-FR","url":"https:\/\/confiotes.com\/wp-content\/uploads\/2019\/10\/IMG_3981.jpg","contentUrl":"https:\/\/confiotes.com\/wp-content\/uploads\/2019\/10\/IMG_3981.jpg","width":3000,"height":3000,"caption":"oeufs au lait cr\u00e8me caramel"},{"@type":"WebPage","@id":"https:\/\/confiotes.com\/index.php\/oeufs-au-lait\/#webpage","url":"https:\/\/confiotes.com\/index.php\/oeufs-au-lait\/","name":"Oeufs au lait &ndash; Confiotes","isPartOf":{"@id":"http:\/\/confiotes.com\/#website"},"primaryImageOfPage":{"@id":"https:\/\/confiotes.com\/index.php\/oeufs-au-lait\/#primaryimage"},"datePublished":"2018-11-22T21:50:12+00:00","dateModified":"2021-08-26T11:29:10+00:00","breadcrumb":{"@id":"https:\/\/confiotes.com\/index.php\/oeufs-au-lait\/#breadcrumb"},"inLanguage":"fr-FR","potentialAction":[{"@type":"ReadAction","target":["https:\/\/confiotes.com\/index.php\/oeufs-au-lait\/"]}]},{"@type":"BreadcrumbList","@id":"https:\/\/confiotes.com\/index.php\/oeufs-au-lait\/#breadcrumb","itemListElement":[{"@type":"ListItem","position":1,"name":"Accueil","item":"http:\/\/confiotes.com\/"},{"@type":"ListItem","position":2,"name":"Oeufs au lait"}]}]}},"_links":{"self":[{"href":"https:\/\/confiotes.com\/index.php\/wp-json\/wp\/v2\/pages\/137"}],"collection":[{"href":"https:\/\/confiotes.com\/index.php\/wp-json\/wp\/v2\/pages"}],"about":[{"href":"https:\/\/confiotes.com\/index.php\/wp-json\/wp\/v2\/types\/page"}],"author":[{"embeddable":true,"href":"https:\/\/confiotes.com\/index.php\/wp-json\/wp\/v2\/users\/1"}],"replies":[{"embeddable":true,"href":"https:\/\/confiotes.com\/index.php\/wp-json\/wp\/v2\/comments?post=137"}],"version-history":[{"count":20,"href":"https:\/\/confiotes.com\/index.php\/wp-json\/wp\/v2\/pages\/137\/revisions"}],"predecessor-version":[{"id":4152,"href":"https:\/\/confiotes.com\/index.php\/wp-json\/wp\/v2\/pages\/137\/revisions\/4152"}],"wp:featuredmedia":[{"embeddable":true,"href":"https:\/\/confiotes.com\/index.php\/wp-json\/wp\/v2\/media\/1046"}],"wp:attachment":[{"href":"https:\/\/confiotes.com\/index.php\/wp-json\/wp\/v2\/media?parent=137"}],"curies":[{"name":"wp","href":"https:\/\/api.w.org\/{rel}","templated":true}]}}